{"id":1397,"date":"2021-06-11T08:40:02","date_gmt":"2021-06-11T08:40:02","guid":{"rendered":"http:\/\/www.bonger.de\/?page_id=1397"},"modified":"2022-01-25T13:03:32","modified_gmt":"2022-01-25T13:03:32","slug":"die-kunst-der-fuegung","status":"publish","type":"page","link":"https:\/\/bonger.de\/en\/events\/workshops\/die-kunst-der-fuegung","title":{"rendered":"THE ART OF ORDINANCE (DIE KUNST DER F\u00dcGUNG)"},"content":{"rendered":"<h2 class=\"wp-block-heading\"><strong>Workshop and training<\/strong><\/h2>\n\n\n\n<p>Am Beispiel internationaler Inspirationen der Intuition, konkret der Kunstprojekte <a href=\"https:\/\/bonger.de\/en\/kunst-im-stadtraum\/platz-der-ideen\/\">THE ORACLE OF BERLIN<\/a>, <a href=\"https:\/\/bonger.de\/en\/das-orakel-von-ma%cc%88gdesprung\/\">THE ORACLE OF M\u00c4GDESPRUNG<\/a> and the staging <a href=\"https:\/\/bonger.de\/en\/inszenierungen\/tanztheater\/orakel\/\">THE ORACEL<\/a> -TANZ DER F\u00dcGUNG werden Gesetzm\u00e4\u00dfigkeiten von Intuition, philosophisches und psychologisches Wissen vermittelt. <\/p>\n\n\n\n<p>Internationale Gastdozenten leiten die Kurse der SCHULE DER INTUITION &#8211; KUNST DER F\u00dcGUNG. Ein Abschluss dieser Trainings ist Voraussetzung, Guide des ORAKEL VON M\u00c4GDESPRUNG zu werden. <\/p>\n\n\n\n<p>Einf\u00fchrend wird ein Vortrag angeboten <a data-type=\"page\" data-id=\"709\" href=\"https:\/\/bonger.de\/en\/events\/vortraege\/\">(DIE KUNST DER F\u00dcGUNG &#8211; Vortrag)<\/a>. <\/p>","protected":false},"excerpt":{"rendered":"<p>Workshop und Ausbildung Am Beispiel internationaler Inspirationen der Intuition, konkret der Kunstprojekte DAS ORAKEL VON BERLIN, DAS ORAKEL VON M\u00c4GDESPRUNG und der Inszenierung DAS ORAKEL -TANZ DER F\u00dcGUNG werden Gesetzm\u00e4\u00dfigkeiten von Intuition, philosophisches und psychologisches Wissen vermittelt. Internationale Gastdozenten leiten die Kurse der SCHULE DER INTUITION &#8211; KUNST DER F\u00dcGUNG. Ein Abschluss dieser Trainings ist [&hellip;]<\/p>\n","protected":false},"author":1,"featured_media":1270,"parent":28,"menu_order":2,"comment_status":"closed","ping_status":"closed","template":"topmenu-page.php","meta":{"_acf_changed":false,"pgc_sgb_lightbox_settings":"","footnotes":""},"class_list":["post-1397","page","type-page","status-publish","has-post-thumbnail","czr-hentry"],"acf":[],"yoast_head":"<!-- This site is optimized with the Yoast SEO plugin v27.3 - https:\/\/yoast.com\/product\/yoast-seo-wordpress\/ -->\n<title>DIE KUNST DER F\u00dcGUNG -<\/title>\n<meta name=\"robots\" content=\"index, follow, max-snippet:-1, max-image-preview:large, max-video-preview:-1\" \/>\n<link rel=\"canonical\" href=\"https:\/\/bonger.de\/en\/events\/workshops\/die-kunst-der-fuegung\" \/>\n<meta property=\"og:locale\" content=\"en_GB\" \/>\n<meta property=\"og:type\" content=\"article\" \/>\n<meta property=\"og:title\" content=\"DIE KUNST DER F\u00dcGUNG -\" \/>\n<meta property=\"og:description\" content=\"Workshop und Ausbildung Am Beispiel internationaler Inspirationen der Intuition, konkret der Kunstprojekte DAS ORAKEL VON BERLIN, DAS ORAKEL VON M\u00c4GDESPRUNG und der Inszenierung DAS ORAKEL -TANZ DER F\u00dcGUNG werden Gesetzm\u00e4\u00dfigkeiten von Intuition, philosophisches und psychologisches Wissen vermittelt. Internationale Gastdozenten leiten die Kurse der SCHULE DER INTUITION &#8211; KUNST DER F\u00dcGUNG. Ein Abschluss dieser Trainings ist [&hellip;]\" \/>\n<meta property=\"og:url\" content=\"https:\/\/bonger.de\/en\/events\/workshops\/die-kunst-der-fuegung\" \/>\n<meta property=\"article:modified_time\" content=\"2022-01-25T13:03:32+00:00\" \/>\n<meta property=\"og:image\" content=\"https:\/\/bonger.de\/wp-content\/uploads\/2021\/06\/DSC00343.jpg\" \/>\n\t<meta property=\"og:image:width\" content=\"1365\" \/>\n\t<meta property=\"og:image:height\" content=\"2048\" \/>\n\t<meta property=\"og:image:type\" content=\"image\/jpeg\" \/>\n<meta name=\"twitter:card\" content=\"summary_large_image\" \/>\n<meta name=\"twitter:label1\" content=\"Estimated reading time\" \/>\n\t<meta name=\"twitter:data1\" content=\"1 minute\" \/>\n<script type=\"application\/ld+json\" class=\"yoast-schema-graph\">{\"@context\":\"https:\\\/\\\/schema.org\",\"@graph\":[{\"@type\":\"WebPage\",\"@id\":\"https:\\\/\\\/bonger.de\\\/en\\\/events\\\/workshops\\\/die-kunst-der-fuegung\",\"url\":\"https:\\\/\\\/bonger.de\\\/en\\\/events\\\/workshops\\\/die-kunst-der-fuegung\",\"name\":\"DIE KUNST DER F\u00dcGUNG -\",\"isPartOf\":{\"@id\":\"https:\\\/\\\/bonger.de\\\/#website\"},\"primaryImageOfPage\":{\"@id\":\"https:\\\/\\\/bonger.de\\\/en\\\/events\\\/workshops\\\/die-kunst-der-fuegung#primaryimage\"},\"image\":{\"@id\":\"https:\\\/\\\/bonger.de\\\/en\\\/events\\\/workshops\\\/die-kunst-der-fuegung#primaryimage\"},\"thumbnailUrl\":\"https:\\\/\\\/bonger.de\\\/wp-content\\\/uploads\\\/2021\\\/06\\\/DSC00343.jpg\",\"datePublished\":\"2021-06-11T08:40:02+00:00\",\"dateModified\":\"2022-01-25T13:03:32+00:00\",\"breadcrumb\":{\"@id\":\"https:\\\/\\\/bonger.de\\\/en\\\/events\\\/workshops\\\/die-kunst-der-fuegung#breadcrumb\"},\"inLanguage\":\"en-GB\",\"potentialAction\":[{\"@type\":\"ReadAction\",\"target\":[\"https:\\\/\\\/bonger.de\\\/en\\\/events\\\/workshops\\\/die-kunst-der-fuegung\"]}]},{\"@type\":\"ImageObject\",\"inLanguage\":\"en-GB\",\"@id\":\"https:\\\/\\\/bonger.de\\\/en\\\/events\\\/workshops\\\/die-kunst-der-fuegung#primaryimage\",\"url\":\"https:\\\/\\\/bonger.de\\\/wp-content\\\/uploads\\\/2021\\\/06\\\/DSC00343.jpg\",\"contentUrl\":\"https:\\\/\\\/bonger.de\\\/wp-content\\\/uploads\\\/2021\\\/06\\\/DSC00343.jpg\",\"width\":1365,\"height\":2048},{\"@type\":\"BreadcrumbList\",\"@id\":\"https:\\\/\\\/bonger.de\\\/en\\\/events\\\/workshops\\\/die-kunst-der-fuegung#breadcrumb\",\"itemListElement\":[{\"@type\":\"ListItem\",\"position\":1,\"name\":\"Startseite\",\"item\":\"https:\\\/\\\/bonger.de\\\/\"},{\"@type\":\"ListItem\",\"position\":2,\"name\":\"Events\",\"item\":\"https:\\\/\\\/bonger.de\\\/events\"},{\"@type\":\"ListItem\",\"position\":3,\"name\":\"Workshops\",\"item\":\"https:\\\/\\\/bonger.de\\\/events\\\/workshops\"},{\"@type\":\"ListItem\",\"position\":4,\"name\":\"DIE KUNST DER F\u00dcGUNG\"}]},{\"@type\":\"WebSite\",\"@id\":\"https:\\\/\\\/bonger.de\\\/#website\",\"url\":\"https:\\\/\\\/bonger.de\\\/\",\"name\":\"\",\"description\":\"\",\"potentialAction\":[{\"@type\":\"SearchAction\",\"target\":{\"@type\":\"EntryPoint\",\"urlTemplate\":\"https:\\\/\\\/bonger.de\\\/?s={search_term_string}\"},\"query-input\":{\"@type\":\"PropertyValueSpecification\",\"valueRequired\":true,\"valueName\":\"search_term_string\"}}],\"inLanguage\":\"en-GB\"}]}<\/script>\n<!-- \/ Yoast SEO plugin. -->","yoast_head_json":{"title":"DIE KUNST DER F\u00dcGUNG -","robots":{"index":"index","follow":"follow","max-snippet":"max-snippet:-1","max-image-preview":"max-image-preview:large","max-video-preview":"max-video-preview:-1"},"canonical":"https:\/\/bonger.de\/en\/events\/workshops\/die-kunst-der-fuegung","og_locale":"en_GB","og_type":"article","og_title":"DIE KUNST DER F\u00dcGUNG -","og_description":"Workshop und Ausbildung Am Beispiel internationaler Inspirationen der Intuition, konkret der Kunstprojekte DAS ORAKEL VON BERLIN, DAS ORAKEL VON M\u00c4GDESPRUNG und der Inszenierung DAS ORAKEL -TANZ DER F\u00dcGUNG werden Gesetzm\u00e4\u00dfigkeiten von Intuition, philosophisches und psychologisches Wissen vermittelt. Internationale Gastdozenten leiten die Kurse der SCHULE DER INTUITION &#8211; KUNST DER F\u00dcGUNG. Ein Abschluss dieser Trainings ist [&hellip;]","og_url":"https:\/\/bonger.de\/en\/events\/workshops\/die-kunst-der-fuegung","article_modified_time":"2022-01-25T13:03:32+00:00","og_image":[{"width":1365,"height":2048,"url":"https:\/\/bonger.de\/wp-content\/uploads\/2021\/06\/DSC00343.jpg","type":"image\/jpeg"}],"twitter_card":"summary_large_image","twitter_misc":{"Estimated reading time":"1 minute"},"schema":{"@context":"https:\/\/schema.org","@graph":[{"@type":"WebPage","@id":"https:\/\/bonger.de\/en\/events\/workshops\/die-kunst-der-fuegung","url":"https:\/\/bonger.de\/en\/events\/workshops\/die-kunst-der-fuegung","name":"DIE KUNST DER F\u00dcGUNG -","isPartOf":{"@id":"https:\/\/bonger.de\/#website"},"primaryImageOfPage":{"@id":"https:\/\/bonger.de\/en\/events\/workshops\/die-kunst-der-fuegung#primaryimage"},"image":{"@id":"https:\/\/bonger.de\/en\/events\/workshops\/die-kunst-der-fuegung#primaryimage"},"thumbnailUrl":"https:\/\/bonger.de\/wp-content\/uploads\/2021\/06\/DSC00343.jpg","datePublished":"2021-06-11T08:40:02+00:00","dateModified":"2022-01-25T13:03:32+00:00","breadcrumb":{"@id":"https:\/\/bonger.de\/en\/events\/workshops\/die-kunst-der-fuegung#breadcrumb"},"inLanguage":"en-GB","potentialAction":[{"@type":"ReadAction","target":["https:\/\/bonger.de\/en\/events\/workshops\/die-kunst-der-fuegung"]}]},{"@type":"ImageObject","inLanguage":"en-GB","@id":"https:\/\/bonger.de\/en\/events\/workshops\/die-kunst-der-fuegung#primaryimage","url":"https:\/\/bonger.de\/wp-content\/uploads\/2021\/06\/DSC00343.jpg","contentUrl":"https:\/\/bonger.de\/wp-content\/uploads\/2021\/06\/DSC00343.jpg","width":1365,"height":2048},{"@type":"BreadcrumbList","@id":"https:\/\/bonger.de\/en\/events\/workshops\/die-kunst-der-fuegung#breadcrumb","itemListElement":[{"@type":"ListItem","position":1,"name":"Startseite","item":"https:\/\/bonger.de\/"},{"@type":"ListItem","position":2,"name":"Events","item":"https:\/\/bonger.de\/events"},{"@type":"ListItem","position":3,"name":"Workshops","item":"https:\/\/bonger.de\/events\/workshops"},{"@type":"ListItem","position":4,"name":"DIE KUNST DER F\u00dcGUNG"}]},{"@type":"WebSite","@id":"https:\/\/bonger.de\/#website","url":"https:\/\/bonger.de\/","name":"","description":"","potentialAction":[{"@type":"SearchAction","target":{"@type":"EntryPoint","urlTemplate":"https:\/\/bonger.de\/?s={search_term_string}"},"query-input":{"@type":"PropertyValueSpecification","valueRequired":true,"valueName":"search_term_string"}}],"inLanguage":"en-GB"}]}},"rttpg_featured_image_url":{"full":["https:\/\/bonger.de\/wp-content\/uploads\/2021\/06\/DSC00343.jpg",1365,2048,false],"landscape":["https:\/\/bonger.de\/wp-content\/uploads\/2021\/06\/DSC00343.jpg",1365,2048,false],"portraits":["https:\/\/bonger.de\/wp-content\/uploads\/2021\/06\/DSC00343.jpg",1365,2048,false],"thumbnail":["https:\/\/bonger.de\/wp-content\/uploads\/2021\/06\/DSC00343-150x150.jpg",150,150,true],"medium":["https:\/\/bonger.de\/wp-content\/uploads\/2021\/06\/DSC00343-200x300.jpg",200,300,true],"large":["https:\/\/bonger.de\/wp-content\/uploads\/2021\/06\/DSC00343-683x1024.jpg",683,1024,true],"1536x1536":["https:\/\/bonger.de\/wp-content\/uploads\/2021\/06\/DSC00343-1024x1536.jpg",1024,1536,true],"2048x2048":["https:\/\/bonger.de\/wp-content\/uploads\/2021\/06\/DSC00343.jpg",1365,2048,false],"trp-custom-language-flag":["https:\/\/bonger.de\/wp-content\/uploads\/2021\/06\/DSC00343-8x12.jpg",8,12,true],"tc-grid-full":["https:\/\/bonger.de\/wp-content\/uploads\/2021\/06\/DSC00343-1110x444.jpg",1110,444,true],"tc-grid":["https:\/\/bonger.de\/wp-content\/uploads\/2021\/06\/DSC00343-570x350.jpg",570,350,true],"tc-thumb":["https:\/\/bonger.de\/wp-content\/uploads\/2021\/06\/DSC00343-270x250.jpg",270,250,true],"slider-full":["https:\/\/bonger.de\/wp-content\/uploads\/2021\/06\/DSC00343-1365x500.jpg",1365,500,true],"slider":["https:\/\/bonger.de\/wp-content\/uploads\/2021\/06\/DSC00343-1110x500.jpg",1110,500,true],"tc-sq-thumb":["https:\/\/bonger.de\/wp-content\/uploads\/2021\/06\/DSC00343-510x510.jpg",510,510,true],"tc-ws-thumb":["https:\/\/bonger.de\/wp-content\/uploads\/2021\/06\/DSC00343-1110x624.jpg",1110,624,true],"tc-ws-small-thumb":["https:\/\/bonger.de\/wp-content\/uploads\/2021\/06\/DSC00343-528x297.jpg",528,297,true],"tc-slider-small":["https:\/\/bonger.de\/wp-content\/uploads\/2021\/06\/DSC00343-517x235.jpg",517,235,true]},"rttpg_author":{"display_name":"daniel","author_link":"https:\/\/bonger.de\/en\/author\/daniel"},"rttpg_comment":0,"rttpg_category":null,"rttpg_excerpt":"Workshop und Ausbildung Am Beispiel internationaler Inspirationen der Intuition, konkret der Kunstprojekte DAS ORAKEL VON BERLIN, DAS ORAKEL VON M\u00c4GDESPRUNG und der Inszenierung DAS ORAKEL -TANZ DER F\u00dcGUNG werden Gesetzm\u00e4\u00dfigkeiten von Intuition, philosophisches und psychologisches Wissen vermittelt. Internationale Gastdozenten leiten die Kurse der SCHULE DER INTUITION &#8211; KUNST DER F\u00dcGUNG. Ein Abschluss dieser Trainings ist&hellip;","_links":{"self":[{"href":"https:\/\/bonger.de\/en\/wp-json\/wp\/v2\/pages\/1397","targetHints":{"allow":["GET"]}}],"collection":[{"href":"https:\/\/bonger.de\/en\/wp-json\/wp\/v2\/pages"}],"about":[{"href":"https:\/\/bonger.de\/en\/wp-json\/wp\/v2\/types\/page"}],"author":[{"embeddable":true,"href":"https:\/\/bonger.de\/en\/wp-json\/wp\/v2\/users\/1"}],"replies":[{"embeddable":true,"href":"https:\/\/bonger.de\/en\/wp-json\/wp\/v2\/comments?post=1397"}],"version-history":[{"count":8,"href":"https:\/\/bonger.de\/en\/wp-json\/wp\/v2\/pages\/1397\/revisions"}],"predecessor-version":[{"id":2101,"href":"https:\/\/bonger.de\/en\/wp-json\/wp\/v2\/pages\/1397\/revisions\/2101"}],"up":[{"embeddable":true,"href":"https:\/\/bonger.de\/en\/wp-json\/wp\/v2\/pages\/28"}],"wp:featuredmedia":[{"embeddable":true,"href":"https:\/\/bonger.de\/en\/wp-json\/wp\/v2\/media\/1270"}],"wp:attachment":[{"href":"https:\/\/bonger.de\/en\/wp-json\/wp\/v2\/media?parent=1397"}],"curies":[{"name":"wp","href":"https:\/\/api.w.org\/{rel}","templated":true}]}}