{"id":198,"date":"2021-05-05T08:01:49","date_gmt":"2021-05-05T08:01:49","guid":{"rendered":"http:\/\/www.bonger.de\/?page_id=198"},"modified":"2021-10-08T09:09:56","modified_gmt":"2021-10-08T09:09:56","slug":"wolkenkratzer","status":"publish","type":"page","link":"https:\/\/bonger.de\/en\/events\/clubs\/wolkenkratzer","title":{"rendered":"Skyscraper (Wolkenkratzer)"},"content":{"rendered":"<h2 class=\"wp-block-heading\">Daytime restaurants with nightclub <\/h2>\n\n\n\n<p>In 1989, Voges opened in the sky above Munich on the 11th and 12th floors of the former Hertie skyscraper on M\u00fcnchener Freiheit.<\/p>\n\n\n\n<p>The concept combined the idea of a daytime restaurant with a nightclub overlooking Munich. On special days, the ceiling of the club, which was already famous in the 70s, opened above the dance floor and under the starry Munich sky, people danced until the early hours of the morning.<\/p>\n\n\n\n<p>The skyscraper established itself as a club with a live stage for jazz musicians.<\/p>","protected":false},"excerpt":{"rendered":"<p>Tagesrestaurants mit Nachtclub 1989 er\u00f6ffnete Voges im Himmel \u00fcber M\u00fcnchen in der 11 und 12 Etage des ehemaligen Hertiehochhauses an der M\u00fcnchener Freiheit der Wolkenkratzer. Das Konzept verband die Idee eines Tagesrestaurants mit einem Nachtclub mit Blick \u00fcber M\u00fcnchen. An besonderen Tagen \u00f6ffnete sich die Decke des bereits in den 70ern bekannten Clubs \u00fcber der [&hellip;]<\/p>\n","protected":false},"author":1,"featured_media":0,"parent":26,"menu_order":0,"comment_status":"closed","ping_status":"closed","template":"topmenu-page.php","meta":{"_acf_changed":false,"pgc_sgb_lightbox_settings":"","footnotes":""},"class_list":["post-198","page","type-page","status-publish","czr-hentry"],"acf":[],"yoast_head":"<!-- This site is optimized with the Yoast SEO plugin v27.3 - https:\/\/yoast.com\/product\/yoast-seo-wordpress\/ -->\n<title>Wolkenkratzer -<\/title>\n<meta name=\"robots\" content=\"index, follow, max-snippet:-1, max-image-preview:large, max-video-preview:-1\" \/>\n<link rel=\"canonical\" href=\"https:\/\/bonger.de\/en\/events\/clubs\/wolkenkratzer\" \/>\n<meta property=\"og:locale\" content=\"en_GB\" \/>\n<meta property=\"og:type\" content=\"article\" \/>\n<meta property=\"og:title\" content=\"Wolkenkratzer -\" \/>\n<meta property=\"og:description\" content=\"Tagesrestaurants mit Nachtclub 1989 er\u00f6ffnete Voges im Himmel \u00fcber M\u00fcnchen in der 11 und 12 Etage des ehemaligen Hertiehochhauses an der M\u00fcnchener Freiheit der Wolkenkratzer. Das Konzept verband die Idee eines Tagesrestaurants mit einem Nachtclub mit Blick \u00fcber M\u00fcnchen. An besonderen Tagen \u00f6ffnete sich die Decke des bereits in den 70ern bekannten Clubs \u00fcber der [&hellip;]\" \/>\n<meta property=\"og:url\" content=\"https:\/\/bonger.de\/en\/events\/clubs\/wolkenkratzer\" \/>\n<meta property=\"article:modified_time\" content=\"2021-10-08T09:09:56+00:00\" \/>\n<meta name=\"twitter:card\" content=\"summary_large_image\" \/>\n<meta name=\"twitter:label1\" content=\"Estimated reading time\" \/>\n\t<meta name=\"twitter:data1\" content=\"1 minute\" \/>\n<script type=\"application\/ld+json\" class=\"yoast-schema-graph\">{\"@context\":\"https:\\\/\\\/schema.org\",\"@graph\":[{\"@type\":\"WebPage\",\"@id\":\"https:\\\/\\\/bonger.de\\\/en\\\/events\\\/clubs\\\/wolkenkratzer\",\"url\":\"https:\\\/\\\/bonger.de\\\/en\\\/events\\\/clubs\\\/wolkenkratzer\",\"name\":\"Wolkenkratzer -\",\"isPartOf\":{\"@id\":\"https:\\\/\\\/bonger.de\\\/#website\"},\"datePublished\":\"2021-05-05T08:01:49+00:00\",\"dateModified\":\"2021-10-08T09:09:56+00:00\",\"breadcrumb\":{\"@id\":\"https:\\\/\\\/bonger.de\\\/en\\\/events\\\/clubs\\\/wolkenkratzer#breadcrumb\"},\"inLanguage\":\"en-GB\",\"potentialAction\":[{\"@type\":\"ReadAction\",\"target\":[\"https:\\\/\\\/bonger.de\\\/en\\\/events\\\/clubs\\\/wolkenkratzer\"]}]},{\"@type\":\"BreadcrumbList\",\"@id\":\"https:\\\/\\\/bonger.de\\\/en\\\/events\\\/clubs\\\/wolkenkratzer#breadcrumb\",\"itemListElement\":[{\"@type\":\"ListItem\",\"position\":1,\"name\":\"Startseite\",\"item\":\"https:\\\/\\\/bonger.de\\\/\"},{\"@type\":\"ListItem\",\"position\":2,\"name\":\"Events\",\"item\":\"https:\\\/\\\/bonger.de\\\/events\"},{\"@type\":\"ListItem\",\"position\":3,\"name\":\"Clubs\",\"item\":\"https:\\\/\\\/bonger.de\\\/events\\\/clubs\"},{\"@type\":\"ListItem\",\"position\":4,\"name\":\"Wolkenkratzer\"}]},{\"@type\":\"WebSite\",\"@id\":\"https:\\\/\\\/bonger.de\\\/#website\",\"url\":\"https:\\\/\\\/bonger.de\\\/\",\"name\":\"\",\"description\":\"\",\"potentialAction\":[{\"@type\":\"SearchAction\",\"target\":{\"@type\":\"EntryPoint\",\"urlTemplate\":\"https:\\\/\\\/bonger.de\\\/?s={search_term_string}\"},\"query-input\":{\"@type\":\"PropertyValueSpecification\",\"valueRequired\":true,\"valueName\":\"search_term_string\"}}],\"inLanguage\":\"en-GB\"}]}<\/script>\n<!-- \/ Yoast SEO plugin. -->","yoast_head_json":{"title":"Wolkenkratzer -","robots":{"index":"index","follow":"follow","max-snippet":"max-snippet:-1","max-image-preview":"max-image-preview:large","max-video-preview":"max-video-preview:-1"},"canonical":"https:\/\/bonger.de\/en\/events\/clubs\/wolkenkratzer","og_locale":"en_GB","og_type":"article","og_title":"Wolkenkratzer -","og_description":"Tagesrestaurants mit Nachtclub 1989 er\u00f6ffnete Voges im Himmel \u00fcber M\u00fcnchen in der 11 und 12 Etage des ehemaligen Hertiehochhauses an der M\u00fcnchener Freiheit der Wolkenkratzer. Das Konzept verband die Idee eines Tagesrestaurants mit einem Nachtclub mit Blick \u00fcber M\u00fcnchen. An besonderen Tagen \u00f6ffnete sich die Decke des bereits in den 70ern bekannten Clubs \u00fcber der [&hellip;]","og_url":"https:\/\/bonger.de\/en\/events\/clubs\/wolkenkratzer","article_modified_time":"2021-10-08T09:09:56+00:00","twitter_card":"summary_large_image","twitter_misc":{"Estimated reading time":"1 minute"},"schema":{"@context":"https:\/\/schema.org","@graph":[{"@type":"WebPage","@id":"https:\/\/bonger.de\/en\/events\/clubs\/wolkenkratzer","url":"https:\/\/bonger.de\/en\/events\/clubs\/wolkenkratzer","name":"Wolkenkratzer -","isPartOf":{"@id":"https:\/\/bonger.de\/#website"},"datePublished":"2021-05-05T08:01:49+00:00","dateModified":"2021-10-08T09:09:56+00:00","breadcrumb":{"@id":"https:\/\/bonger.de\/en\/events\/clubs\/wolkenkratzer#breadcrumb"},"inLanguage":"en-GB","potentialAction":[{"@type":"ReadAction","target":["https:\/\/bonger.de\/en\/events\/clubs\/wolkenkratzer"]}]},{"@type":"BreadcrumbList","@id":"https:\/\/bonger.de\/en\/events\/clubs\/wolkenkratzer#breadcrumb","itemListElement":[{"@type":"ListItem","position":1,"name":"Startseite","item":"https:\/\/bonger.de\/"},{"@type":"ListItem","position":2,"name":"Events","item":"https:\/\/bonger.de\/events"},{"@type":"ListItem","position":3,"name":"Clubs","item":"https:\/\/bonger.de\/events\/clubs"},{"@type":"ListItem","position":4,"name":"Wolkenkratzer"}]},{"@type":"WebSite","@id":"https:\/\/bonger.de\/#website","url":"https:\/\/bonger.de\/","name":"","description":"","potentialAction":[{"@type":"SearchAction","target":{"@type":"EntryPoint","urlTemplate":"https:\/\/bonger.de\/?s={search_term_string}"},"query-input":{"@type":"PropertyValueSpecification","valueRequired":true,"valueName":"search_term_string"}}],"inLanguage":"en-GB"}]}},"rttpg_featured_image_url":null,"rttpg_author":{"display_name":"daniel","author_link":"https:\/\/bonger.de\/en\/author\/daniel"},"rttpg_comment":0,"rttpg_category":null,"rttpg_excerpt":"Tagesrestaurants mit Nachtclub 1989 er\u00f6ffnete Voges im Himmel \u00fcber M\u00fcnchen in der 11 und 12 Etage des ehemaligen Hertiehochhauses an der M\u00fcnchener Freiheit der Wolkenkratzer. Das Konzept verband die Idee eines Tagesrestaurants mit einem Nachtclub mit Blick \u00fcber M\u00fcnchen. An besonderen Tagen \u00f6ffnete sich die Decke des bereits in den 70ern bekannten Clubs \u00fcber der&hellip;","_links":{"self":[{"href":"https:\/\/bonger.de\/en\/wp-json\/wp\/v2\/pages\/198","targetHints":{"allow":["GET"]}}],"collection":[{"href":"https:\/\/bonger.de\/en\/wp-json\/wp\/v2\/pages"}],"about":[{"href":"https:\/\/bonger.de\/en\/wp-json\/wp\/v2\/types\/page"}],"author":[{"embeddable":true,"href":"https:\/\/bonger.de\/en\/wp-json\/wp\/v2\/users\/1"}],"replies":[{"embeddable":true,"href":"https:\/\/bonger.de\/en\/wp-json\/wp\/v2\/comments?post=198"}],"version-history":[{"count":4,"href":"https:\/\/bonger.de\/en\/wp-json\/wp\/v2\/pages\/198\/revisions"}],"predecessor-version":[{"id":1957,"href":"https:\/\/bonger.de\/en\/wp-json\/wp\/v2\/pages\/198\/revisions\/1957"}],"up":[{"embeddable":true,"href":"https:\/\/bonger.de\/en\/wp-json\/wp\/v2\/pages\/26"}],"wp:attachment":[{"href":"https:\/\/bonger.de\/en\/wp-json\/wp\/v2\/media?parent=198"}],"curies":[{"name":"wp","href":"https:\/\/api.w.org\/{rel}","templated":true}]}}