{"id":200,"date":"2021-05-05T08:02:07","date_gmt":"2021-05-05T08:02:07","guid":{"rendered":"http:\/\/www.bonger.de\/?page_id=200"},"modified":"2021-10-08T09:03:32","modified_gmt":"2021-10-08T09:03:32","slug":"tanzwelt-studios","status":"publish","type":"page","link":"https:\/\/bonger.de\/en\/events\/clubs\/tanzwelt-studios","title":{"rendered":"Tanzwelt Studios"},"content":{"rendered":"<h2 class=\"wp-block-heading\">Teach learned<\/h2>\n\n\n\n<figure class=\"wp-block-image alignfull size-large\"><img loading=\"lazy\" decoding=\"async\" width=\"600\" height=\"140\" src=\"https:\/\/bonger.de\/wp-content\/uploads\/2021\/05\/disko_tanzwelt_2.gif\" alt=\"\" class=\"wp-image-245\"\/><\/figure>\n\n\n\n<div class=\"wp-block-image\"><figure class=\"alignleft size-large\"><img loading=\"lazy\" decoding=\"async\" width=\"265\" height=\"265\" src=\"https:\/\/bonger.de\/wp-content\/uploads\/2021\/10\/disko_tanzwelt-edited.gif\" alt=\"\" class=\"wp-image-1945\"\/><\/figure><\/div>\n\n\n\n<h3 class=\"wp-block-heading\">Tanzwelt Studios <\/h3>\n\n\n\n<p>After the projects with \"Die Macht der Nacht\" in Munich, Voges opened the Tanzwelt Studios in a workshop backyard at Rosenheimer Platz in Munich in 1990.<\/p>\n\n\n\n<p>The idea here was to combine creative work with teaching. <\/p>\n\n\n\n<p>Many members of the \"Tanztheater Neger\" taught in the Tanzwelt Studios.<\/p>\n\n\n\n<p>Soon this location also became known for special events, exhibitions and parties.<\/p>","protected":false},"excerpt":{"rendered":"<p>Gelerntes lehren Tanzwelt Studios Nach den Projekten mit &#8222;Die Macht der Nacht&#8220; in M\u00fcnchen er\u00f6ffnete Voges 1990 die Tanzwelt Studios in einem Werkst\u00e4ttenhinterhof am Rosenheimer Platz in M\u00fcnchen. Hier stand die Idee, das kreative Arbeiten mit dem Unterrichten zu verbinden im Vordergrund. Viele Mitglieder des &#8222;Tanztheater Neger&#8220; unterrichteten in den Tanzwelt Studios. Bald wurde auch [&hellip;]<\/p>\n","protected":false},"author":1,"featured_media":0,"parent":26,"menu_order":0,"comment_status":"closed","ping_status":"closed","template":"topmenu-page.php","meta":{"_acf_changed":false,"pgc_sgb_lightbox_settings":"","footnotes":""},"class_list":["post-200","page","type-page","status-publish","czr-hentry"],"acf":[],"yoast_head":"<!-- This site is optimized with the Yoast SEO plugin v27.3 - https:\/\/yoast.com\/product\/yoast-seo-wordpress\/ -->\n<title>Tanzwelt Studios -<\/title>\n<meta name=\"robots\" content=\"index, follow, max-snippet:-1, max-image-preview:large, max-video-preview:-1\" \/>\n<link rel=\"canonical\" href=\"https:\/\/bonger.de\/en\/events\/clubs\/tanzwelt-studios\" \/>\n<meta property=\"og:locale\" content=\"en_GB\" \/>\n<meta property=\"og:type\" content=\"article\" \/>\n<meta property=\"og:title\" content=\"Tanzwelt Studios -\" \/>\n<meta property=\"og:description\" content=\"Gelerntes lehren Tanzwelt Studios Nach den Projekten mit &#8222;Die Macht der Nacht&#8220; in M\u00fcnchen er\u00f6ffnete Voges 1990 die Tanzwelt Studios in einem Werkst\u00e4ttenhinterhof am Rosenheimer Platz in M\u00fcnchen. Hier stand die Idee, das kreative Arbeiten mit dem Unterrichten zu verbinden im Vordergrund. Viele Mitglieder des &#8222;Tanztheater Neger&#8220; unterrichteten in den Tanzwelt Studios. Bald wurde auch [&hellip;]\" \/>\n<meta property=\"og:url\" content=\"https:\/\/bonger.de\/en\/events\/clubs\/tanzwelt-studios\" \/>\n<meta property=\"article:modified_time\" content=\"2021-10-08T09:03:32+00:00\" \/>\n<meta property=\"og:image\" content=\"https:\/\/bonger.de\/wp-content\/uploads\/2021\/05\/disko_tanzwelt_2.gif\" \/>\n<meta name=\"twitter:card\" content=\"summary_large_image\" \/>\n<meta name=\"twitter:label1\" content=\"Estimated reading time\" \/>\n\t<meta name=\"twitter:data1\" content=\"1 minute\" \/>\n<script type=\"application\/ld+json\" class=\"yoast-schema-graph\">{\"@context\":\"https:\\\/\\\/schema.org\",\"@graph\":[{\"@type\":\"WebPage\",\"@id\":\"https:\\\/\\\/bonger.de\\\/en\\\/events\\\/clubs\\\/tanzwelt-studios\",\"url\":\"https:\\\/\\\/bonger.de\\\/en\\\/events\\\/clubs\\\/tanzwelt-studios\",\"name\":\"Tanzwelt Studios -\",\"isPartOf\":{\"@id\":\"https:\\\/\\\/bonger.de\\\/#website\"},\"primaryImageOfPage\":{\"@id\":\"https:\\\/\\\/bonger.de\\\/en\\\/events\\\/clubs\\\/tanzwelt-studios#primaryimage\"},\"image\":{\"@id\":\"https:\\\/\\\/bonger.de\\\/en\\\/events\\\/clubs\\\/tanzwelt-studios#primaryimage\"},\"thumbnailUrl\":\"https:\\\/\\\/bonger.de\\\/wp-content\\\/uploads\\\/2021\\\/05\\\/disko_tanzwelt_2.gif\",\"datePublished\":\"2021-05-05T08:02:07+00:00\",\"dateModified\":\"2021-10-08T09:03:32+00:00\",\"breadcrumb\":{\"@id\":\"https:\\\/\\\/bonger.de\\\/en\\\/events\\\/clubs\\\/tanzwelt-studios#breadcrumb\"},\"inLanguage\":\"en-GB\",\"potentialAction\":[{\"@type\":\"ReadAction\",\"target\":[\"https:\\\/\\\/bonger.de\\\/en\\\/events\\\/clubs\\\/tanzwelt-studios\"]}]},{\"@type\":\"ImageObject\",\"inLanguage\":\"en-GB\",\"@id\":\"https:\\\/\\\/bonger.de\\\/en\\\/events\\\/clubs\\\/tanzwelt-studios#primaryimage\",\"url\":\"https:\\\/\\\/bonger.de\\\/wp-content\\\/uploads\\\/2021\\\/05\\\/disko_tanzwelt_2.gif\",\"contentUrl\":\"https:\\\/\\\/bonger.de\\\/wp-content\\\/uploads\\\/2021\\\/05\\\/disko_tanzwelt_2.gif\"},{\"@type\":\"BreadcrumbList\",\"@id\":\"https:\\\/\\\/bonger.de\\\/en\\\/events\\\/clubs\\\/tanzwelt-studios#breadcrumb\",\"itemListElement\":[{\"@type\":\"ListItem\",\"position\":1,\"name\":\"Startseite\",\"item\":\"https:\\\/\\\/bonger.de\\\/\"},{\"@type\":\"ListItem\",\"position\":2,\"name\":\"Events\",\"item\":\"https:\\\/\\\/bonger.de\\\/events\"},{\"@type\":\"ListItem\",\"position\":3,\"name\":\"Clubs\",\"item\":\"https:\\\/\\\/bonger.de\\\/events\\\/clubs\"},{\"@type\":\"ListItem\",\"position\":4,\"name\":\"Tanzwelt Studios\"}]},{\"@type\":\"WebSite\",\"@id\":\"https:\\\/\\\/bonger.de\\\/#website\",\"url\":\"https:\\\/\\\/bonger.de\\\/\",\"name\":\"\",\"description\":\"\",\"potentialAction\":[{\"@type\":\"SearchAction\",\"target\":{\"@type\":\"EntryPoint\",\"urlTemplate\":\"https:\\\/\\\/bonger.de\\\/?s={search_term_string}\"},\"query-input\":{\"@type\":\"PropertyValueSpecification\",\"valueRequired\":true,\"valueName\":\"search_term_string\"}}],\"inLanguage\":\"en-GB\"}]}<\/script>\n<!-- \/ Yoast SEO plugin. -->","yoast_head_json":{"title":"Tanzwelt Studios -","robots":{"index":"index","follow":"follow","max-snippet":"max-snippet:-1","max-image-preview":"max-image-preview:large","max-video-preview":"max-video-preview:-1"},"canonical":"https:\/\/bonger.de\/en\/events\/clubs\/tanzwelt-studios","og_locale":"en_GB","og_type":"article","og_title":"Tanzwelt Studios -","og_description":"Gelerntes lehren Tanzwelt Studios Nach den Projekten mit &#8222;Die Macht der Nacht&#8220; in M\u00fcnchen er\u00f6ffnete Voges 1990 die Tanzwelt Studios in einem Werkst\u00e4ttenhinterhof am Rosenheimer Platz in M\u00fcnchen. Hier stand die Idee, das kreative Arbeiten mit dem Unterrichten zu verbinden im Vordergrund. Viele Mitglieder des &#8222;Tanztheater Neger&#8220; unterrichteten in den Tanzwelt Studios. Bald wurde auch [&hellip;]","og_url":"https:\/\/bonger.de\/en\/events\/clubs\/tanzwelt-studios","article_modified_time":"2021-10-08T09:03:32+00:00","og_image":[{"url":"https:\/\/bonger.de\/wp-content\/uploads\/2021\/05\/disko_tanzwelt_2.gif","type":"","width":"","height":""}],"twitter_card":"summary_large_image","twitter_misc":{"Estimated reading time":"1 minute"},"schema":{"@context":"https:\/\/schema.org","@graph":[{"@type":"WebPage","@id":"https:\/\/bonger.de\/en\/events\/clubs\/tanzwelt-studios","url":"https:\/\/bonger.de\/en\/events\/clubs\/tanzwelt-studios","name":"Tanzwelt Studios -","isPartOf":{"@id":"https:\/\/bonger.de\/#website"},"primaryImageOfPage":{"@id":"https:\/\/bonger.de\/en\/events\/clubs\/tanzwelt-studios#primaryimage"},"image":{"@id":"https:\/\/bonger.de\/en\/events\/clubs\/tanzwelt-studios#primaryimage"},"thumbnailUrl":"https:\/\/bonger.de\/wp-content\/uploads\/2021\/05\/disko_tanzwelt_2.gif","datePublished":"2021-05-05T08:02:07+00:00","dateModified":"2021-10-08T09:03:32+00:00","breadcrumb":{"@id":"https:\/\/bonger.de\/en\/events\/clubs\/tanzwelt-studios#breadcrumb"},"inLanguage":"en-GB","potentialAction":[{"@type":"ReadAction","target":["https:\/\/bonger.de\/en\/events\/clubs\/tanzwelt-studios"]}]},{"@type":"ImageObject","inLanguage":"en-GB","@id":"https:\/\/bonger.de\/en\/events\/clubs\/tanzwelt-studios#primaryimage","url":"https:\/\/bonger.de\/wp-content\/uploads\/2021\/05\/disko_tanzwelt_2.gif","contentUrl":"https:\/\/bonger.de\/wp-content\/uploads\/2021\/05\/disko_tanzwelt_2.gif"},{"@type":"BreadcrumbList","@id":"https:\/\/bonger.de\/en\/events\/clubs\/tanzwelt-studios#breadcrumb","itemListElement":[{"@type":"ListItem","position":1,"name":"Startseite","item":"https:\/\/bonger.de\/"},{"@type":"ListItem","position":2,"name":"Events","item":"https:\/\/bonger.de\/events"},{"@type":"ListItem","position":3,"name":"Clubs","item":"https:\/\/bonger.de\/events\/clubs"},{"@type":"ListItem","position":4,"name":"Tanzwelt Studios"}]},{"@type":"WebSite","@id":"https:\/\/bonger.de\/#website","url":"https:\/\/bonger.de\/","name":"","description":"","potentialAction":[{"@type":"SearchAction","target":{"@type":"EntryPoint","urlTemplate":"https:\/\/bonger.de\/?s={search_term_string}"},"query-input":{"@type":"PropertyValueSpecification","valueRequired":true,"valueName":"search_term_string"}}],"inLanguage":"en-GB"}]}},"rttpg_featured_image_url":null,"rttpg_author":{"display_name":"daniel","author_link":"https:\/\/bonger.de\/en\/author\/daniel"},"rttpg_comment":0,"rttpg_category":null,"rttpg_excerpt":"Gelerntes lehren Tanzwelt Studios Nach den Projekten mit &#8222;Die Macht der Nacht&#8220; in M\u00fcnchen er\u00f6ffnete Voges 1990 die Tanzwelt Studios in einem Werkst\u00e4ttenhinterhof am Rosenheimer Platz in M\u00fcnchen. Hier stand die Idee, das kreative Arbeiten mit dem Unterrichten zu verbinden im Vordergrund. Viele Mitglieder des &#8222;Tanztheater Neger&#8220; unterrichteten in den Tanzwelt Studios. Bald wurde auch&hellip;","_links":{"self":[{"href":"https:\/\/bonger.de\/en\/wp-json\/wp\/v2\/pages\/200","targetHints":{"allow":["GET"]}}],"collection":[{"href":"https:\/\/bonger.de\/en\/wp-json\/wp\/v2\/pages"}],"about":[{"href":"https:\/\/bonger.de\/en\/wp-json\/wp\/v2\/types\/page"}],"author":[{"embeddable":true,"href":"https:\/\/bonger.de\/en\/wp-json\/wp\/v2\/users\/1"}],"replies":[{"embeddable":true,"href":"https:\/\/bonger.de\/en\/wp-json\/wp\/v2\/comments?post=200"}],"version-history":[{"count":14,"href":"https:\/\/bonger.de\/en\/wp-json\/wp\/v2\/pages\/200\/revisions"}],"predecessor-version":[{"id":1948,"href":"https:\/\/bonger.de\/en\/wp-json\/wp\/v2\/pages\/200\/revisions\/1948"}],"up":[{"embeddable":true,"href":"https:\/\/bonger.de\/en\/wp-json\/wp\/v2\/pages\/26"}],"wp:attachment":[{"href":"https:\/\/bonger.de\/en\/wp-json\/wp\/v2\/media?parent=200"}],"curies":[{"name":"wp","href":"https:\/\/api.w.org\/{rel}","templated":true}]}}