{"id":247,"date":"2021-05-05T08:31:01","date_gmt":"2021-05-05T08:31:01","guid":{"rendered":"http:\/\/www.bonger.de\/?page_id=247"},"modified":"2021-06-12T19:07:28","modified_gmt":"2021-06-12T19:07:28","slug":"tanztage-muenchen","status":"publish","type":"page","link":"https:\/\/bonger.de\/en\/events\/festivals\/tanztage-muenchen","title":{"rendered":"Dance Days Munich"},"content":{"rendered":"<figure class=\"wp-block-image size-large\"><img loading=\"lazy\" decoding=\"async\" width=\"668\" height=\"284\" src=\"https:\/\/bonger.de\/wp-content\/uploads\/2021\/05\/festival_tanztage_1.gif\" alt=\"\" class=\"wp-image-259\"\/><\/figure>\n\n\n\n<p>The \"I.\" and \"II. Tanztage M\u00fcnchen\" were under the artistic direction of Bonger Voges and produced by the \"Theater Negerhalle\".<br>The \"Tanztage M\u00fcnchen I., II. und III.\" took place on the former cultural area in Dachauerstra\u00dfe 128 in the \"Theater Negerhalle\" and in the \"ETA Theater M\u00fcnchen\".<br>The \"III Munich Dance Days\" were twice awarded the \"Star of the Week\" by the Munich evening newspaper.<br>Well-known groups of artists participated, among others, in the \"I. Tanztage M\u00fcnchen\":<\/p>\n\n\n\n<p>Artgenossen | Brygida Ochaim | Dance Energy | Eta Tanz-Theater | Frauenabend | Jenny Coogan | Jessica Iwanson | Junge Choreographen | M\u00e4nnerabend | Sisi Perlinger | Tanzprojekt M\u00fcnchen | Tanztheater Neger<\/p>\n\n\n\n<figure class=\"wp-block-gallery columns-1 wp-block-gallery-2 is-layout-flex wp-block-gallery-is-layout-flex\"><ul class=\"blocks-gallery-grid\"><li class=\"blocks-gallery-item\"><figure><img loading=\"lazy\" decoding=\"async\" width=\"604\" height=\"259\" src=\"https:\/\/bonger.de\/wp-content\/uploads\/2021\/05\/festival_tanztage_3b.jpeg\" alt=\"\" data-id=\"260\" data-full-url=\"https:\/\/bonger.de\/wp-content\/uploads\/2021\/05\/festival_tanztage_3b.jpeg\" data-link=\"https:\/\/bonger.de\/events\/festivals\/tanztage-muenchen\/festival_tanztage_3b\" class=\"wp-image-260\" srcset=\"https:\/\/bonger.de\/wp-content\/uploads\/2021\/05\/festival_tanztage_3b.jpeg 604w, https:\/\/bonger.de\/wp-content\/uploads\/2021\/05\/festival_tanztage_3b-300x129.jpeg 300w\" sizes=\"auto, (max-width: 604px) 100vw, 604px\" \/><\/figure><\/li><li class=\"blocks-gallery-item\"><figure><img loading=\"lazy\" decoding=\"async\" width=\"560\" height=\"231\" src=\"https:\/\/bonger.de\/wp-content\/uploads\/2021\/05\/festival_tanztage_9.gif\" alt=\"\" data-id=\"261\" data-full-url=\"https:\/\/bonger.de\/wp-content\/uploads\/2021\/05\/festival_tanztage_9.gif\" data-link=\"https:\/\/bonger.de\/events\/festivals\/tanztage-muenchen\/festival_tanztage_9\" class=\"wp-image-261\"\/><\/figure><\/li><li class=\"blocks-gallery-item\"><figure><img loading=\"lazy\" decoding=\"async\" width=\"457\" height=\"195\" src=\"https:\/\/bonger.de\/wp-content\/uploads\/2021\/05\/festival_tanztage_14.jpeg\" alt=\"\" data-id=\"262\" data-full-url=\"https:\/\/bonger.de\/wp-content\/uploads\/2021\/05\/festival_tanztage_14.jpeg\" data-link=\"https:\/\/bonger.de\/events\/festivals\/tanztage-muenchen\/festival_tanztage_14\" class=\"wp-image-262\" srcset=\"https:\/\/bonger.de\/wp-content\/uploads\/2021\/05\/festival_tanztage_14.jpeg 457w, https:\/\/bonger.de\/wp-content\/uploads\/2021\/05\/festival_tanztage_14-300x128.jpeg 300w\" sizes=\"auto, (max-width: 457px) 100vw, 457px\" \/><\/figure><\/li><li class=\"blocks-gallery-item\"><figure><img loading=\"lazy\" decoding=\"async\" width=\"600\" height=\"284\" src=\"https:\/\/bonger.de\/wp-content\/uploads\/2021\/05\/festival_tanztage_7.gif\" alt=\"\" data-id=\"263\" data-full-url=\"https:\/\/bonger.de\/wp-content\/uploads\/2021\/05\/festival_tanztage_7.gif\" data-link=\"https:\/\/bonger.de\/events\/festivals\/tanztage-muenchen\/festival_tanztage_7\" class=\"wp-image-263\"\/><\/figure><\/li><li class=\"blocks-gallery-item\"><figure><img loading=\"lazy\" decoding=\"async\" width=\"364\" height=\"234\" src=\"https:\/\/bonger.de\/wp-content\/uploads\/2021\/05\/festival_tanztage_6.gif\" alt=\"\" data-id=\"264\" data-full-url=\"https:\/\/bonger.de\/wp-content\/uploads\/2021\/05\/festival_tanztage_6.gif\" data-link=\"https:\/\/bonger.de\/events\/festivals\/tanztage-muenchen\/festival_tanztage_6\" class=\"wp-image-264\"\/><\/figure><\/li><li class=\"blocks-gallery-item\"><figure><img loading=\"lazy\" decoding=\"async\" width=\"468\" height=\"195\" src=\"https:\/\/bonger.de\/wp-content\/uploads\/2021\/05\/festival_tanztage_5.jpeg\" alt=\"\" data-id=\"265\" data-full-url=\"https:\/\/bonger.de\/wp-content\/uploads\/2021\/05\/festival_tanztage_5.jpeg\" data-link=\"https:\/\/bonger.de\/events\/festivals\/tanztage-muenchen\/festival_tanztage_5\" class=\"wp-image-265\" srcset=\"https:\/\/bonger.de\/wp-content\/uploads\/2021\/05\/festival_tanztage_5.jpeg 468w, https:\/\/bonger.de\/wp-content\/uploads\/2021\/05\/festival_tanztage_5-300x125.jpeg 300w\" sizes=\"auto, (max-width: 468px) 100vw, 468px\" \/><\/figure><\/li><li class=\"blocks-gallery-item\"><figure><img loading=\"lazy\" decoding=\"async\" width=\"525\" height=\"239\" src=\"https:\/\/bonger.de\/wp-content\/uploads\/2021\/05\/festival_tanztage_13.gif\" alt=\"\" data-id=\"266\" data-full-url=\"https:\/\/bonger.de\/wp-content\/uploads\/2021\/05\/festival_tanztage_13.gif\" data-link=\"https:\/\/bonger.de\/events\/festivals\/tanztage-muenchen\/festival_tanztage_13\" class=\"wp-image-266\"\/><\/figure><\/li><li class=\"blocks-gallery-item\"><figure><img loading=\"lazy\" decoding=\"async\" width=\"508\" height=\"210\" src=\"https:\/\/bonger.de\/wp-content\/uploads\/2021\/05\/festival_tanztage_12.jpeg\" alt=\"\" data-id=\"267\" data-full-url=\"https:\/\/bonger.de\/wp-content\/uploads\/2021\/05\/festival_tanztage_12.jpeg\" data-link=\"https:\/\/bonger.de\/events\/festivals\/tanztage-muenchen\/festival_tanztage_12\" class=\"wp-image-267\" srcset=\"https:\/\/bonger.de\/wp-content\/uploads\/2021\/05\/festival_tanztage_12.jpeg 508w, https:\/\/bonger.de\/wp-content\/uploads\/2021\/05\/festival_tanztage_12-300x124.jpeg 300w\" sizes=\"auto, (max-width: 508px) 100vw, 508px\" \/><\/figure><\/li><li class=\"blocks-gallery-item\"><figure><img loading=\"lazy\" decoding=\"async\" width=\"439\" height=\"187\" src=\"https:\/\/bonger.de\/wp-content\/uploads\/2021\/05\/festival_tanztage_11.gif\" alt=\"\" data-id=\"268\" data-full-url=\"https:\/\/bonger.de\/wp-content\/uploads\/2021\/05\/festival_tanztage_11.gif\" data-link=\"https:\/\/bonger.de\/events\/festivals\/tanztage-muenchen\/festival_tanztage_11\" class=\"wp-image-268\"\/><\/figure><\/li><li class=\"blocks-gallery-item\"><figure><img loading=\"lazy\" decoding=\"async\" width=\"542\" height=\"247\" src=\"https:\/\/bonger.de\/wp-content\/uploads\/2021\/05\/festival_tanztage_10.gif\" alt=\"\" data-id=\"269\" data-full-url=\"https:\/\/bonger.de\/wp-content\/uploads\/2021\/05\/festival_tanztage_10.gif\" data-link=\"https:\/\/bonger.de\/events\/festivals\/tanztage-muenchen\/festival_tanztage_10\" class=\"wp-image-269\"\/><\/figure><\/li><li class=\"blocks-gallery-item\"><figure><img loading=\"lazy\" decoding=\"async\" width=\"408\" height=\"172\" src=\"https:\/\/bonger.de\/wp-content\/uploads\/2021\/05\/festival_tanztage_2.jpeg\" alt=\"\" data-id=\"270\" data-full-url=\"https:\/\/bonger.de\/wp-content\/uploads\/2021\/05\/festival_tanztage_2.jpeg\" data-link=\"https:\/\/bonger.de\/events\/festivals\/tanztage-muenchen\/festival_tanztage_2\" class=\"wp-image-270\" srcset=\"https:\/\/bonger.de\/wp-content\/uploads\/2021\/05\/festival_tanztage_2.jpeg 408w, https:\/\/bonger.de\/wp-content\/uploads\/2021\/05\/festival_tanztage_2-300x126.jpeg 300w\" sizes=\"auto, (max-width: 408px) 100vw, 408px\" \/><\/figure><\/li><li class=\"blocks-gallery-item\"><figure><img loading=\"lazy\" decoding=\"async\" width=\"537\" height=\"223\" src=\"https:\/\/bonger.de\/wp-content\/uploads\/2021\/05\/festival_tanztage_4.jpeg\" alt=\"\" data-id=\"271\" data-full-url=\"https:\/\/bonger.de\/wp-content\/uploads\/2021\/05\/festival_tanztage_4.jpeg\" data-link=\"https:\/\/bonger.de\/events\/festivals\/tanztage-muenchen\/festival_tanztage_4\" class=\"wp-image-271\" srcset=\"https:\/\/bonger.de\/wp-content\/uploads\/2021\/05\/festival_tanztage_4.jpeg 537w, https:\/\/bonger.de\/wp-content\/uploads\/2021\/05\/festival_tanztage_4-300x125.jpeg 300w\" sizes=\"auto, (max-width: 537px) 100vw, 537px\" \/><\/figure><\/li><\/ul><\/figure>","protected":false},"excerpt":{"rendered":"<p>Die &#8222;I.&#8220; und &#8222;II. Tanztage M\u00fcnchen&#8220; standen unter der k\u00fcnstlerischen Leitung von Bonger Voges und wurden vom &#8222;Theater Negerhalle&#8220; produziert.Die &#8222;Tanztage M\u00fcnchen I., II. und III.&#8220; fanden auf dem ehemaligen Kulturgel\u00e4nde in der Dachauerstra\u00dfe 128 im &#8222;Theater Negerhalle&#8220; und im&#8220; ETA Theater M\u00fcnchen&#8220; statt.Die &#8222;III. Tanztage M\u00fcnchen&#8220; wurden von der M\u00fcnchner Abendzeitung zweimal mit dem [&hellip;]<\/p>\n","protected":false},"author":1,"featured_media":0,"parent":36,"menu_order":0,"comment_status":"closed","ping_status":"closed","template":"topmenu-page.php","meta":{"_acf_changed":false,"pgc_sgb_lightbox_settings":"","footnotes":""},"class_list":["post-247","page","type-page","status-publish","czr-hentry"],"acf":[],"yoast_head":"<!-- This site is optimized with the Yoast SEO plugin v27.3 - https:\/\/yoast.com\/product\/yoast-seo-wordpress\/ -->\n<title>Tanztage M\u00fcnchen -<\/title>\n<meta name=\"robots\" content=\"index, follow, max-snippet:-1, max-image-preview:large, max-video-preview:-1\" \/>\n<link rel=\"canonical\" href=\"https:\/\/bonger.de\/en\/events\/festivals\/tanztage-muenchen\" \/>\n<meta property=\"og:locale\" content=\"en_GB\" \/>\n<meta property=\"og:type\" content=\"article\" \/>\n<meta property=\"og:title\" content=\"Tanztage M\u00fcnchen -\" \/>\n<meta property=\"og:description\" content=\"Die &#8222;I.&#8220; und &#8222;II. Tanztage M\u00fcnchen&#8220; standen unter der k\u00fcnstlerischen Leitung von Bonger Voges und wurden vom &#8222;Theater Negerhalle&#8220; produziert.Die &#8222;Tanztage M\u00fcnchen I., II. und III.&#8220; fanden auf dem ehemaligen Kulturgel\u00e4nde in der Dachauerstra\u00dfe 128 im &#8222;Theater Negerhalle&#8220; und im&#8220; ETA Theater M\u00fcnchen&#8220; statt.Die &#8222;III. Tanztage M\u00fcnchen&#8220; wurden von der M\u00fcnchner Abendzeitung zweimal mit dem [&hellip;]\" \/>\n<meta property=\"og:url\" content=\"https:\/\/bonger.de\/en\/events\/festivals\/tanztage-muenchen\" \/>\n<meta property=\"article:modified_time\" content=\"2021-06-12T19:07:28+00:00\" \/>\n<meta property=\"og:image\" content=\"https:\/\/bonger.de\/wp-content\/uploads\/2021\/05\/festival_tanztage_1.gif\" \/>\n<meta name=\"twitter:card\" content=\"summary_large_image\" \/>\n<meta name=\"twitter:label1\" content=\"Estimated reading time\" \/>\n\t<meta name=\"twitter:data1\" content=\"1 minute\" \/>\n<script type=\"application\/ld+json\" class=\"yoast-schema-graph\">{\"@context\":\"https:\\\/\\\/schema.org\",\"@graph\":[{\"@type\":\"WebPage\",\"@id\":\"https:\\\/\\\/bonger.de\\\/en\\\/events\\\/festivals\\\/tanztage-muenchen\",\"url\":\"https:\\\/\\\/bonger.de\\\/en\\\/events\\\/festivals\\\/tanztage-muenchen\",\"name\":\"Tanztage M\u00fcnchen -\",\"isPartOf\":{\"@id\":\"https:\\\/\\\/bonger.de\\\/#website\"},\"primaryImageOfPage\":{\"@id\":\"https:\\\/\\\/bonger.de\\\/en\\\/events\\\/festivals\\\/tanztage-muenchen#primaryimage\"},\"image\":{\"@id\":\"https:\\\/\\\/bonger.de\\\/en\\\/events\\\/festivals\\\/tanztage-muenchen#primaryimage\"},\"thumbnailUrl\":\"https:\\\/\\\/bonger.de\\\/wp-content\\\/uploads\\\/2021\\\/05\\\/festival_tanztage_1.gif\",\"datePublished\":\"2021-05-05T08:31:01+00:00\",\"dateModified\":\"2021-06-12T19:07:28+00:00\",\"breadcrumb\":{\"@id\":\"https:\\\/\\\/bonger.de\\\/en\\\/events\\\/festivals\\\/tanztage-muenchen#breadcrumb\"},\"inLanguage\":\"en-GB\",\"potentialAction\":[{\"@type\":\"ReadAction\",\"target\":[\"https:\\\/\\\/bonger.de\\\/en\\\/events\\\/festivals\\\/tanztage-muenchen\"]}]},{\"@type\":\"ImageObject\",\"inLanguage\":\"en-GB\",\"@id\":\"https:\\\/\\\/bonger.de\\\/en\\\/events\\\/festivals\\\/tanztage-muenchen#primaryimage\",\"url\":\"https:\\\/\\\/bonger.de\\\/wp-content\\\/uploads\\\/2021\\\/05\\\/festival_tanztage_1.gif\",\"contentUrl\":\"https:\\\/\\\/bonger.de\\\/wp-content\\\/uploads\\\/2021\\\/05\\\/festival_tanztage_1.gif\"},{\"@type\":\"BreadcrumbList\",\"@id\":\"https:\\\/\\\/bonger.de\\\/en\\\/events\\\/festivals\\\/tanztage-muenchen#breadcrumb\",\"itemListElement\":[{\"@type\":\"ListItem\",\"position\":1,\"name\":\"Startseite\",\"item\":\"https:\\\/\\\/bonger.de\\\/\"},{\"@type\":\"ListItem\",\"position\":2,\"name\":\"Events\",\"item\":\"https:\\\/\\\/bonger.de\\\/events\"},{\"@type\":\"ListItem\",\"position\":3,\"name\":\"Festivals\",\"item\":\"https:\\\/\\\/bonger.de\\\/events\\\/festivals\"},{\"@type\":\"ListItem\",\"position\":4,\"name\":\"Tanztage M\u00fcnchen\"}]},{\"@type\":\"WebSite\",\"@id\":\"https:\\\/\\\/bonger.de\\\/#website\",\"url\":\"https:\\\/\\\/bonger.de\\\/\",\"name\":\"\",\"description\":\"\",\"potentialAction\":[{\"@type\":\"SearchAction\",\"target\":{\"@type\":\"EntryPoint\",\"urlTemplate\":\"https:\\\/\\\/bonger.de\\\/?s={search_term_string}\"},\"query-input\":{\"@type\":\"PropertyValueSpecification\",\"valueRequired\":true,\"valueName\":\"search_term_string\"}}],\"inLanguage\":\"en-GB\"}]}<\/script>\n<!-- \/ Yoast SEO plugin. -->","yoast_head_json":{"title":"Tanztage M\u00fcnchen -","robots":{"index":"index","follow":"follow","max-snippet":"max-snippet:-1","max-image-preview":"max-image-preview:large","max-video-preview":"max-video-preview:-1"},"canonical":"https:\/\/bonger.de\/en\/events\/festivals\/tanztage-muenchen","og_locale":"en_GB","og_type":"article","og_title":"Tanztage M\u00fcnchen -","og_description":"Die &#8222;I.&#8220; und &#8222;II. Tanztage M\u00fcnchen&#8220; standen unter der k\u00fcnstlerischen Leitung von Bonger Voges und wurden vom &#8222;Theater Negerhalle&#8220; produziert.Die &#8222;Tanztage M\u00fcnchen I., II. und III.&#8220; fanden auf dem ehemaligen Kulturgel\u00e4nde in der Dachauerstra\u00dfe 128 im &#8222;Theater Negerhalle&#8220; und im&#8220; ETA Theater M\u00fcnchen&#8220; statt.Die &#8222;III. Tanztage M\u00fcnchen&#8220; wurden von der M\u00fcnchner Abendzeitung zweimal mit dem [&hellip;]","og_url":"https:\/\/bonger.de\/en\/events\/festivals\/tanztage-muenchen","article_modified_time":"2021-06-12T19:07:28+00:00","og_image":[{"url":"https:\/\/bonger.de\/wp-content\/uploads\/2021\/05\/festival_tanztage_1.gif","type":"","width":"","height":""}],"twitter_card":"summary_large_image","twitter_misc":{"Estimated reading time":"1 minute"},"schema":{"@context":"https:\/\/schema.org","@graph":[{"@type":"WebPage","@id":"https:\/\/bonger.de\/en\/events\/festivals\/tanztage-muenchen","url":"https:\/\/bonger.de\/en\/events\/festivals\/tanztage-muenchen","name":"Tanztage M\u00fcnchen -","isPartOf":{"@id":"https:\/\/bonger.de\/#website"},"primaryImageOfPage":{"@id":"https:\/\/bonger.de\/en\/events\/festivals\/tanztage-muenchen#primaryimage"},"image":{"@id":"https:\/\/bonger.de\/en\/events\/festivals\/tanztage-muenchen#primaryimage"},"thumbnailUrl":"https:\/\/bonger.de\/wp-content\/uploads\/2021\/05\/festival_tanztage_1.gif","datePublished":"2021-05-05T08:31:01+00:00","dateModified":"2021-06-12T19:07:28+00:00","breadcrumb":{"@id":"https:\/\/bonger.de\/en\/events\/festivals\/tanztage-muenchen#breadcrumb"},"inLanguage":"en-GB","potentialAction":[{"@type":"ReadAction","target":["https:\/\/bonger.de\/en\/events\/festivals\/tanztage-muenchen"]}]},{"@type":"ImageObject","inLanguage":"en-GB","@id":"https:\/\/bonger.de\/en\/events\/festivals\/tanztage-muenchen#primaryimage","url":"https:\/\/bonger.de\/wp-content\/uploads\/2021\/05\/festival_tanztage_1.gif","contentUrl":"https:\/\/bonger.de\/wp-content\/uploads\/2021\/05\/festival_tanztage_1.gif"},{"@type":"BreadcrumbList","@id":"https:\/\/bonger.de\/en\/events\/festivals\/tanztage-muenchen#breadcrumb","itemListElement":[{"@type":"ListItem","position":1,"name":"Startseite","item":"https:\/\/bonger.de\/"},{"@type":"ListItem","position":2,"name":"Events","item":"https:\/\/bonger.de\/events"},{"@type":"ListItem","position":3,"name":"Festivals","item":"https:\/\/bonger.de\/events\/festivals"},{"@type":"ListItem","position":4,"name":"Tanztage M\u00fcnchen"}]},{"@type":"WebSite","@id":"https:\/\/bonger.de\/#website","url":"https:\/\/bonger.de\/","name":"","description":"","potentialAction":[{"@type":"SearchAction","target":{"@type":"EntryPoint","urlTemplate":"https:\/\/bonger.de\/?s={search_term_string}"},"query-input":{"@type":"PropertyValueSpecification","valueRequired":true,"valueName":"search_term_string"}}],"inLanguage":"en-GB"}]}},"rttpg_featured_image_url":null,"rttpg_author":{"display_name":"daniel","author_link":"https:\/\/bonger.de\/en\/author\/daniel"},"rttpg_comment":0,"rttpg_category":null,"rttpg_excerpt":"Die &#8222;I.&#8220; und &#8222;II. Tanztage M\u00fcnchen&#8220; standen unter der k\u00fcnstlerischen Leitung von Bonger Voges und wurden vom &#8222;Theater Negerhalle&#8220; produziert.Die &#8222;Tanztage M\u00fcnchen I., II. und III.&#8220; fanden auf dem ehemaligen Kulturgel\u00e4nde in der Dachauerstra\u00dfe 128 im &#8222;Theater Negerhalle&#8220; und im&#8220; ETA Theater M\u00fcnchen&#8220; statt.Die &#8222;III. Tanztage M\u00fcnchen&#8220; wurden von der M\u00fcnchner Abendzeitung zweimal mit dem&hellip;","_links":{"self":[{"href":"https:\/\/bonger.de\/en\/wp-json\/wp\/v2\/pages\/247","targetHints":{"allow":["GET"]}}],"collection":[{"href":"https:\/\/bonger.de\/en\/wp-json\/wp\/v2\/pages"}],"about":[{"href":"https:\/\/bonger.de\/en\/wp-json\/wp\/v2\/types\/page"}],"author":[{"embeddable":true,"href":"https:\/\/bonger.de\/en\/wp-json\/wp\/v2\/users\/1"}],"replies":[{"embeddable":true,"href":"https:\/\/bonger.de\/en\/wp-json\/wp\/v2\/comments?post=247"}],"version-history":[{"count":3,"href":"https:\/\/bonger.de\/en\/wp-json\/wp\/v2\/pages\/247\/revisions"}],"predecessor-version":[{"id":1564,"href":"https:\/\/bonger.de\/en\/wp-json\/wp\/v2\/pages\/247\/revisions\/1564"}],"up":[{"embeddable":true,"href":"https:\/\/bonger.de\/en\/wp-json\/wp\/v2\/pages\/36"}],"wp:attachment":[{"href":"https:\/\/bonger.de\/en\/wp-json\/wp\/v2\/media?parent=247"}],"curies":[{"name":"wp","href":"https:\/\/api.w.org\/{rel}","templated":true}]}}