{"id":249,"date":"2021-05-05T08:31:42","date_gmt":"2021-05-05T08:31:42","guid":{"rendered":"http:\/\/www.bonger.de\/?page_id=249"},"modified":"2021-06-12T19:14:53","modified_gmt":"2021-06-12T19:14:53","slug":"die-macht-der-nacht-das-theaterzelt","status":"publish","type":"page","link":"https:\/\/bonger.de\/en\/events\/festivals\/die-macht-der-nacht-das-theaterzelt","title":{"rendered":"The power of the night \/ <nobr>The theater tent<\/nobr>"},"content":{"rendered":"<p>Together with Rainer Wengenroth, the inventor of the concept \"The Power of the Night\", Voges was the artistic director of the festival \"The Power of the Night - Theater Tent\".<\/p>\n\n\n\n<p>The theater tent was for 6 months the stage for outstanding artists like:<br>Sissi Perlinger u.a.<em> (list is in progress)<\/em><\/p>","protected":false},"excerpt":{"rendered":"<p>Zusammen mit Rainer Wengenroth, dem Erfinder des Konzeptes \u201eDie Macht der Nacht\u201c, hatte Voges die k\u00fcnstlerische Leitung des Festivals \u201eDie Macht der Nacht \u2013 Theaterzelt\u201c. Das Theaterzelt war f\u00fcr 6 Monate die B\u00fchne f\u00fcr hervorragende K\u00fcnstler wie:Sissi Perlinger u.a. (Liste ist in Arbeit)<\/p>","protected":false},"author":1,"featured_media":942,"parent":36,"menu_order":0,"comment_status":"closed","ping_status":"closed","template":"topmenu-page.php","meta":{"_acf_changed":false,"pgc_sgb_lightbox_settings":"","footnotes":""},"class_list":["post-249","page","type-page","status-publish","has-post-thumbnail","czr-hentry"],"acf":[],"yoast_head":"<!-- This site is optimized with the Yoast SEO plugin v27.3 - https:\/\/yoast.com\/product\/yoast-seo-wordpress\/ -->\n<title>Die Macht der Nacht \/ Das Theaterzelt -<\/title>\n<meta name=\"robots\" content=\"index, follow, max-snippet:-1, max-image-preview:large, max-video-preview:-1\" \/>\n<link rel=\"canonical\" href=\"https:\/\/bonger.de\/en\/events\/festivals\/die-macht-der-nacht-das-theaterzelt\/\" \/>\n<meta property=\"og:locale\" content=\"en_GB\" \/>\n<meta property=\"og:type\" content=\"article\" \/>\n<meta property=\"og:title\" content=\"Die Macht der Nacht \/ Das Theaterzelt -\" \/>\n<meta property=\"og:description\" content=\"Zusammen mit Rainer Wengenroth, dem Erfinder des Konzeptes \u201eDie Macht der Nacht\u201c, hatte Voges die k\u00fcnstlerische Leitung des Festivals \u201eDie Macht der Nacht \u2013 Theaterzelt\u201c. Das Theaterzelt war f\u00fcr 6 Monate die B\u00fchne f\u00fcr hervorragende K\u00fcnstler wie:Sissi Perlinger u.a. (Liste ist in Arbeit)\" \/>\n<meta property=\"og:url\" content=\"https:\/\/bonger.de\/en\/events\/festivals\/die-macht-der-nacht-das-theaterzelt\/\" \/>\n<meta property=\"article:modified_time\" content=\"2021-06-12T19:14:53+00:00\" \/>\n<meta property=\"og:image\" content=\"https:\/\/bonger.de\/wp-content\/uploads\/2021\/05\/TempelFundK2-scaled.jpg\" \/>\n\t<meta property=\"og:image:width\" content=\"1819\" \/>\n\t<meta property=\"og:image:height\" content=\"2560\" \/>\n\t<meta property=\"og:image:type\" content=\"image\/jpeg\" \/>\n<meta name=\"twitter:card\" content=\"summary_large_image\" \/>\n<script type=\"application\/ld+json\" class=\"yoast-schema-graph\">{\"@context\":\"https:\\\/\\\/schema.org\",\"@graph\":[{\"@type\":\"WebPage\",\"@id\":\"https:\\\/\\\/bonger.de\\\/events\\\/festivals\\\/die-macht-der-nacht-das-theaterzelt\",\"url\":\"https:\\\/\\\/bonger.de\\\/events\\\/festivals\\\/die-macht-der-nacht-das-theaterzelt\",\"name\":\"Die Macht der Nacht \\\/ Das Theaterzelt -\",\"isPartOf\":{\"@id\":\"https:\\\/\\\/bonger.de\\\/#website\"},\"primaryImageOfPage\":{\"@id\":\"https:\\\/\\\/bonger.de\\\/events\\\/festivals\\\/die-macht-der-nacht-das-theaterzelt#primaryimage\"},\"image\":{\"@id\":\"https:\\\/\\\/bonger.de\\\/events\\\/festivals\\\/die-macht-der-nacht-das-theaterzelt#primaryimage\"},\"thumbnailUrl\":\"https:\\\/\\\/bonger.de\\\/wp-content\\\/uploads\\\/2021\\\/05\\\/TempelFundK2-scaled.jpg\",\"datePublished\":\"2021-05-05T08:31:42+00:00\",\"dateModified\":\"2021-06-12T19:14:53+00:00\",\"breadcrumb\":{\"@id\":\"https:\\\/\\\/bonger.de\\\/events\\\/festivals\\\/die-macht-der-nacht-das-theaterzelt#breadcrumb\"},\"inLanguage\":\"en-GB\",\"potentialAction\":[{\"@type\":\"ReadAction\",\"target\":[\"https:\\\/\\\/bonger.de\\\/events\\\/festivals\\\/die-macht-der-nacht-das-theaterzelt\"]}]},{\"@type\":\"ImageObject\",\"inLanguage\":\"en-GB\",\"@id\":\"https:\\\/\\\/bonger.de\\\/events\\\/festivals\\\/die-macht-der-nacht-das-theaterzelt#primaryimage\",\"url\":\"https:\\\/\\\/bonger.de\\\/wp-content\\\/uploads\\\/2021\\\/05\\\/TempelFundK2-scaled.jpg\",\"contentUrl\":\"https:\\\/\\\/bonger.de\\\/wp-content\\\/uploads\\\/2021\\\/05\\\/TempelFundK2-scaled.jpg\",\"width\":1819,\"height\":2560},{\"@type\":\"BreadcrumbList\",\"@id\":\"https:\\\/\\\/bonger.de\\\/events\\\/festivals\\\/die-macht-der-nacht-das-theaterzelt#breadcrumb\",\"itemListElement\":[{\"@type\":\"ListItem\",\"position\":1,\"name\":\"Startseite\",\"item\":\"https:\\\/\\\/bonger.de\\\/\"},{\"@type\":\"ListItem\",\"position\":2,\"name\":\"Events\",\"item\":\"https:\\\/\\\/bonger.de\\\/events\"},{\"@type\":\"ListItem\",\"position\":3,\"name\":\"Festivals\",\"item\":\"https:\\\/\\\/bonger.de\\\/events\\\/festivals\"},{\"@type\":\"ListItem\",\"position\":4,\"name\":\"Die Macht der Nacht \\\/ Das Theaterzelt\"}]},{\"@type\":\"WebSite\",\"@id\":\"https:\\\/\\\/bonger.de\\\/#website\",\"url\":\"https:\\\/\\\/bonger.de\\\/\",\"name\":\"\",\"description\":\"\",\"potentialAction\":[{\"@type\":\"SearchAction\",\"target\":{\"@type\":\"EntryPoint\",\"urlTemplate\":\"https:\\\/\\\/bonger.de\\\/?s={search_term_string}\"},\"query-input\":{\"@type\":\"PropertyValueSpecification\",\"valueRequired\":true,\"valueName\":\"search_term_string\"}}],\"inLanguage\":\"en-GB\"}]}<\/script>\n<!-- \/ Yoast SEO plugin. -->","yoast_head_json":{"title":"Die Macht der Nacht \/ Das Theaterzelt -","robots":{"index":"index","follow":"follow","max-snippet":"max-snippet:-1","max-image-preview":"max-image-preview:large","max-video-preview":"max-video-preview:-1"},"canonical":"https:\/\/bonger.de\/en\/events\/festivals\/die-macht-der-nacht-das-theaterzelt\/","og_locale":"en_GB","og_type":"article","og_title":"Die Macht der Nacht \/ Das Theaterzelt -","og_description":"Zusammen mit Rainer Wengenroth, dem Erfinder des Konzeptes \u201eDie Macht der Nacht\u201c, hatte Voges die k\u00fcnstlerische Leitung des Festivals \u201eDie Macht der Nacht \u2013 Theaterzelt\u201c. Das Theaterzelt war f\u00fcr 6 Monate die B\u00fchne f\u00fcr hervorragende K\u00fcnstler wie:Sissi Perlinger u.a. (Liste ist in Arbeit)","og_url":"https:\/\/bonger.de\/en\/events\/festivals\/die-macht-der-nacht-das-theaterzelt\/","article_modified_time":"2021-06-12T19:14:53+00:00","og_image":[{"width":1819,"height":2560,"url":"https:\/\/bonger.de\/wp-content\/uploads\/2021\/05\/TempelFundK2-scaled.jpg","type":"image\/jpeg"}],"twitter_card":"summary_large_image","schema":{"@context":"https:\/\/schema.org","@graph":[{"@type":"WebPage","@id":"https:\/\/bonger.de\/events\/festivals\/die-macht-der-nacht-das-theaterzelt","url":"https:\/\/bonger.de\/events\/festivals\/die-macht-der-nacht-das-theaterzelt","name":"Die Macht der Nacht \/ Das Theaterzelt -","isPartOf":{"@id":"https:\/\/bonger.de\/#website"},"primaryImageOfPage":{"@id":"https:\/\/bonger.de\/events\/festivals\/die-macht-der-nacht-das-theaterzelt#primaryimage"},"image":{"@id":"https:\/\/bonger.de\/events\/festivals\/die-macht-der-nacht-das-theaterzelt#primaryimage"},"thumbnailUrl":"https:\/\/bonger.de\/wp-content\/uploads\/2021\/05\/TempelFundK2-scaled.jpg","datePublished":"2021-05-05T08:31:42+00:00","dateModified":"2021-06-12T19:14:53+00:00","breadcrumb":{"@id":"https:\/\/bonger.de\/events\/festivals\/die-macht-der-nacht-das-theaterzelt#breadcrumb"},"inLanguage":"en-GB","potentialAction":[{"@type":"ReadAction","target":["https:\/\/bonger.de\/events\/festivals\/die-macht-der-nacht-das-theaterzelt"]}]},{"@type":"ImageObject","inLanguage":"en-GB","@id":"https:\/\/bonger.de\/events\/festivals\/die-macht-der-nacht-das-theaterzelt#primaryimage","url":"https:\/\/bonger.de\/wp-content\/uploads\/2021\/05\/TempelFundK2-scaled.jpg","contentUrl":"https:\/\/bonger.de\/wp-content\/uploads\/2021\/05\/TempelFundK2-scaled.jpg","width":1819,"height":2560},{"@type":"BreadcrumbList","@id":"https:\/\/bonger.de\/events\/festivals\/die-macht-der-nacht-das-theaterzelt#breadcrumb","itemListElement":[{"@type":"ListItem","position":1,"name":"Startseite","item":"https:\/\/bonger.de\/"},{"@type":"ListItem","position":2,"name":"Events","item":"https:\/\/bonger.de\/events"},{"@type":"ListItem","position":3,"name":"Festivals","item":"https:\/\/bonger.de\/events\/festivals"},{"@type":"ListItem","position":4,"name":"Die Macht der Nacht \/ Das Theaterzelt"}]},{"@type":"WebSite","@id":"https:\/\/bonger.de\/#website","url":"https:\/\/bonger.de\/","name":"","description":"","potentialAction":[{"@type":"SearchAction","target":{"@type":"EntryPoint","urlTemplate":"https:\/\/bonger.de\/?s={search_term_string}"},"query-input":{"@type":"PropertyValueSpecification","valueRequired":true,"valueName":"search_term_string"}}],"inLanguage":"en-GB"}]}},"rttpg_featured_image_url":{"full":["https:\/\/bonger.de\/wp-content\/uploads\/2021\/05\/TempelFundK2-scaled.jpg",1819,2560,false],"landscape":["https:\/\/bonger.de\/wp-content\/uploads\/2021\/05\/TempelFundK2-scaled.jpg",1819,2560,false],"portraits":["https:\/\/bonger.de\/wp-content\/uploads\/2021\/05\/TempelFundK2-scaled.jpg",1819,2560,false],"thumbnail":["https:\/\/bonger.de\/wp-content\/uploads\/2021\/05\/TempelFundK2-150x150.jpg",150,150,true],"medium":["https:\/\/bonger.de\/wp-content\/uploads\/2021\/05\/TempelFundK2-213x300.jpg",213,300,true],"large":["https:\/\/bonger.de\/wp-content\/uploads\/2021\/05\/TempelFundK2-728x1024.jpg",728,1024,true],"1536x1536":["https:\/\/bonger.de\/wp-content\/uploads\/2021\/05\/TempelFundK2-1092x1536.jpg",1092,1536,true],"2048x2048":["https:\/\/bonger.de\/wp-content\/uploads\/2021\/05\/TempelFundK2-1456x2048.jpg",1456,2048,true],"trp-custom-language-flag":["https:\/\/bonger.de\/wp-content\/uploads\/2021\/05\/TempelFundK2-scaled.jpg",9,12,false],"tc-grid-full":["https:\/\/bonger.de\/wp-content\/uploads\/2021\/05\/TempelFundK2-1110x444.jpg",1110,444,true],"tc-grid":["https:\/\/bonger.de\/wp-content\/uploads\/2021\/05\/TempelFundK2-570x350.jpg",570,350,true],"tc-thumb":["https:\/\/bonger.de\/wp-content\/uploads\/2021\/05\/TempelFundK2-270x250.jpg",270,250,true],"slider-full":["https:\/\/bonger.de\/wp-content\/uploads\/2021\/05\/TempelFundK2-2000x500.jpg",2000,500,true],"slider":["https:\/\/bonger.de\/wp-content\/uploads\/2021\/05\/TempelFundK2-1110x500.jpg",1110,500,true],"tc-sq-thumb":["https:\/\/bonger.de\/wp-content\/uploads\/2021\/05\/TempelFundK2-510x510.jpg",510,510,true],"tc-ws-thumb":["https:\/\/bonger.de\/wp-content\/uploads\/2021\/05\/TempelFundK2-1110x624.jpg",1110,624,true],"tc-ws-small-thumb":["https:\/\/bonger.de\/wp-content\/uploads\/2021\/05\/TempelFundK2-528x297.jpg",528,297,true],"tc-slider-small":["https:\/\/bonger.de\/wp-content\/uploads\/2021\/05\/TempelFundK2-517x235.jpg",517,235,true]},"rttpg_author":{"display_name":"daniel","author_link":"https:\/\/bonger.de\/en\/author\/daniel"},"rttpg_comment":0,"rttpg_category":null,"rttpg_excerpt":"Zusammen mit Rainer Wengenroth, dem Erfinder des Konzeptes \u201eDie Macht der Nacht\u201c, hatte Voges die k\u00fcnstlerische Leitung des Festivals \u201eDie Macht der Nacht \u2013 Theaterzelt\u201c. Das Theaterzelt war f\u00fcr 6 Monate die B\u00fchne f\u00fcr hervorragende K\u00fcnstler wie:Sissi Perlinger u.a. (Liste ist in Arbeit)","_links":{"self":[{"href":"https:\/\/bonger.de\/en\/wp-json\/wp\/v2\/pages\/249","targetHints":{"allow":["GET"]}}],"collection":[{"href":"https:\/\/bonger.de\/en\/wp-json\/wp\/v2\/pages"}],"about":[{"href":"https:\/\/bonger.de\/en\/wp-json\/wp\/v2\/types\/page"}],"author":[{"embeddable":true,"href":"https:\/\/bonger.de\/en\/wp-json\/wp\/v2\/users\/1"}],"replies":[{"embeddable":true,"href":"https:\/\/bonger.de\/en\/wp-json\/wp\/v2\/comments?post=249"}],"version-history":[{"count":5,"href":"https:\/\/bonger.de\/en\/wp-json\/wp\/v2\/pages\/249\/revisions"}],"predecessor-version":[{"id":1567,"href":"https:\/\/bonger.de\/en\/wp-json\/wp\/v2\/pages\/249\/revisions\/1567"}],"up":[{"embeddable":true,"href":"https:\/\/bonger.de\/en\/wp-json\/wp\/v2\/pages\/36"}],"wp:featuredmedia":[{"embeddable":true,"href":"https:\/\/bonger.de\/en\/wp-json\/wp\/v2\/media\/942"}],"wp:attachment":[{"href":"https:\/\/bonger.de\/en\/wp-json\/wp\/v2\/media?parent=249"}],"curies":[{"name":"wp","href":"https:\/\/api.w.org\/{rel}","templated":true}]}}