{"id":251,"date":"2021-05-05T08:32:11","date_gmt":"2021-05-05T08:32:11","guid":{"rendered":"http:\/\/www.bonger.de\/?page_id=251"},"modified":"2021-06-12T19:13:05","modified_gmt":"2021-06-12T19:13:05","slug":"festival-der-sinne","status":"publish","type":"page","link":"https:\/\/bonger.de\/en\/events\/festivals\/festival-der-sinne","title":{"rendered":"Festival of Senses (Festival der Sinne)"},"content":{"rendered":"<div class=\"wp-block-media-text alignwide has-media-on-the-right is-stacked-on-mobile\" style=\"grid-template-columns:auto 21%\"><figure class=\"wp-block-media-text__media\"><img loading=\"lazy\" decoding=\"async\" width=\"264\" height=\"512\" src=\"https:\/\/bonger.de\/wp-content\/uploads\/2021\/05\/festival_sine_1.jpeg\" alt=\"\" class=\"wp-image-276 size-full\" srcset=\"https:\/\/bonger.de\/wp-content\/uploads\/2021\/05\/festival_sine_1.jpeg 264w, https:\/\/bonger.de\/wp-content\/uploads\/2021\/05\/festival_sine_1-155x300.jpeg 155w\" sizes=\"auto, (max-width: 264px) 100vw, 264px\" \/><\/figure><div class=\"wp-block-media-text__content\">\n<p>In a former steel warehouse in Kastenbauerstra\u00dfe, near the Riem trade fair grounds in Munich, Voges organized the FESTIVAL OF SENSES.<br>For 5 months, art enthusiasts and partygoers flocked to the halls every weekend.<\/p>\n\n\n\n<p>The program of the FESTIVAL DER SINNE included the Munich premiere of ZARATHUSTRA by Bonger Voges with sold-out performances (1200 guests a day), performances by the artists Rainer Wiesemes and Angelika Meidl. <\/p>\n\n\n\n<p>On Saturdays, Munich partied into the wee hours of the morning at the performance nights that have already become legendary.  <\/p>\n<\/div><\/div>\n\n\n\n<p><strong>Let's go to the feast of the senses!<\/strong><br>Theater &amp; Performance with Bonger Voges<br>With seductive acrobatics, this young lady (photo) beckons to the \"Festival of the Senses\", which Bonger Voges, one of the most creative minds of the independent Munich theater scene, has devised ...<br>Abendzeitung, Munich<\/p>\n\n\n\n<figure class=\"wp-block-image size-large\"><img loading=\"lazy\" decoding=\"async\" width=\"327\" height=\"116\" src=\"https:\/\/bonger.de\/wp-content\/uploads\/2021\/05\/festival_sine_2.gif\" alt=\"\" class=\"wp-image-240\"\/><\/figure>","protected":false},"excerpt":{"rendered":"<p>In einer ehemaligen Stahllagerhalle in der Kastenbauerstra\u00dfe, nahe dem Messegel\u00e4nde Riem in M\u00fcnchen veranstaltete Voges das FESTIVAL DER SINNE.5 Monate lang str\u00f6mten jedes Wochenende Kunstinteressierte und Partyg\u00e4ste in die Hallen. Das Programm des FESTIVAL DER SINNE umfasste die M\u00fcnchen Premiere von ZARATHUSTRA von Bonger Voges mit ausverkauften Vorstellungen (1200 G\u00e4ste am Tag), Vorstellungen der K\u00fcnstler [&hellip;]<\/p>\n","protected":false},"author":1,"featured_media":1566,"parent":36,"menu_order":0,"comment_status":"closed","ping_status":"closed","template":"topmenu-page.php","meta":{"_acf_changed":false,"pgc_sgb_lightbox_settings":"","footnotes":""},"class_list":["post-251","page","type-page","status-publish","has-post-thumbnail","czr-hentry"],"acf":[],"yoast_head":"<!-- This site is optimized with the Yoast SEO plugin v27.3 - https:\/\/yoast.com\/product\/yoast-seo-wordpress\/ -->\n<title>Festival der Sinne -<\/title>\n<meta name=\"robots\" content=\"index, follow, max-snippet:-1, max-image-preview:large, max-video-preview:-1\" \/>\n<link rel=\"canonical\" href=\"https:\/\/bonger.de\/en\/events\/festivals\/festival-der-sinne\" \/>\n<meta property=\"og:locale\" content=\"en_GB\" \/>\n<meta property=\"og:type\" content=\"article\" \/>\n<meta property=\"og:title\" content=\"Festival der Sinne -\" \/>\n<meta property=\"og:description\" content=\"In einer ehemaligen Stahllagerhalle in der Kastenbauerstra\u00dfe, nahe dem Messegel\u00e4nde Riem in M\u00fcnchen veranstaltete Voges das FESTIVAL DER SINNE.5 Monate lang str\u00f6mten jedes Wochenende Kunstinteressierte und Partyg\u00e4ste in die Hallen. Das Programm des FESTIVAL DER SINNE umfasste die M\u00fcnchen Premiere von ZARATHUSTRA von Bonger Voges mit ausverkauften Vorstellungen (1200 G\u00e4ste am Tag), Vorstellungen der K\u00fcnstler [&hellip;]\" \/>\n<meta property=\"og:url\" content=\"https:\/\/bonger.de\/en\/events\/festivals\/festival-der-sinne\" \/>\n<meta property=\"article:modified_time\" content=\"2021-06-12T19:13:05+00:00\" \/>\n<meta property=\"og:image\" content=\"https:\/\/bonger.de\/wp-content\/uploads\/2021\/06\/ScanZPR2-scaled-e1623525173494.jpg\" \/>\n\t<meta property=\"og:image:width\" content=\"1792\" \/>\n\t<meta property=\"og:image:height\" content=\"614\" \/>\n\t<meta property=\"og:image:type\" content=\"image\/jpeg\" \/>\n<meta name=\"twitter:card\" content=\"summary_large_image\" \/>\n<meta name=\"twitter:label1\" content=\"Estimated reading time\" \/>\n\t<meta name=\"twitter:data1\" content=\"1 minute\" \/>\n<script type=\"application\/ld+json\" class=\"yoast-schema-graph\">{\"@context\":\"https:\\\/\\\/schema.org\",\"@graph\":[{\"@type\":\"WebPage\",\"@id\":\"https:\\\/\\\/bonger.de\\\/en\\\/events\\\/festivals\\\/festival-der-sinne\",\"url\":\"https:\\\/\\\/bonger.de\\\/en\\\/events\\\/festivals\\\/festival-der-sinne\",\"name\":\"Festival der Sinne -\",\"isPartOf\":{\"@id\":\"https:\\\/\\\/bonger.de\\\/#website\"},\"primaryImageOfPage\":{\"@id\":\"https:\\\/\\\/bonger.de\\\/en\\\/events\\\/festivals\\\/festival-der-sinne#primaryimage\"},\"image\":{\"@id\":\"https:\\\/\\\/bonger.de\\\/en\\\/events\\\/festivals\\\/festival-der-sinne#primaryimage\"},\"thumbnailUrl\":\"https:\\\/\\\/bonger.de\\\/wp-content\\\/uploads\\\/2021\\\/06\\\/ScanZPR2-scaled-e1623525173494.jpg\",\"datePublished\":\"2021-05-05T08:32:11+00:00\",\"dateModified\":\"2021-06-12T19:13:05+00:00\",\"breadcrumb\":{\"@id\":\"https:\\\/\\\/bonger.de\\\/en\\\/events\\\/festivals\\\/festival-der-sinne#breadcrumb\"},\"inLanguage\":\"en-GB\",\"potentialAction\":[{\"@type\":\"ReadAction\",\"target\":[\"https:\\\/\\\/bonger.de\\\/en\\\/events\\\/festivals\\\/festival-der-sinne\"]}]},{\"@type\":\"ImageObject\",\"inLanguage\":\"en-GB\",\"@id\":\"https:\\\/\\\/bonger.de\\\/en\\\/events\\\/festivals\\\/festival-der-sinne#primaryimage\",\"url\":\"https:\\\/\\\/bonger.de\\\/wp-content\\\/uploads\\\/2021\\\/06\\\/ScanZPR2-scaled-e1623525173494.jpg\",\"contentUrl\":\"https:\\\/\\\/bonger.de\\\/wp-content\\\/uploads\\\/2021\\\/06\\\/ScanZPR2-scaled-e1623525173494.jpg\",\"width\":1792,\"height\":614},{\"@type\":\"BreadcrumbList\",\"@id\":\"https:\\\/\\\/bonger.de\\\/en\\\/events\\\/festivals\\\/festival-der-sinne#breadcrumb\",\"itemListElement\":[{\"@type\":\"ListItem\",\"position\":1,\"name\":\"Startseite\",\"item\":\"https:\\\/\\\/bonger.de\\\/\"},{\"@type\":\"ListItem\",\"position\":2,\"name\":\"Events\",\"item\":\"https:\\\/\\\/bonger.de\\\/events\"},{\"@type\":\"ListItem\",\"position\":3,\"name\":\"Festivals\",\"item\":\"https:\\\/\\\/bonger.de\\\/events\\\/festivals\"},{\"@type\":\"ListItem\",\"position\":4,\"name\":\"Festival der Sinne\"}]},{\"@type\":\"WebSite\",\"@id\":\"https:\\\/\\\/bonger.de\\\/#website\",\"url\":\"https:\\\/\\\/bonger.de\\\/\",\"name\":\"\",\"description\":\"\",\"potentialAction\":[{\"@type\":\"SearchAction\",\"target\":{\"@type\":\"EntryPoint\",\"urlTemplate\":\"https:\\\/\\\/bonger.de\\\/?s={search_term_string}\"},\"query-input\":{\"@type\":\"PropertyValueSpecification\",\"valueRequired\":true,\"valueName\":\"search_term_string\"}}],\"inLanguage\":\"en-GB\"}]}<\/script>\n<!-- \/ Yoast SEO plugin. -->","yoast_head_json":{"title":"Festival der Sinne -","robots":{"index":"index","follow":"follow","max-snippet":"max-snippet:-1","max-image-preview":"max-image-preview:large","max-video-preview":"max-video-preview:-1"},"canonical":"https:\/\/bonger.de\/en\/events\/festivals\/festival-der-sinne","og_locale":"en_GB","og_type":"article","og_title":"Festival der Sinne -","og_description":"In einer ehemaligen Stahllagerhalle in der Kastenbauerstra\u00dfe, nahe dem Messegel\u00e4nde Riem in M\u00fcnchen veranstaltete Voges das FESTIVAL DER SINNE.5 Monate lang str\u00f6mten jedes Wochenende Kunstinteressierte und Partyg\u00e4ste in die Hallen. Das Programm des FESTIVAL DER SINNE umfasste die M\u00fcnchen Premiere von ZARATHUSTRA von Bonger Voges mit ausverkauften Vorstellungen (1200 G\u00e4ste am Tag), Vorstellungen der K\u00fcnstler [&hellip;]","og_url":"https:\/\/bonger.de\/en\/events\/festivals\/festival-der-sinne","article_modified_time":"2021-06-12T19:13:05+00:00","og_image":[{"width":1792,"height":614,"url":"https:\/\/bonger.de\/wp-content\/uploads\/2021\/06\/ScanZPR2-scaled-e1623525173494.jpg","type":"image\/jpeg"}],"twitter_card":"summary_large_image","twitter_misc":{"Estimated reading time":"1 minute"},"schema":{"@context":"https:\/\/schema.org","@graph":[{"@type":"WebPage","@id":"https:\/\/bonger.de\/en\/events\/festivals\/festival-der-sinne","url":"https:\/\/bonger.de\/en\/events\/festivals\/festival-der-sinne","name":"Festival der Sinne -","isPartOf":{"@id":"https:\/\/bonger.de\/#website"},"primaryImageOfPage":{"@id":"https:\/\/bonger.de\/en\/events\/festivals\/festival-der-sinne#primaryimage"},"image":{"@id":"https:\/\/bonger.de\/en\/events\/festivals\/festival-der-sinne#primaryimage"},"thumbnailUrl":"https:\/\/bonger.de\/wp-content\/uploads\/2021\/06\/ScanZPR2-scaled-e1623525173494.jpg","datePublished":"2021-05-05T08:32:11+00:00","dateModified":"2021-06-12T19:13:05+00:00","breadcrumb":{"@id":"https:\/\/bonger.de\/en\/events\/festivals\/festival-der-sinne#breadcrumb"},"inLanguage":"en-GB","potentialAction":[{"@type":"ReadAction","target":["https:\/\/bonger.de\/en\/events\/festivals\/festival-der-sinne"]}]},{"@type":"ImageObject","inLanguage":"en-GB","@id":"https:\/\/bonger.de\/en\/events\/festivals\/festival-der-sinne#primaryimage","url":"https:\/\/bonger.de\/wp-content\/uploads\/2021\/06\/ScanZPR2-scaled-e1623525173494.jpg","contentUrl":"https:\/\/bonger.de\/wp-content\/uploads\/2021\/06\/ScanZPR2-scaled-e1623525173494.jpg","width":1792,"height":614},{"@type":"BreadcrumbList","@id":"https:\/\/bonger.de\/en\/events\/festivals\/festival-der-sinne#breadcrumb","itemListElement":[{"@type":"ListItem","position":1,"name":"Startseite","item":"https:\/\/bonger.de\/"},{"@type":"ListItem","position":2,"name":"Events","item":"https:\/\/bonger.de\/events"},{"@type":"ListItem","position":3,"name":"Festivals","item":"https:\/\/bonger.de\/events\/festivals"},{"@type":"ListItem","position":4,"name":"Festival der Sinne"}]},{"@type":"WebSite","@id":"https:\/\/bonger.de\/#website","url":"https:\/\/bonger.de\/","name":"","description":"","potentialAction":[{"@type":"SearchAction","target":{"@type":"EntryPoint","urlTemplate":"https:\/\/bonger.de\/?s={search_term_string}"},"query-input":{"@type":"PropertyValueSpecification","valueRequired":true,"valueName":"search_term_string"}}],"inLanguage":"en-GB"}]}},"rttpg_featured_image_url":{"full":["https:\/\/bonger.de\/wp-content\/uploads\/2021\/06\/ScanZPR2-scaled-e1623525173494.jpg",1792,614,false],"landscape":["https:\/\/bonger.de\/wp-content\/uploads\/2021\/06\/ScanZPR2-scaled-e1623525173494.jpg",1792,614,false],"portraits":["https:\/\/bonger.de\/wp-content\/uploads\/2021\/06\/ScanZPR2-scaled-e1623525173494.jpg",1792,614,false],"thumbnail":["https:\/\/bonger.de\/wp-content\/uploads\/2021\/06\/ScanZPR2-scaled-e1623525173494-150x150.jpg",150,150,true],"medium":["https:\/\/bonger.de\/wp-content\/uploads\/2021\/06\/ScanZPR2-scaled-e1623525173494-300x103.jpg",300,103,true],"large":["https:\/\/bonger.de\/wp-content\/uploads\/2021\/06\/ScanZPR2-scaled-e1623525173494-1024x351.jpg",1024,351,true],"1536x1536":["https:\/\/bonger.de\/wp-content\/uploads\/2021\/06\/ScanZPR2-scaled-e1623525173494-1536x526.jpg",1536,526,true],"2048x2048":["https:\/\/bonger.de\/wp-content\/uploads\/2021\/06\/ScanZPR2-1435x2048.jpg",1435,2048,true],"trp-custom-language-flag":["https:\/\/bonger.de\/wp-content\/uploads\/2021\/06\/ScanZPR2-scaled-e1623525173494-16x5.jpg",16,5,true],"tc-grid-full":["https:\/\/bonger.de\/wp-content\/uploads\/2021\/06\/ScanZPR2-scaled-e1623525173494-1110x444.jpg",1110,444,true],"tc-grid":["https:\/\/bonger.de\/wp-content\/uploads\/2021\/06\/ScanZPR2-scaled-e1623525173494-570x350.jpg",570,350,true],"tc-thumb":["https:\/\/bonger.de\/wp-content\/uploads\/2021\/06\/ScanZPR2-scaled-e1623525173494-270x250.jpg",270,250,true],"slider-full":["https:\/\/bonger.de\/wp-content\/uploads\/2021\/06\/ScanZPR2-scaled-e1623525173494-1792x500.jpg",1792,500,true],"slider":["https:\/\/bonger.de\/wp-content\/uploads\/2021\/06\/ScanZPR2-scaled-e1623525173494-1110x500.jpg",1110,500,true],"tc-sq-thumb":["https:\/\/bonger.de\/wp-content\/uploads\/2021\/06\/ScanZPR2-scaled-e1623525173494-510x510.jpg",510,510,true],"tc-ws-thumb":["https:\/\/bonger.de\/wp-content\/uploads\/2021\/06\/ScanZPR2-scaled-e1623525173494-1110x614.jpg",1110,614,true],"tc-ws-small-thumb":["https:\/\/bonger.de\/wp-content\/uploads\/2021\/06\/ScanZPR2-scaled-e1623525173494-528x297.jpg",528,297,true],"tc-slider-small":["https:\/\/bonger.de\/wp-content\/uploads\/2021\/06\/ScanZPR2-scaled-e1623525173494-517x235.jpg",517,235,true]},"rttpg_author":{"display_name":"daniel","author_link":"https:\/\/bonger.de\/en\/author\/daniel"},"rttpg_comment":0,"rttpg_category":null,"rttpg_excerpt":"In einer ehemaligen Stahllagerhalle in der Kastenbauerstra\u00dfe, nahe dem Messegel\u00e4nde Riem in M\u00fcnchen veranstaltete Voges das FESTIVAL DER SINNE.5 Monate lang str\u00f6mten jedes Wochenende Kunstinteressierte und Partyg\u00e4ste in die Hallen. Das Programm des FESTIVAL DER SINNE umfasste die M\u00fcnchen Premiere von ZARATHUSTRA von Bonger Voges mit ausverkauften Vorstellungen (1200 G\u00e4ste am Tag), Vorstellungen der K\u00fcnstler&hellip;","_links":{"self":[{"href":"https:\/\/bonger.de\/en\/wp-json\/wp\/v2\/pages\/251","targetHints":{"allow":["GET"]}}],"collection":[{"href":"https:\/\/bonger.de\/en\/wp-json\/wp\/v2\/pages"}],"about":[{"href":"https:\/\/bonger.de\/en\/wp-json\/wp\/v2\/types\/page"}],"author":[{"embeddable":true,"href":"https:\/\/bonger.de\/en\/wp-json\/wp\/v2\/users\/1"}],"replies":[{"embeddable":true,"href":"https:\/\/bonger.de\/en\/wp-json\/wp\/v2\/comments?post=251"}],"version-history":[{"count":7,"href":"https:\/\/bonger.de\/en\/wp-json\/wp\/v2\/pages\/251\/revisions"}],"predecessor-version":[{"id":1136,"href":"https:\/\/bonger.de\/en\/wp-json\/wp\/v2\/pages\/251\/revisions\/1136"}],"up":[{"embeddable":true,"href":"https:\/\/bonger.de\/en\/wp-json\/wp\/v2\/pages\/36"}],"wp:featuredmedia":[{"embeddable":true,"href":"https:\/\/bonger.de\/en\/wp-json\/wp\/v2\/media\/1566"}],"wp:attachment":[{"href":"https:\/\/bonger.de\/en\/wp-json\/wp\/v2\/media?parent=251"}],"curies":[{"name":"wp","href":"https:\/\/api.w.org\/{rel}","templated":true}]}}