{"id":255,"date":"2021-05-05T08:33:17","date_gmt":"2021-05-05T08:33:17","guid":{"rendered":"http:\/\/www.bonger.de\/?page_id=255"},"modified":"2021-05-05T08:48:00","modified_gmt":"2021-05-05T08:48:00","slug":"kunstwinter-berlin","status":"publish","type":"page","link":"https:\/\/bonger.de\/en\/events\/festivals\/kunstwinter-berlin","title":{"rendered":"Art Winter Berlin"},"content":{"rendered":"<div class=\"wp-block-media-text alignwide has-media-on-the-right is-stacked-on-mobile\" style=\"grid-template-columns:auto 34%\"><figure class=\"wp-block-media-text__media\"><img loading=\"lazy\" decoding=\"async\" width=\"396\" height=\"361\" src=\"https:\/\/bonger.de\/wp-content\/uploads\/2021\/05\/festival_kunstwinter_1.jpeg\" alt=\"\" class=\"wp-image-287 size-full\" srcset=\"https:\/\/bonger.de\/wp-content\/uploads\/2021\/05\/festival_kunstwinter_1.jpeg 396w, https:\/\/bonger.de\/wp-content\/uploads\/2021\/05\/festival_kunstwinter_1-300x273.jpeg 300w\" sizes=\"auto, (max-width: 396px) 100vw, 396px\" \/><\/figure><div class=\"wp-block-media-text__content\">\n<p>Under the patronage of the Berlin Senator for Science, Research and Culture Thomas Flierl, the 1st Art Winter Berlin took place at Friedrichstra\u00dfe 112.<br>50 internationale K\u00fcnstler (Maler, Bildhauer, Videok\u00fcnstler, Architekten, Performer) pr\u00e4sentierten auf 4 Etagen ihre Ideen zum Stadtraum Friedrichstadt, Berlin.<\/p>\n\n\n\n<p>More information: <a href=\"http:\/\/www.kunstwinter.de\">www.kunstwinter.de<\/a><\/p>\n<\/div><\/div>","protected":false},"excerpt":{"rendered":"<p>Unter der Schirmherrschaft des Berliner Senators f\u00fcr Wissenschaft, Forschung und Kultur Thomas Flierl fand in der Friedrichstra\u00dfe 112 der 1. KunstWinter Berlin statt.50 internationale K\u00fcnstler (Maler, Bildhauer, Videok\u00fcnstler, Architekten, Performer) pr\u00e4sentierten auf 4 Etagen ihre Ideen zum Stadtraum Friedrichstadt, Berlin. Siehe www.kunstwinter.de<\/p>","protected":false},"author":1,"featured_media":0,"parent":36,"menu_order":0,"comment_status":"closed","ping_status":"closed","template":"topmenu-page.php","meta":{"_acf_changed":false,"pgc_sgb_lightbox_settings":"","footnotes":""},"class_list":["post-255","page","type-page","status-publish","czr-hentry"],"acf":[],"yoast_head":"<!-- This site is optimized with the Yoast SEO plugin v27.3 - https:\/\/yoast.com\/product\/yoast-seo-wordpress\/ -->\n<title>KunstWinter-Berlin -<\/title>\n<meta name=\"robots\" content=\"index, follow, max-snippet:-1, max-image-preview:large, max-video-preview:-1\" \/>\n<link rel=\"canonical\" href=\"https:\/\/bonger.de\/en\/events\/festivals\/kunstwinter-berlin\/\" \/>\n<meta property=\"og:locale\" content=\"en_GB\" \/>\n<meta property=\"og:type\" content=\"article\" \/>\n<meta property=\"og:title\" content=\"KunstWinter-Berlin -\" \/>\n<meta property=\"og:description\" content=\"Unter der Schirmherrschaft des Berliner Senators f\u00fcr Wissenschaft, Forschung und Kultur Thomas Flierl fand in der Friedrichstra\u00dfe 112 der 1. KunstWinter Berlin statt.50 internationale K\u00fcnstler (Maler, Bildhauer, Videok\u00fcnstler, Architekten, Performer) pr\u00e4sentierten auf 4 Etagen ihre Ideen zum Stadtraum Friedrichstadt, Berlin. Siehe www.kunstwinter.de\" \/>\n<meta property=\"og:url\" content=\"https:\/\/bonger.de\/en\/events\/festivals\/kunstwinter-berlin\/\" \/>\n<meta property=\"article:modified_time\" content=\"2021-05-05T08:48:00+00:00\" \/>\n<meta property=\"og:image\" content=\"https:\/\/bonger.de\/wp-content\/uploads\/2021\/05\/festival_kunstwinter_1.jpeg\" \/>\n<meta name=\"twitter:card\" content=\"summary_large_image\" \/>\n<script type=\"application\/ld+json\" class=\"yoast-schema-graph\">{\"@context\":\"https:\\\/\\\/schema.org\",\"@graph\":[{\"@type\":\"WebPage\",\"@id\":\"https:\\\/\\\/bonger.de\\\/events\\\/festivals\\\/kunstwinter-berlin\",\"url\":\"https:\\\/\\\/bonger.de\\\/events\\\/festivals\\\/kunstwinter-berlin\",\"name\":\"KunstWinter-Berlin -\",\"isPartOf\":{\"@id\":\"https:\\\/\\\/bonger.de\\\/#website\"},\"primaryImageOfPage\":{\"@id\":\"https:\\\/\\\/bonger.de\\\/events\\\/festivals\\\/kunstwinter-berlin#primaryimage\"},\"image\":{\"@id\":\"https:\\\/\\\/bonger.de\\\/events\\\/festivals\\\/kunstwinter-berlin#primaryimage\"},\"thumbnailUrl\":\"https:\\\/\\\/bonger.de\\\/wp-content\\\/uploads\\\/2021\\\/05\\\/festival_kunstwinter_1.jpeg\",\"datePublished\":\"2021-05-05T08:33:17+00:00\",\"dateModified\":\"2021-05-05T08:48:00+00:00\",\"breadcrumb\":{\"@id\":\"https:\\\/\\\/bonger.de\\\/events\\\/festivals\\\/kunstwinter-berlin#breadcrumb\"},\"inLanguage\":\"en-GB\",\"potentialAction\":[{\"@type\":\"ReadAction\",\"target\":[\"https:\\\/\\\/bonger.de\\\/events\\\/festivals\\\/kunstwinter-berlin\"]}]},{\"@type\":\"ImageObject\",\"inLanguage\":\"en-GB\",\"@id\":\"https:\\\/\\\/bonger.de\\\/events\\\/festivals\\\/kunstwinter-berlin#primaryimage\",\"url\":\"https:\\\/\\\/bonger.de\\\/wp-content\\\/uploads\\\/2021\\\/05\\\/festival_kunstwinter_1.jpeg\",\"contentUrl\":\"https:\\\/\\\/bonger.de\\\/wp-content\\\/uploads\\\/2021\\\/05\\\/festival_kunstwinter_1.jpeg\"},{\"@type\":\"BreadcrumbList\",\"@id\":\"https:\\\/\\\/bonger.de\\\/events\\\/festivals\\\/kunstwinter-berlin#breadcrumb\",\"itemListElement\":[{\"@type\":\"ListItem\",\"position\":1,\"name\":\"Startseite\",\"item\":\"https:\\\/\\\/bonger.de\\\/\"},{\"@type\":\"ListItem\",\"position\":2,\"name\":\"Events\",\"item\":\"https:\\\/\\\/bonger.de\\\/events\"},{\"@type\":\"ListItem\",\"position\":3,\"name\":\"Festivals\",\"item\":\"https:\\\/\\\/bonger.de\\\/events\\\/festivals\"},{\"@type\":\"ListItem\",\"position\":4,\"name\":\"KunstWinter-Berlin\"}]},{\"@type\":\"WebSite\",\"@id\":\"https:\\\/\\\/bonger.de\\\/#website\",\"url\":\"https:\\\/\\\/bonger.de\\\/\",\"name\":\"\",\"description\":\"\",\"potentialAction\":[{\"@type\":\"SearchAction\",\"target\":{\"@type\":\"EntryPoint\",\"urlTemplate\":\"https:\\\/\\\/bonger.de\\\/?s={search_term_string}\"},\"query-input\":{\"@type\":\"PropertyValueSpecification\",\"valueRequired\":true,\"valueName\":\"search_term_string\"}}],\"inLanguage\":\"en-GB\"}]}<\/script>\n<!-- \/ Yoast SEO plugin. -->","yoast_head_json":{"title":"KunstWinter-Berlin -","robots":{"index":"index","follow":"follow","max-snippet":"max-snippet:-1","max-image-preview":"max-image-preview:large","max-video-preview":"max-video-preview:-1"},"canonical":"https:\/\/bonger.de\/en\/events\/festivals\/kunstwinter-berlin\/","og_locale":"en_GB","og_type":"article","og_title":"KunstWinter-Berlin -","og_description":"Unter der Schirmherrschaft des Berliner Senators f\u00fcr Wissenschaft, Forschung und Kultur Thomas Flierl fand in der Friedrichstra\u00dfe 112 der 1. KunstWinter Berlin statt.50 internationale K\u00fcnstler (Maler, Bildhauer, Videok\u00fcnstler, Architekten, Performer) pr\u00e4sentierten auf 4 Etagen ihre Ideen zum Stadtraum Friedrichstadt, Berlin. Siehe www.kunstwinter.de","og_url":"https:\/\/bonger.de\/en\/events\/festivals\/kunstwinter-berlin\/","article_modified_time":"2021-05-05T08:48:00+00:00","og_image":[{"url":"https:\/\/bonger.de\/wp-content\/uploads\/2021\/05\/festival_kunstwinter_1.jpeg","type":"","width":"","height":""}],"twitter_card":"summary_large_image","schema":{"@context":"https:\/\/schema.org","@graph":[{"@type":"WebPage","@id":"https:\/\/bonger.de\/events\/festivals\/kunstwinter-berlin","url":"https:\/\/bonger.de\/events\/festivals\/kunstwinter-berlin","name":"KunstWinter-Berlin -","isPartOf":{"@id":"https:\/\/bonger.de\/#website"},"primaryImageOfPage":{"@id":"https:\/\/bonger.de\/events\/festivals\/kunstwinter-berlin#primaryimage"},"image":{"@id":"https:\/\/bonger.de\/events\/festivals\/kunstwinter-berlin#primaryimage"},"thumbnailUrl":"https:\/\/bonger.de\/wp-content\/uploads\/2021\/05\/festival_kunstwinter_1.jpeg","datePublished":"2021-05-05T08:33:17+00:00","dateModified":"2021-05-05T08:48:00+00:00","breadcrumb":{"@id":"https:\/\/bonger.de\/events\/festivals\/kunstwinter-berlin#breadcrumb"},"inLanguage":"en-GB","potentialAction":[{"@type":"ReadAction","target":["https:\/\/bonger.de\/events\/festivals\/kunstwinter-berlin"]}]},{"@type":"ImageObject","inLanguage":"en-GB","@id":"https:\/\/bonger.de\/events\/festivals\/kunstwinter-berlin#primaryimage","url":"https:\/\/bonger.de\/wp-content\/uploads\/2021\/05\/festival_kunstwinter_1.jpeg","contentUrl":"https:\/\/bonger.de\/wp-content\/uploads\/2021\/05\/festival_kunstwinter_1.jpeg"},{"@type":"BreadcrumbList","@id":"https:\/\/bonger.de\/events\/festivals\/kunstwinter-berlin#breadcrumb","itemListElement":[{"@type":"ListItem","position":1,"name":"Startseite","item":"https:\/\/bonger.de\/"},{"@type":"ListItem","position":2,"name":"Events","item":"https:\/\/bonger.de\/events"},{"@type":"ListItem","position":3,"name":"Festivals","item":"https:\/\/bonger.de\/events\/festivals"},{"@type":"ListItem","position":4,"name":"KunstWinter-Berlin"}]},{"@type":"WebSite","@id":"https:\/\/bonger.de\/#website","url":"https:\/\/bonger.de\/","name":"","description":"","potentialAction":[{"@type":"SearchAction","target":{"@type":"EntryPoint","urlTemplate":"https:\/\/bonger.de\/?s={search_term_string}"},"query-input":{"@type":"PropertyValueSpecification","valueRequired":true,"valueName":"search_term_string"}}],"inLanguage":"en-GB"}]}},"rttpg_featured_image_url":null,"rttpg_author":{"display_name":"daniel","author_link":"https:\/\/bonger.de\/en\/author\/daniel"},"rttpg_comment":0,"rttpg_category":null,"rttpg_excerpt":"Unter der Schirmherrschaft des Berliner Senators f\u00fcr Wissenschaft, Forschung und Kultur Thomas Flierl fand in der Friedrichstra\u00dfe 112 der 1. KunstWinter Berlin statt.50 internationale K\u00fcnstler (Maler, Bildhauer, Videok\u00fcnstler, Architekten, Performer) pr\u00e4sentierten auf 4 Etagen ihre Ideen zum Stadtraum Friedrichstadt, Berlin. Siehe www.kunstwinter.de","_links":{"self":[{"href":"https:\/\/bonger.de\/en\/wp-json\/wp\/v2\/pages\/255","targetHints":{"allow":["GET"]}}],"collection":[{"href":"https:\/\/bonger.de\/en\/wp-json\/wp\/v2\/pages"}],"about":[{"href":"https:\/\/bonger.de\/en\/wp-json\/wp\/v2\/types\/page"}],"author":[{"embeddable":true,"href":"https:\/\/bonger.de\/en\/wp-json\/wp\/v2\/users\/1"}],"replies":[{"embeddable":true,"href":"https:\/\/bonger.de\/en\/wp-json\/wp\/v2\/comments?post=255"}],"version-history":[{"count":3,"href":"https:\/\/bonger.de\/en\/wp-json\/wp\/v2\/pages\/255\/revisions"}],"predecessor-version":[{"id":289,"href":"https:\/\/bonger.de\/en\/wp-json\/wp\/v2\/pages\/255\/revisions\/289"}],"up":[{"embeddable":true,"href":"https:\/\/bonger.de\/en\/wp-json\/wp\/v2\/pages\/36"}],"wp:attachment":[{"href":"https:\/\/bonger.de\/en\/wp-json\/wp\/v2\/media?parent=255"}],"curies":[{"name":"wp","href":"https:\/\/api.w.org\/{rel}","templated":true}]}}