{"id":257,"date":"2021-05-05T08:33:33","date_gmt":"2021-05-05T08:33:33","guid":{"rendered":"http:\/\/www.bonger.de\/?page_id=257"},"modified":"2021-07-03T11:07:38","modified_gmt":"2021-07-03T11:07:38","slug":"europafestival-berlin","status":"publish","type":"page","link":"https:\/\/bonger.de\/en\/events\/festivals\/europafestival-berlin","title":{"rendered":"Europe Festival Berlin"},"content":{"rendered":"\n<p>Am 12. Mai 2006 fand anl\u00e4sslich der Er\u00f6ffnung der tempor\u00e4ren Fleiluftausstellung des europ\u00e4ischen Wahrzeichens PFAD DER VISION\u00c4RE das I. EUROPAFESTIVAL &#8211; BERLIN 06 statt.<\/p>\n\n\n\n<p>Das EUROPAFESTIVAL-BERLIN wurde noch 2007 und 2008 durchgef\u00fchrt. Das Festival wurde in Kooperation mit der Europ\u00e4ischen Kommission, Vertretung in Deutschland und in Zusammenarbeit mit den Botschaften der EU-Mitgliedstaaten organisiert.<\/p>\n\n\n\n<pre class=\"wp-block-preformatted\"><img loading=\"lazy\" decoding=\"async\" width=\"924\" height=\"156\" class=\"wp-image-1679\" style=\"width: 924px;\" src=\"https:\/\/bonger.de\/wp-content\/uploads\/2021\/06\/banner_euf08_oben-728x123-1.jpg\" alt=\"\" srcset=\"https:\/\/bonger.de\/wp-content\/uploads\/2021\/06\/banner_euf08_oben-728x123-1.jpg 728w, https:\/\/bonger.de\/wp-content\/uploads\/2021\/06\/banner_euf08_oben-728x123-1-300x51.jpg 300w, https:\/\/bonger.de\/wp-content\/uploads\/2021\/06\/banner_euf08_oben-728x123-1-16x3.jpg 16w\" sizes=\"auto, (max-width: 924px) 100vw, 924px\" \/><\/pre>\n\n\n\n<p>Das EUROPAFESTIVAL-BERLIN ist mit der Markt und Unterhaltungsstra\u00dfe jeder Jahr weiter gewachsen bis es 2008 vom Halleschen Tor bis zum Checkpoint Charlie reichte. <\/p>\n\n\n<div class=\"pgc-sgb-cb wp-block-pgcsimplygalleryblock-grid \" data-gallery-id=\"a8f17ba1_1623877198327\"><div class=\"sgb-preloader\" id=\"pr_a8f17ba1_1623877198327\">\n\t<div class=\"sgb-square\" style=\"background:#d4d4d4\"><\/div>\n\t<div class=\"sgb-square\" style=\"background:#d4d4d4\"><\/div>\n\t<div class=\"sgb-square\" style=\"background:#d4d4d4\"><\/div>\n\t<div class=\"sgb-square\" style=\"background:#d4d4d4\"><\/div><\/div><div class=\"simply-gallery-amp pgc_sgb_slider \"><noscript><div class=\"sgb-gallery\"><div class=\"sgb-item\"><a href=\"https:\/\/bonger.de\/events\/festivals\/europafestival-berlin\/uebersichtsplan_festmeile2007\" target=\"_blank\"><img decoding=\"async\" alt=\"\" width=\"1101\" height=\"699\" loading=\"lazy\" src=\"https:\/\/bonger.de\/wp-content\/uploads\/2021\/06\/Uebersichtsplan_Festmeile2007.bmp\" srcset=\",https:\/\/bonger.de\/wp-content\/uploads\/2021\/06\/Uebersichtsplan_Festmeile2007.bmp 1101w\" sizes=\"auto, 250px\"\/><\/a><\/div><\/div><\/noscript><\/div><script type=\"application\/json\" class=\"sgb-data\">{\"copyRProtection\":false,\"sliderItemTitleEnable\":true,\"sliderBgColor\":\"rgba(0,0,0,1)\",\"sliderSlideshow\":false,\"sliderSocialShareEnabled\":false,\"sliderZoomEnable\":false,\"sliderFullscreenEnabled\":false,\"thumbClickAction\":\"useLightbox\",\"captions\":false,\"collectionThumbSubMenuDownload\":false,\"collectionThumbSubMenuShare\":false,\"galleryType\":\"pgc_sgb_grid\",\"galleryId\":\"a8f17ba1_1623877198327\",\"images\":[{\"id\":1678,\"title\":\"\u00dcbersichtsplan_Festmeile2007\",\"url\":\"https:\/\/bonger.de\/wp-content\/uploads\/2021\/06\/Uebersichtsplan_Festmeile2007.bmp\",\"link\":\"https:\/\/bonger.de\/events\/festivals\/europafestival-berlin\/uebersichtsplan_festmeile2007\",\"alt\":\"\",\"description\":\"\",\"caption\":\"\",\"mime\":\"image\/bmp\",\"type\":\"image\",\"width\":1101,\"height\":699,\"sizes\":{\"full\":{\"url\":\"https:\/\/bonger.de\/wp-content\/uploads\/2021\/06\/Uebersichtsplan_Festmeile2007.bmp\",\"height\":699,\"width\":1101,\"orientation\":\"landscape\"}},\"meta\":false,\"postlink\":\"https:\/\/bonger.de\/events\/festivals\/europafestival-berlin\/uebersichtsplan_festmeile2007\"}],\"itemsMetaDataCollection\":[],\"galleryData\":\"{\\u0022copyRProtection\\u0022:false,\\u0022copyRAlert\\u0022:\\u0022Hello, this photo is mine!\\u0022,\\u0022sliderScrollNavi\\u0022:false,\\u0022sliderNextPrevAnimation\\u0022:\\u0022animation\\u0022,\\u0022galleryScrollPositionControll\\u0022:false,\\u0022sliderVideoAutoPlay\\u0022:false,\\u0022sliderItemCounterEnable\\u0022:true,\\u0022sliderCaptionSrc\\u0022:\\u0022caption\\u0022,\\u0022sliderItemTitleEnable\\u0022:true,\\u0022sliderItemTitleFontSize\\u0022:18,\\u0022sliderItemTitleTextColor\\u0022:\\u0022rgba(255,255,255,1)\\u0022,\\u0022itemCounterColor\\u0022:\\u0022rgba(255,255,255,1)\\u0022,\\u0022sliderThumbBarEnable\\u0022:true,\\u0022sliderThumbBarHoverColor\\u0022:\\u0022rgba(240,240,240,1)\\u0022,\\u0022sliderBgColor\\u0022:\\u0022rgba(0,0,0,1)\\u0022,\\u0022sliderPreloaderColor\\u0022:\\u0022rgba(240,240,240,1)\\u0022,\\u0022sliderHeaderFooterBgColor\\u0022:\\u0022rgba(0,0,0,0.4)\\u0022,\\u0022sliderNavigationColor\\u0022:\\u0022rgba(0,0,0,1)\\u0022,\\u0022sliderNavigationColorOver\\u0022:\\u0022rgba(255,255,255,1)\\u0022,\\u0022sliderNavigationIconColor\\u0022:\\u0022rgba(255,255,255,1)\\u0022,\\u0022sliderNavigationIconColorOver\\u0022:\\u0022rgba(0,0,0,1)\\u0022,\\u0022sliderSlideshow\\u0022:false,\\u0022sliderSlideshowDelay\\u0022:8,\\u0022slideshowIndicatorColor\\u0022:\\u0022rgba(255,255,255,1)\\u0022,\\u0022slideshowIndicatorColorBg\\u0022:\\u0022rgba(255,255,255,0.5)\\u0022,\\u0022sliderThumbSubMenuBackgroundColor\\u0022:\\u0022rgba(255,255,255,0)\\u0022,\\u0022sliderThumbSubMenuBackgroundColorOver\\u0022:\\u0022rgba(255,255,255,1)\\u0022,\\u0022sliderThumbSubMenuIconColor\\u0022:\\u0022rgba(255,255,255,1)\\u0022,\\u0022sliderThumbSubMenuIconHoverColor\\u0022:\\u0022rgba(0,0,0,1)\\u0022,\\u0022sliderSocialShareEnabled\\u0022:false,\\u0022sliderZoomEnable\\u0022:false,\\u0022sliderFullscreenEnabled\\u0022:false,\\u0022modaBgColor\\u0022:\\u0022rgba(0,0,0,0.8)\\u0022,\\u0022modalIconColor\\u0022:\\u0022rgba(255,255,255,1)\\u0022,\\u0022modalIconColorHover\\u0022:\\u0022rgba(255,255,255,0.8)\\u0022,\\u0022shareFacebook\\u0022:true,\\u0022shareTwitter\\u0022:true,\\u0022sharePinterest\\u0022:true,\\u0022sliderItemDownload\\u0022:true,\\u0022shareCopyLink\\u0022:true,\\u0022sharePost\\u0022:\\u0022sharelink\\u0022,\\u0022tagsFilter\\u0022:false,\\u0022tagCloudAll\\u0022:\\u0022All\\u0022,\\u0022tagCloudBgColor\\u0022:\\u0022rgba(153,153,153,1)\\u0022,\\u0022tagCloudBgColorOver\\u0022:\\u0022rgba(253,253,253,1)\\u0022,\\u0022tagCloudTextColor\\u0022:\\u0022rgba(253,253,253,1)\\u0022,\\u0022tagCloudTextColorOver\\u0022:\\u0022rgba(153,153,153,1)\\u0022,\\u0022tagCloudFontSize\\u0022:16,\\u0022deepLinking\\u0022:false,\\u0022useLightbox\\u0022:true,\\u0022thumbClickAction\\u0022:\\u0022useLightbox\\u0022,\\u0022numItemsDisplayed\\u0022:0,\\u0022lazyLoading\\u0022:true,\\u0022contentNoPadding\\u0022:false,\\u0022galleryPreloaderColor\\u0022:\\u0022rgba(230,230,230,1)\\u0022,\\u0022galleryBgColor\\u0022:\\u0022rgba(0,0,0,0)\\u0022,\\u0022galleryBorderRadius\\u0022:0,\\u0022customCSS\\u0022:\\u0022\\u0022,\\u0022collectionColumns\\u0022:3,\\u0022thumbHieghtRation\\u0022:1,\\u0022collectionThumbRecomendedWidth\\u0022:200,\\u0022thumbSpacing\\u0022:5,\\u0022externalLink\\u0022:true,\\u0022externalLinkDefName\\u0022:\\u0022Read More\\u0022,\\u0022externalLinkTextColor\\u0022:\\u0022rgba(0,0,0,1)\\u0022,\\u0022externalLinkBgColor\\u0022:\\u0022rgba(255,255,255,1)\\u0022,\\u0022externalLinkFontSize\\u0022:18,\\u0022captions\\u0022:false,\\u0022captionSrc\\u0022:\\u0022caption\\u0022,\\u0022captionHAlign\\u0022:\\u0022top\\u0022,\\u0022collectionthumbHoverTitleFontSize\\u0022:18,\\u0022collectionthumbRoundedCorners\\u0022:0,\\u0022collectionthumbHoverTitleTextColor\\u0022:\\u0022rgba(255,255,255,1)\\u0022,\\u0022collectionthumbHoverTitleTextBgColor\\u0022:\\u0022rgba(0,0,0,0.8)\\u0022,\\u0022collectionthumbHoverBgColor\\u0022:\\u0022rgba(0,0,0,0.4)\\u0022,\\u0022collectionThumbSubMenuDownload\\u0022:false,\\u0022collectionThumbSubMenuShare\\u0022:false,\\u0022collectionThumbSubMenuBgColor\\u0022:\\u0022rgba(0,0,0,0.4)\\u0022,\\u0022collectionThumbSubMenuBgColorHover\\u0022:\\u0022rgba(255,255,255,1)\\u0022,\\u0022collectionThumbSubMenuIconColor\\u0022:\\u0022rgba(255,255,255,1)\\u0022,\\u0022collectionThumbSubMenuIconColorHover\\u0022:\\u0022rgba(0,0,0,1)\\u0022,\\u0022galleryType\\u0022:\\u0022pgc_sgb_grid\\u0022,\\u0022align\\u0022:\\u0022\\u0022,\\u0022galleryId\\u0022:\\u0022a8f17ba1_1623877198327\\u0022,\\u0022images\\u0022:[{\\u0022id\\u0022:1678,\\u0022title\\u0022:\\u0022\u00dcbersichtsplan_Festmeile2007\\u0022,\\u0022url\\u0022:\\u0022https:\/\/bonger.de\/wp-content\/uploads\/2021\/06\/Uebersichtsplan_Festmeile2007.bmp\\u0022,\\u0022link\\u0022:\\u0022https:\/\/bonger.de\/events\/festivals\/europafestival-berlin\/uebersichtsplan_festmeile2007\\u0022,\\u0022alt\\u0022:\\u0022\\u0022,\\u0022description\\u0022:\\u0022\\u0022,\\u0022caption\\u0022:\\u0022\\u0022,\\u0022mime\\u0022:\\u0022image\/bmp\\u0022,\\u0022type\\u0022:\\u0022image\\u0022,\\u0022width\\u0022:1101,\\u0022height\\u0022:699,\\u0022sizes\\u0022:{\\u0022full\\u0022:{\\u0022url\\u0022:\\u0022https:\/\/bonger.de\/wp-content\/uploads\/2021\/06\/Uebersichtsplan_Festmeile2007.bmp\\u0022,\\u0022height\\u0022:699,\\u0022width\\u0022:1101,\\u0022orientation\\u0022:\\u0022landscape\\u0022}},\\u0022meta\\u0022:false,\\u0022postlink\\u0022:\\u0022https:\/\/bonger.de\/events\/festivals\/europafestival-berlin\/uebersichtsplan_festmeile2007\\u0022}],\\u0022itemsMetaDataCollection\\u0022:[],\\u0022tagsListCustomMode\\u0022:false,\\u0022galleryTagsList\\u0022:[],\\u0022useClobalSettings\\u0022:false,\\u0022orderBy\\u0022:\\u0022custom\\u0022,\\u0022settingsModalIsOpen\\u0022:false,\\u0022skin\\u0022:\\u0022grid\\u0022}\",\"TrpContentRestriction\":{\"restriction_type\":\"exclude\",\"selected_languages\":[],\"panel_open\":true}}<\/script><script>(function(){if(window.PGC_SGB && window.PGC_SGB.searcher){window.PGC_SGB.searcher.initBlocks()}})()<\/script><\/div>\n\n\n<p>Mehr Informationen siehe <a href=\"http:\/\/www.Europafestival-Berlin.de\">www.Europafestival-Berlin.de<\/a><\/p>\n","protected":false},"excerpt":{"rendered":"<p>Am 12. Mai 2006 fand anl\u00e4sslich der Er\u00f6ffnung der tempor\u00e4ren Fleiluftausstellung des europ\u00e4ischen Wahrzeichens PFAD DER VISION\u00c4RE das I. EUROPAFESTIVAL &#8211; BERLIN 06 statt. Das EUROPAFESTIVAL-BERLIN wurde noch 2007 und 2008 durchgef\u00fchrt. Das Festival wurde in Kooperation mit der Europ\u00e4ischen Kommission, Vertretung in Deutschland und in Zusammenarbeit mit den Botschaften der EU-Mitgliedstaaten organisiert. Das EUROPAFESTIVAL-BERLIN [&hellip;]<\/p>\n","protected":false},"author":1,"featured_media":0,"parent":36,"menu_order":0,"comment_status":"closed","ping_status":"closed","template":"topmenu-page.php","meta":{"_acf_changed":false,"pgc_sgb_lightbox_settings":"","footnotes":""},"class_list":["post-257","page","type-page","status-publish","czr-hentry"],"acf":[],"yoast_head":"<!-- This site is optimized with the Yoast SEO plugin v27.3 - https:\/\/yoast.com\/product\/yoast-seo-wordpress\/ -->\n<title>Europafestival-Berlin -<\/title>\n<meta name=\"robots\" content=\"index, follow, max-snippet:-1, max-image-preview:large, max-video-preview:-1\" \/>\n<link rel=\"canonical\" href=\"https:\/\/bonger.de\/en\/events\/festivals\/europafestival-berlin\" \/>\n<meta property=\"og:locale\" content=\"en_GB\" \/>\n<meta property=\"og:type\" content=\"article\" \/>\n<meta property=\"og:title\" content=\"Europafestival-Berlin -\" \/>\n<meta property=\"og:description\" content=\"Am 12. Mai 2006 fand anl\u00e4sslich der Er\u00f6ffnung der tempor\u00e4ren Fleiluftausstellung des europ\u00e4ischen Wahrzeichens PFAD DER VISION\u00c4RE das I. EUROPAFESTIVAL &#8211; BERLIN 06 statt. Das EUROPAFESTIVAL-BERLIN wurde noch 2007 und 2008 durchgef\u00fchrt. Das Festival wurde in Kooperation mit der Europ\u00e4ischen Kommission, Vertretung in Deutschland und in Zusammenarbeit mit den Botschaften der EU-Mitgliedstaaten organisiert. Das EUROPAFESTIVAL-BERLIN [&hellip;]\" \/>\n<meta property=\"og:url\" content=\"https:\/\/bonger.de\/en\/events\/festivals\/europafestival-berlin\" \/>\n<meta property=\"article:modified_time\" content=\"2021-07-03T11:07:38+00:00\" \/>\n<meta property=\"og:image\" content=\"https:\/\/bonger.de\/wp-content\/uploads\/2021\/06\/banner_euf08_oben-728x123-1.jpg\" \/>\n<meta name=\"twitter:card\" content=\"summary_large_image\" \/>\n<script type=\"application\/ld+json\" class=\"yoast-schema-graph\">{\"@context\":\"https:\\\/\\\/schema.org\",\"@graph\":[{\"@type\":\"WebPage\",\"@id\":\"https:\\\/\\\/bonger.de\\\/en\\\/events\\\/festivals\\\/europafestival-berlin\",\"url\":\"https:\\\/\\\/bonger.de\\\/en\\\/events\\\/festivals\\\/europafestival-berlin\",\"name\":\"Europafestival-Berlin -\",\"isPartOf\":{\"@id\":\"https:\\\/\\\/bonger.de\\\/#website\"},\"primaryImageOfPage\":{\"@id\":\"https:\\\/\\\/bonger.de\\\/en\\\/events\\\/festivals\\\/europafestival-berlin#primaryimage\"},\"image\":{\"@id\":\"https:\\\/\\\/bonger.de\\\/en\\\/events\\\/festivals\\\/europafestival-berlin#primaryimage\"},\"thumbnailUrl\":\"https:\\\/\\\/bonger.de\\\/wp-content\\\/uploads\\\/2021\\\/06\\\/banner_euf08_oben-728x123-1.jpg\",\"datePublished\":\"2021-05-05T08:33:33+00:00\",\"dateModified\":\"2021-07-03T11:07:38+00:00\",\"breadcrumb\":{\"@id\":\"https:\\\/\\\/bonger.de\\\/en\\\/events\\\/festivals\\\/europafestival-berlin#breadcrumb\"},\"inLanguage\":\"en-GB\",\"potentialAction\":[{\"@type\":\"ReadAction\",\"target\":[\"https:\\\/\\\/bonger.de\\\/en\\\/events\\\/festivals\\\/europafestival-berlin\"]}]},{\"@type\":\"ImageObject\",\"inLanguage\":\"en-GB\",\"@id\":\"https:\\\/\\\/bonger.de\\\/en\\\/events\\\/festivals\\\/europafestival-berlin#primaryimage\",\"url\":\"https:\\\/\\\/bonger.de\\\/wp-content\\\/uploads\\\/2021\\\/06\\\/banner_euf08_oben-728x123-1.jpg\",\"contentUrl\":\"https:\\\/\\\/bonger.de\\\/wp-content\\\/uploads\\\/2021\\\/06\\\/banner_euf08_oben-728x123-1.jpg\"},{\"@type\":\"BreadcrumbList\",\"@id\":\"https:\\\/\\\/bonger.de\\\/en\\\/events\\\/festivals\\\/europafestival-berlin#breadcrumb\",\"itemListElement\":[{\"@type\":\"ListItem\",\"position\":1,\"name\":\"Startseite\",\"item\":\"https:\\\/\\\/bonger.de\\\/\"},{\"@type\":\"ListItem\",\"position\":2,\"name\":\"Events\",\"item\":\"https:\\\/\\\/bonger.de\\\/events\"},{\"@type\":\"ListItem\",\"position\":3,\"name\":\"Festivals\",\"item\":\"https:\\\/\\\/bonger.de\\\/events\\\/festivals\"},{\"@type\":\"ListItem\",\"position\":4,\"name\":\"Europafestival-Berlin\"}]},{\"@type\":\"WebSite\",\"@id\":\"https:\\\/\\\/bonger.de\\\/#website\",\"url\":\"https:\\\/\\\/bonger.de\\\/\",\"name\":\"\",\"description\":\"\",\"potentialAction\":[{\"@type\":\"SearchAction\",\"target\":{\"@type\":\"EntryPoint\",\"urlTemplate\":\"https:\\\/\\\/bonger.de\\\/?s={search_term_string}\"},\"query-input\":{\"@type\":\"PropertyValueSpecification\",\"valueRequired\":true,\"valueName\":\"search_term_string\"}}],\"inLanguage\":\"en-GB\"}]}<\/script>\n<!-- \/ Yoast SEO plugin. -->","yoast_head_json":{"title":"Europafestival-Berlin -","robots":{"index":"index","follow":"follow","max-snippet":"max-snippet:-1","max-image-preview":"max-image-preview:large","max-video-preview":"max-video-preview:-1"},"canonical":"https:\/\/bonger.de\/en\/events\/festivals\/europafestival-berlin","og_locale":"en_GB","og_type":"article","og_title":"Europafestival-Berlin -","og_description":"Am 12. Mai 2006 fand anl\u00e4sslich der Er\u00f6ffnung der tempor\u00e4ren Fleiluftausstellung des europ\u00e4ischen Wahrzeichens PFAD DER VISION\u00c4RE das I. EUROPAFESTIVAL &#8211; BERLIN 06 statt. Das EUROPAFESTIVAL-BERLIN wurde noch 2007 und 2008 durchgef\u00fchrt. Das Festival wurde in Kooperation mit der Europ\u00e4ischen Kommission, Vertretung in Deutschland und in Zusammenarbeit mit den Botschaften der EU-Mitgliedstaaten organisiert. Das EUROPAFESTIVAL-BERLIN [&hellip;]","og_url":"https:\/\/bonger.de\/en\/events\/festivals\/europafestival-berlin","article_modified_time":"2021-07-03T11:07:38+00:00","og_image":[{"url":"https:\/\/bonger.de\/wp-content\/uploads\/2021\/06\/banner_euf08_oben-728x123-1.jpg","type":"","width":"","height":""}],"twitter_card":"summary_large_image","schema":{"@context":"https:\/\/schema.org","@graph":[{"@type":"WebPage","@id":"https:\/\/bonger.de\/en\/events\/festivals\/europafestival-berlin","url":"https:\/\/bonger.de\/en\/events\/festivals\/europafestival-berlin","name":"Europafestival-Berlin -","isPartOf":{"@id":"https:\/\/bonger.de\/#website"},"primaryImageOfPage":{"@id":"https:\/\/bonger.de\/en\/events\/festivals\/europafestival-berlin#primaryimage"},"image":{"@id":"https:\/\/bonger.de\/en\/events\/festivals\/europafestival-berlin#primaryimage"},"thumbnailUrl":"https:\/\/bonger.de\/wp-content\/uploads\/2021\/06\/banner_euf08_oben-728x123-1.jpg","datePublished":"2021-05-05T08:33:33+00:00","dateModified":"2021-07-03T11:07:38+00:00","breadcrumb":{"@id":"https:\/\/bonger.de\/en\/events\/festivals\/europafestival-berlin#breadcrumb"},"inLanguage":"en-GB","potentialAction":[{"@type":"ReadAction","target":["https:\/\/bonger.de\/en\/events\/festivals\/europafestival-berlin"]}]},{"@type":"ImageObject","inLanguage":"en-GB","@id":"https:\/\/bonger.de\/en\/events\/festivals\/europafestival-berlin#primaryimage","url":"https:\/\/bonger.de\/wp-content\/uploads\/2021\/06\/banner_euf08_oben-728x123-1.jpg","contentUrl":"https:\/\/bonger.de\/wp-content\/uploads\/2021\/06\/banner_euf08_oben-728x123-1.jpg"},{"@type":"BreadcrumbList","@id":"https:\/\/bonger.de\/en\/events\/festivals\/europafestival-berlin#breadcrumb","itemListElement":[{"@type":"ListItem","position":1,"name":"Startseite","item":"https:\/\/bonger.de\/"},{"@type":"ListItem","position":2,"name":"Events","item":"https:\/\/bonger.de\/events"},{"@type":"ListItem","position":3,"name":"Festivals","item":"https:\/\/bonger.de\/events\/festivals"},{"@type":"ListItem","position":4,"name":"Europafestival-Berlin"}]},{"@type":"WebSite","@id":"https:\/\/bonger.de\/#website","url":"https:\/\/bonger.de\/","name":"","description":"","potentialAction":[{"@type":"SearchAction","target":{"@type":"EntryPoint","urlTemplate":"https:\/\/bonger.de\/?s={search_term_string}"},"query-input":{"@type":"PropertyValueSpecification","valueRequired":true,"valueName":"search_term_string"}}],"inLanguage":"en-GB"}]}},"rttpg_featured_image_url":null,"rttpg_author":{"display_name":"daniel","author_link":"https:\/\/bonger.de\/en\/author\/daniel"},"rttpg_comment":0,"rttpg_category":null,"rttpg_excerpt":"Am 12. Mai 2006 fand anl\u00e4sslich der Er\u00f6ffnung der tempor\u00e4ren Fleiluftausstellung des europ\u00e4ischen Wahrzeichens PFAD DER VISION\u00c4RE das I. EUROPAFESTIVAL &#8211; BERLIN 06 statt. Das EUROPAFESTIVAL-BERLIN wurde noch 2007 und 2008 durchgef\u00fchrt. Das Festival wurde in Kooperation mit der Europ\u00e4ischen Kommission, Vertretung in Deutschland und in Zusammenarbeit mit den Botschaften der EU-Mitgliedstaaten organisiert. Das EUROPAFESTIVAL-BERLIN&hellip;","_links":{"self":[{"href":"https:\/\/bonger.de\/en\/wp-json\/wp\/v2\/pages\/257","targetHints":{"allow":["GET"]}}],"collection":[{"href":"https:\/\/bonger.de\/en\/wp-json\/wp\/v2\/pages"}],"about":[{"href":"https:\/\/bonger.de\/en\/wp-json\/wp\/v2\/types\/page"}],"author":[{"embeddable":true,"href":"https:\/\/bonger.de\/en\/wp-json\/wp\/v2\/users\/1"}],"replies":[{"embeddable":true,"href":"https:\/\/bonger.de\/en\/wp-json\/wp\/v2\/comments?post=257"}],"version-history":[{"count":8,"href":"https:\/\/bonger.de\/en\/wp-json\/wp\/v2\/pages\/257\/revisions"}],"predecessor-version":[{"id":1805,"href":"https:\/\/bonger.de\/en\/wp-json\/wp\/v2\/pages\/257\/revisions\/1805"}],"up":[{"embeddable":true,"href":"https:\/\/bonger.de\/en\/wp-json\/wp\/v2\/pages\/36"}],"wp:attachment":[{"href":"https:\/\/bonger.de\/en\/wp-json\/wp\/v2\/media?parent=257"}],"curies":[{"name":"wp","href":"https:\/\/api.w.org\/{rel}","templated":true}]}}