{"id":28,"date":"2021-05-04T07:24:34","date_gmt":"2021-05-04T07:24:34","guid":{"rendered":"http:\/\/www.bonger.de\/?page_id=28"},"modified":"2021-10-08T07:24:19","modified_gmt":"2021-10-08T07:24:19","slug":"workshops","status":"publish","type":"page","link":"https:\/\/bonger.de\/en\/events\/workshops","title":{"rendered":"Workshops"},"content":{"rendered":"<h3 class=\"wp-block-heading\"><strong>All workshops take place irregularly at different locations.<\/strong><\/h3>\n\n\n\n<p>Lectures and workshops can be booked with a minimum number of participants.<br>Public dates are published at <a data-type=\"page\" data-id=\"13\" href=\"https:\/\/bonger.de\/en\/news\/\">NEWS <\/a>bekannt gegeben. <br>The workshops are currently taking place in Berlin, in Goa and in Thailand.<\/p>\n\n\n\n<p>Most workshops are suitable for body-conscious beginners and advanced learners.<br>Workshops specifically for actors, dancers and other professionals are specially marked. <br>All workshops are also summarized in the form of a lecture.<\/p>\n\n\n\n<p>Exceptions are the <a href=\"https:\/\/bonger.de\/en\/events\/workshops\/workcamps-maegdesprung\/\">WORKCAMPS <\/a>in M\u00e4gdesprung to build the <a href=\"https:\/\/bonger.de\/en\/kunst-im-stadtraum\/das-orakel-von-ma%cc%88gdesprung\/\">ORACEL OF M\u00c4GDESPRUNG<\/a><\/p>\n\n\n\n<p><strong>For more information, please write me an email at: info @ bonger.de<\/strong><\/p>\n\n\n\n<figure class=\"wp-block-video\"><video height=\"480\" style=\"aspect-ratio: 854 \/ 480;\" width=\"854\" controls src=\"https:\/\/bonger.de\/wp-content\/uploads\/2021\/05\/Hicks-ABRAHAM-20.-Sept.-2014-London-Ausschnitt-480p_30fps_H264-128kbit_AAC.mp4\"><\/video><\/figure>\n\n\n\n<p class=\"has-small-font-size\">2017 Visit of Ester Hicks (Abraham) in London: topic visions, achieving goals (english)<\/p>","protected":false},"excerpt":{"rendered":"<p>Alle Workshops finden unregelm\u00e4\u00dfig an verschiedenen Standorten statt. Vortr\u00e4ge wie Workshops k\u00f6nnen ab einer Mindestteilnehmerzahl gebucht werden.\u00d6ffentliche Termine werden unter NEWS bekannt gegeben. Die Workshops finden z.Z. in Berlin, in Goa und in Thailand statt. Die meisten Workshops sind f\u00fcr k\u00f6rperbewusste Anf\u00e4nger und Fortgeschrittene geeignet.Workshops speziell f\u00fcr Schauspieler, T\u00e4nzer und andere Berufsgruppen sind besonders gekennzeichnet. [&hellip;]<\/p>\n","protected":false},"author":1,"featured_media":904,"parent":15,"menu_order":1,"comment_status":"closed","ping_status":"closed","template":"overview-page.php","meta":{"_acf_changed":false,"pgc_sgb_lightbox_settings":"","footnotes":""},"class_list":["post-28","page","type-page","status-publish","has-post-thumbnail","czr-hentry"],"acf":[],"yoast_head":"<!-- This site is optimized with the Yoast SEO plugin v27.3 - https:\/\/yoast.com\/product\/yoast-seo-wordpress\/ -->\n<title>Workshops -<\/title>\n<meta name=\"robots\" content=\"index, follow, max-snippet:-1, max-image-preview:large, max-video-preview:-1\" \/>\n<link rel=\"canonical\" href=\"https:\/\/bonger.de\/en\/events\/workshops\/\" \/>\n<meta property=\"og:locale\" content=\"en_GB\" \/>\n<meta property=\"og:type\" content=\"article\" \/>\n<meta property=\"og:title\" content=\"Workshops -\" \/>\n<meta property=\"og:description\" content=\"Alle Workshops finden unregelm\u00e4\u00dfig an verschiedenen Standorten statt. Vortr\u00e4ge wie Workshops k\u00f6nnen ab einer Mindestteilnehmerzahl gebucht werden.\u00d6ffentliche Termine werden unter NEWS bekannt gegeben. Die Workshops finden z.Z. in Berlin, in Goa und in Thailand statt. Die meisten Workshops sind f\u00fcr k\u00f6rperbewusste Anf\u00e4nger und Fortgeschrittene geeignet.Workshops speziell f\u00fcr Schauspieler, T\u00e4nzer und andere Berufsgruppen sind besonders gekennzeichnet. [&hellip;]\" \/>\n<meta property=\"og:url\" content=\"https:\/\/bonger.de\/en\/events\/workshops\/\" \/>\n<meta property=\"article:modified_time\" content=\"2021-10-08T07:24:19+00:00\" \/>\n<meta property=\"og:image\" content=\"https:\/\/bonger.de\/wp-content\/uploads\/2021\/05\/20190131_164722-scaled.jpg\" \/>\n\t<meta property=\"og:image:width\" content=\"2560\" \/>\n\t<meta property=\"og:image:height\" content=\"1920\" \/>\n\t<meta property=\"og:image:type\" content=\"image\/jpeg\" \/>\n<meta name=\"twitter:card\" content=\"summary_large_image\" \/>\n<meta name=\"twitter:label1\" content=\"Estimated reading time\" \/>\n\t<meta name=\"twitter:data1\" content=\"1 minute\" \/>\n<script type=\"application\/ld+json\" class=\"yoast-schema-graph\">{\"@context\":\"https:\\\/\\\/schema.org\",\"@graph\":[{\"@type\":\"WebPage\",\"@id\":\"https:\\\/\\\/bonger.de\\\/events\\\/workshops\",\"url\":\"https:\\\/\\\/bonger.de\\\/events\\\/workshops\",\"name\":\"Workshops -\",\"isPartOf\":{\"@id\":\"https:\\\/\\\/bonger.de\\\/#website\"},\"primaryImageOfPage\":{\"@id\":\"https:\\\/\\\/bonger.de\\\/events\\\/workshops#primaryimage\"},\"image\":{\"@id\":\"https:\\\/\\\/bonger.de\\\/events\\\/workshops#primaryimage\"},\"thumbnailUrl\":\"https:\\\/\\\/bonger.de\\\/wp-content\\\/uploads\\\/2021\\\/05\\\/20190131_164722-scaled.jpg\",\"datePublished\":\"2021-05-04T07:24:34+00:00\",\"dateModified\":\"2021-10-08T07:24:19+00:00\",\"breadcrumb\":{\"@id\":\"https:\\\/\\\/bonger.de\\\/events\\\/workshops#breadcrumb\"},\"inLanguage\":\"en-GB\",\"potentialAction\":[{\"@type\":\"ReadAction\",\"target\":[\"https:\\\/\\\/bonger.de\\\/events\\\/workshops\"]}]},{\"@type\":\"ImageObject\",\"inLanguage\":\"en-GB\",\"@id\":\"https:\\\/\\\/bonger.de\\\/events\\\/workshops#primaryimage\",\"url\":\"https:\\\/\\\/bonger.de\\\/wp-content\\\/uploads\\\/2021\\\/05\\\/20190131_164722-scaled.jpg\",\"contentUrl\":\"https:\\\/\\\/bonger.de\\\/wp-content\\\/uploads\\\/2021\\\/05\\\/20190131_164722-scaled.jpg\",\"width\":2560,\"height\":1920},{\"@type\":\"BreadcrumbList\",\"@id\":\"https:\\\/\\\/bonger.de\\\/events\\\/workshops#breadcrumb\",\"itemListElement\":[{\"@type\":\"ListItem\",\"position\":1,\"name\":\"Startseite\",\"item\":\"https:\\\/\\\/bonger.de\\\/\"},{\"@type\":\"ListItem\",\"position\":2,\"name\":\"Events\",\"item\":\"https:\\\/\\\/bonger.de\\\/events\"},{\"@type\":\"ListItem\",\"position\":3,\"name\":\"Workshops\"}]},{\"@type\":\"WebSite\",\"@id\":\"https:\\\/\\\/bonger.de\\\/#website\",\"url\":\"https:\\\/\\\/bonger.de\\\/\",\"name\":\"\",\"description\":\"\",\"potentialAction\":[{\"@type\":\"SearchAction\",\"target\":{\"@type\":\"EntryPoint\",\"urlTemplate\":\"https:\\\/\\\/bonger.de\\\/?s={search_term_string}\"},\"query-input\":{\"@type\":\"PropertyValueSpecification\",\"valueRequired\":true,\"valueName\":\"search_term_string\"}}],\"inLanguage\":\"en-GB\"}]}<\/script>\n<!-- \/ Yoast SEO plugin. -->","yoast_head_json":{"title":"Workshops -","robots":{"index":"index","follow":"follow","max-snippet":"max-snippet:-1","max-image-preview":"max-image-preview:large","max-video-preview":"max-video-preview:-1"},"canonical":"https:\/\/bonger.de\/en\/events\/workshops\/","og_locale":"en_GB","og_type":"article","og_title":"Workshops -","og_description":"Alle Workshops finden unregelm\u00e4\u00dfig an verschiedenen Standorten statt. Vortr\u00e4ge wie Workshops k\u00f6nnen ab einer Mindestteilnehmerzahl gebucht werden.\u00d6ffentliche Termine werden unter NEWS bekannt gegeben. Die Workshops finden z.Z. in Berlin, in Goa und in Thailand statt. Die meisten Workshops sind f\u00fcr k\u00f6rperbewusste Anf\u00e4nger und Fortgeschrittene geeignet.Workshops speziell f\u00fcr Schauspieler, T\u00e4nzer und andere Berufsgruppen sind besonders gekennzeichnet. [&hellip;]","og_url":"https:\/\/bonger.de\/en\/events\/workshops\/","article_modified_time":"2021-10-08T07:24:19+00:00","og_image":[{"width":2560,"height":1920,"url":"https:\/\/bonger.de\/wp-content\/uploads\/2021\/05\/20190131_164722-scaled.jpg","type":"image\/jpeg"}],"twitter_card":"summary_large_image","twitter_misc":{"Estimated reading time":"1 minute"},"schema":{"@context":"https:\/\/schema.org","@graph":[{"@type":"WebPage","@id":"https:\/\/bonger.de\/events\/workshops","url":"https:\/\/bonger.de\/events\/workshops","name":"Workshops -","isPartOf":{"@id":"https:\/\/bonger.de\/#website"},"primaryImageOfPage":{"@id":"https:\/\/bonger.de\/events\/workshops#primaryimage"},"image":{"@id":"https:\/\/bonger.de\/events\/workshops#primaryimage"},"thumbnailUrl":"https:\/\/bonger.de\/wp-content\/uploads\/2021\/05\/20190131_164722-scaled.jpg","datePublished":"2021-05-04T07:24:34+00:00","dateModified":"2021-10-08T07:24:19+00:00","breadcrumb":{"@id":"https:\/\/bonger.de\/events\/workshops#breadcrumb"},"inLanguage":"en-GB","potentialAction":[{"@type":"ReadAction","target":["https:\/\/bonger.de\/events\/workshops"]}]},{"@type":"ImageObject","inLanguage":"en-GB","@id":"https:\/\/bonger.de\/events\/workshops#primaryimage","url":"https:\/\/bonger.de\/wp-content\/uploads\/2021\/05\/20190131_164722-scaled.jpg","contentUrl":"https:\/\/bonger.de\/wp-content\/uploads\/2021\/05\/20190131_164722-scaled.jpg","width":2560,"height":1920},{"@type":"BreadcrumbList","@id":"https:\/\/bonger.de\/events\/workshops#breadcrumb","itemListElement":[{"@type":"ListItem","position":1,"name":"Startseite","item":"https:\/\/bonger.de\/"},{"@type":"ListItem","position":2,"name":"Events","item":"https:\/\/bonger.de\/events"},{"@type":"ListItem","position":3,"name":"Workshops"}]},{"@type":"WebSite","@id":"https:\/\/bonger.de\/#website","url":"https:\/\/bonger.de\/","name":"","description":"","potentialAction":[{"@type":"SearchAction","target":{"@type":"EntryPoint","urlTemplate":"https:\/\/bonger.de\/?s={search_term_string}"},"query-input":{"@type":"PropertyValueSpecification","valueRequired":true,"valueName":"search_term_string"}}],"inLanguage":"en-GB"}]}},"rttpg_featured_image_url":{"full":["https:\/\/bonger.de\/wp-content\/uploads\/2021\/05\/20190131_164722-scaled.jpg",2560,1920,false],"landscape":["https:\/\/bonger.de\/wp-content\/uploads\/2021\/05\/20190131_164722-scaled.jpg",2560,1920,false],"portraits":["https:\/\/bonger.de\/wp-content\/uploads\/2021\/05\/20190131_164722-scaled.jpg",2560,1920,false],"thumbnail":["https:\/\/bonger.de\/wp-content\/uploads\/2021\/05\/20190131_164722-150x150.jpg",150,150,true],"medium":["https:\/\/bonger.de\/wp-content\/uploads\/2021\/05\/20190131_164722-300x225.jpg",300,225,true],"large":["https:\/\/bonger.de\/wp-content\/uploads\/2021\/05\/20190131_164722-1024x768.jpg",1024,768,true],"1536x1536":["https:\/\/bonger.de\/wp-content\/uploads\/2021\/05\/20190131_164722-1536x1152.jpg",1536,1152,true],"2048x2048":["https:\/\/bonger.de\/wp-content\/uploads\/2021\/05\/20190131_164722-2048x1536.jpg",2048,1536,true],"trp-custom-language-flag":["https:\/\/bonger.de\/wp-content\/uploads\/2021\/05\/20190131_164722-scaled.jpg",16,12,false],"tc-grid-full":["https:\/\/bonger.de\/wp-content\/uploads\/2021\/05\/20190131_164722-1110x444.jpg",1110,444,true],"tc-grid":["https:\/\/bonger.de\/wp-content\/uploads\/2021\/05\/20190131_164722-570x350.jpg",570,350,true],"tc-thumb":["https:\/\/bonger.de\/wp-content\/uploads\/2021\/05\/20190131_164722-270x250.jpg",270,250,true],"slider-full":["https:\/\/bonger.de\/wp-content\/uploads\/2021\/05\/20190131_164722-4032x500.jpg",4032,500,true],"slider":["https:\/\/bonger.de\/wp-content\/uploads\/2021\/05\/20190131_164722-1110x500.jpg",1110,500,true],"tc-sq-thumb":["https:\/\/bonger.de\/wp-content\/uploads\/2021\/05\/20190131_164722-510x510.jpg",510,510,true],"tc-ws-thumb":["https:\/\/bonger.de\/wp-content\/uploads\/2021\/05\/20190131_164722-1110x624.jpg",1110,624,true],"tc-ws-small-thumb":["https:\/\/bonger.de\/wp-content\/uploads\/2021\/05\/20190131_164722-528x297.jpg",528,297,true],"tc-slider-small":["https:\/\/bonger.de\/wp-content\/uploads\/2021\/05\/20190131_164722-517x235.jpg",517,235,true]},"rttpg_author":{"display_name":"daniel","author_link":"https:\/\/bonger.de\/en\/author\/daniel"},"rttpg_comment":0,"rttpg_category":null,"rttpg_excerpt":"Alle Workshops finden unregelm\u00e4\u00dfig an verschiedenen Standorten statt. Vortr\u00e4ge wie Workshops k\u00f6nnen ab einer Mindestteilnehmerzahl gebucht werden.\u00d6ffentliche Termine werden unter NEWS bekannt gegeben. Die Workshops finden z.Z. in Berlin, in Goa und in Thailand statt. Die meisten Workshops sind f\u00fcr k\u00f6rperbewusste Anf\u00e4nger und Fortgeschrittene geeignet.Workshops speziell f\u00fcr Schauspieler, T\u00e4nzer und andere Berufsgruppen sind besonders gekennzeichnet.&hellip;","_links":{"self":[{"href":"https:\/\/bonger.de\/en\/wp-json\/wp\/v2\/pages\/28","targetHints":{"allow":["GET"]}}],"collection":[{"href":"https:\/\/bonger.de\/en\/wp-json\/wp\/v2\/pages"}],"about":[{"href":"https:\/\/bonger.de\/en\/wp-json\/wp\/v2\/types\/page"}],"author":[{"embeddable":true,"href":"https:\/\/bonger.de\/en\/wp-json\/wp\/v2\/users\/1"}],"replies":[{"embeddable":true,"href":"https:\/\/bonger.de\/en\/wp-json\/wp\/v2\/comments?post=28"}],"version-history":[{"count":22,"href":"https:\/\/bonger.de\/en\/wp-json\/wp\/v2\/pages\/28\/revisions"}],"predecessor-version":[{"id":1877,"href":"https:\/\/bonger.de\/en\/wp-json\/wp\/v2\/pages\/28\/revisions\/1877"}],"up":[{"embeddable":true,"href":"https:\/\/bonger.de\/en\/wp-json\/wp\/v2\/pages\/15"}],"wp:featuredmedia":[{"embeddable":true,"href":"https:\/\/bonger.de\/en\/wp-json\/wp\/v2\/media\/904"}],"wp:attachment":[{"href":"https:\/\/bonger.de\/en\/wp-json\/wp\/v2\/media?parent=28"}],"curies":[{"name":"wp","href":"https:\/\/api.w.org\/{rel}","templated":true}]}}