{"id":40,"date":"2021-05-04T07:26:31","date_gmt":"2021-05-04T07:26:31","guid":{"rendered":"http:\/\/www.bonger.de\/?page_id=40"},"modified":"2021-06-12T19:15:49","modified_gmt":"2021-06-12T19:15:49","slug":"rollenspieltheater","status":"publish","type":"page","link":"https:\/\/bonger.de\/en\/events\/rollenspieltheater","title":{"rendered":"Role play theater"},"content":{"rendered":"<p>Since 2006, staged parties in the form of role-play theaters with a lot of performance programs have been taking place in Berlin and elsewhere at longer intervals. You have to register for these events like for a workshop. Some of the events are also integrated into workshops or festivals.<\/p>\n\n\n\n<p>The events will be timely announced under <a href=\"https:\/\/bonger.de\/en\/home\/\" data-type=\"page\" data-id=\"4\">NEWS <\/a>bekanntgegeben.<\/p>\n\n\n\n<p><\/p>","protected":false},"excerpt":{"rendered":"<p>Seit 2006 finden in gr\u00f6\u00dferen Abst\u00e4nden inszenierte Partys in Form von Rollenspieltheater mit viel Performanceprogramm in Berlin und anderswo statt. Zu diesen Veranstaltungen muss man sich wie zu einem Workshop anmelden. Teilweise sind die Veranstaltungen auch in Workshops oder Festivals eingebunden. Die Veranstaltungen werden rechtzeitig unter NEWS bekanntgegeben.<\/p>","protected":false},"author":1,"featured_media":1095,"parent":15,"menu_order":5,"comment_status":"closed","ping_status":"closed","template":"","meta":{"_acf_changed":false,"pgc_sgb_lightbox_settings":"","footnotes":""},"class_list":["post-40","page","type-page","status-publish","has-post-thumbnail","czr-hentry"],"acf":[],"yoast_head":"<!-- This site is optimized with the Yoast SEO plugin v27.3 - https:\/\/yoast.com\/product\/yoast-seo-wordpress\/ -->\n<title>Rollenspieltheater -<\/title>\n<meta name=\"robots\" content=\"index, follow, max-snippet:-1, max-image-preview:large, max-video-preview:-1\" \/>\n<link rel=\"canonical\" href=\"https:\/\/bonger.de\/en\/events\/rollenspieltheater\/\" \/>\n<meta property=\"og:locale\" content=\"en_GB\" \/>\n<meta property=\"og:type\" content=\"article\" \/>\n<meta property=\"og:title\" content=\"Rollenspieltheater -\" \/>\n<meta property=\"og:description\" content=\"Seit 2006 finden in gr\u00f6\u00dferen Abst\u00e4nden inszenierte Partys in Form von Rollenspieltheater mit viel Performanceprogramm in Berlin und anderswo statt. Zu diesen Veranstaltungen muss man sich wie zu einem Workshop anmelden. Teilweise sind die Veranstaltungen auch in Workshops oder Festivals eingebunden. Die Veranstaltungen werden rechtzeitig unter NEWS bekanntgegeben.\" \/>\n<meta property=\"og:url\" content=\"https:\/\/bonger.de\/en\/events\/rollenspieltheater\/\" \/>\n<meta property=\"article:modified_time\" content=\"2021-06-12T19:15:49+00:00\" \/>\n<meta property=\"og:image\" content=\"https:\/\/bonger.de\/wp-content\/uploads\/2021\/06\/MG_9966-scaled.jpg\" \/>\n\t<meta property=\"og:image:width\" content=\"2560\" \/>\n\t<meta property=\"og:image:height\" content=\"1707\" \/>\n\t<meta property=\"og:image:type\" content=\"image\/jpeg\" \/>\n<meta name=\"twitter:card\" content=\"summary_large_image\" \/>\n<script type=\"application\/ld+json\" class=\"yoast-schema-graph\">{\"@context\":\"https:\\\/\\\/schema.org\",\"@graph\":[{\"@type\":\"WebPage\",\"@id\":\"https:\\\/\\\/bonger.de\\\/events\\\/rollenspieltheater\",\"url\":\"https:\\\/\\\/bonger.de\\\/events\\\/rollenspieltheater\",\"name\":\"Rollenspieltheater -\",\"isPartOf\":{\"@id\":\"https:\\\/\\\/bonger.de\\\/#website\"},\"primaryImageOfPage\":{\"@id\":\"https:\\\/\\\/bonger.de\\\/events\\\/rollenspieltheater#primaryimage\"},\"image\":{\"@id\":\"https:\\\/\\\/bonger.de\\\/events\\\/rollenspieltheater#primaryimage\"},\"thumbnailUrl\":\"https:\\\/\\\/bonger.de\\\/wp-content\\\/uploads\\\/2021\\\/06\\\/MG_9966-scaled.jpg\",\"datePublished\":\"2021-05-04T07:26:31+00:00\",\"dateModified\":\"2021-06-12T19:15:49+00:00\",\"breadcrumb\":{\"@id\":\"https:\\\/\\\/bonger.de\\\/events\\\/rollenspieltheater#breadcrumb\"},\"inLanguage\":\"en-GB\",\"potentialAction\":[{\"@type\":\"ReadAction\",\"target\":[\"https:\\\/\\\/bonger.de\\\/events\\\/rollenspieltheater\"]}]},{\"@type\":\"ImageObject\",\"inLanguage\":\"en-GB\",\"@id\":\"https:\\\/\\\/bonger.de\\\/events\\\/rollenspieltheater#primaryimage\",\"url\":\"https:\\\/\\\/bonger.de\\\/wp-content\\\/uploads\\\/2021\\\/06\\\/MG_9966-scaled.jpg\",\"contentUrl\":\"https:\\\/\\\/bonger.de\\\/wp-content\\\/uploads\\\/2021\\\/06\\\/MG_9966-scaled.jpg\",\"width\":2560,\"height\":1707},{\"@type\":\"BreadcrumbList\",\"@id\":\"https:\\\/\\\/bonger.de\\\/events\\\/rollenspieltheater#breadcrumb\",\"itemListElement\":[{\"@type\":\"ListItem\",\"position\":1,\"name\":\"Startseite\",\"item\":\"https:\\\/\\\/bonger.de\\\/\"},{\"@type\":\"ListItem\",\"position\":2,\"name\":\"Events\",\"item\":\"https:\\\/\\\/bonger.de\\\/events\"},{\"@type\":\"ListItem\",\"position\":3,\"name\":\"Rollenspieltheater\"}]},{\"@type\":\"WebSite\",\"@id\":\"https:\\\/\\\/bonger.de\\\/#website\",\"url\":\"https:\\\/\\\/bonger.de\\\/\",\"name\":\"\",\"description\":\"\",\"potentialAction\":[{\"@type\":\"SearchAction\",\"target\":{\"@type\":\"EntryPoint\",\"urlTemplate\":\"https:\\\/\\\/bonger.de\\\/?s={search_term_string}\"},\"query-input\":{\"@type\":\"PropertyValueSpecification\",\"valueRequired\":true,\"valueName\":\"search_term_string\"}}],\"inLanguage\":\"en-GB\"}]}<\/script>\n<!-- \/ Yoast SEO plugin. -->","yoast_head_json":{"title":"Rollenspieltheater -","robots":{"index":"index","follow":"follow","max-snippet":"max-snippet:-1","max-image-preview":"max-image-preview:large","max-video-preview":"max-video-preview:-1"},"canonical":"https:\/\/bonger.de\/en\/events\/rollenspieltheater\/","og_locale":"en_GB","og_type":"article","og_title":"Rollenspieltheater -","og_description":"Seit 2006 finden in gr\u00f6\u00dferen Abst\u00e4nden inszenierte Partys in Form von Rollenspieltheater mit viel Performanceprogramm in Berlin und anderswo statt. Zu diesen Veranstaltungen muss man sich wie zu einem Workshop anmelden. Teilweise sind die Veranstaltungen auch in Workshops oder Festivals eingebunden. Die Veranstaltungen werden rechtzeitig unter NEWS bekanntgegeben.","og_url":"https:\/\/bonger.de\/en\/events\/rollenspieltheater\/","article_modified_time":"2021-06-12T19:15:49+00:00","og_image":[{"width":2560,"height":1707,"url":"https:\/\/bonger.de\/wp-content\/uploads\/2021\/06\/MG_9966-scaled.jpg","type":"image\/jpeg"}],"twitter_card":"summary_large_image","schema":{"@context":"https:\/\/schema.org","@graph":[{"@type":"WebPage","@id":"https:\/\/bonger.de\/events\/rollenspieltheater","url":"https:\/\/bonger.de\/events\/rollenspieltheater","name":"Rollenspieltheater -","isPartOf":{"@id":"https:\/\/bonger.de\/#website"},"primaryImageOfPage":{"@id":"https:\/\/bonger.de\/events\/rollenspieltheater#primaryimage"},"image":{"@id":"https:\/\/bonger.de\/events\/rollenspieltheater#primaryimage"},"thumbnailUrl":"https:\/\/bonger.de\/wp-content\/uploads\/2021\/06\/MG_9966-scaled.jpg","datePublished":"2021-05-04T07:26:31+00:00","dateModified":"2021-06-12T19:15:49+00:00","breadcrumb":{"@id":"https:\/\/bonger.de\/events\/rollenspieltheater#breadcrumb"},"inLanguage":"en-GB","potentialAction":[{"@type":"ReadAction","target":["https:\/\/bonger.de\/events\/rollenspieltheater"]}]},{"@type":"ImageObject","inLanguage":"en-GB","@id":"https:\/\/bonger.de\/events\/rollenspieltheater#primaryimage","url":"https:\/\/bonger.de\/wp-content\/uploads\/2021\/06\/MG_9966-scaled.jpg","contentUrl":"https:\/\/bonger.de\/wp-content\/uploads\/2021\/06\/MG_9966-scaled.jpg","width":2560,"height":1707},{"@type":"BreadcrumbList","@id":"https:\/\/bonger.de\/events\/rollenspieltheater#breadcrumb","itemListElement":[{"@type":"ListItem","position":1,"name":"Startseite","item":"https:\/\/bonger.de\/"},{"@type":"ListItem","position":2,"name":"Events","item":"https:\/\/bonger.de\/events"},{"@type":"ListItem","position":3,"name":"Rollenspieltheater"}]},{"@type":"WebSite","@id":"https:\/\/bonger.de\/#website","url":"https:\/\/bonger.de\/","name":"","description":"","potentialAction":[{"@type":"SearchAction","target":{"@type":"EntryPoint","urlTemplate":"https:\/\/bonger.de\/?s={search_term_string}"},"query-input":{"@type":"PropertyValueSpecification","valueRequired":true,"valueName":"search_term_string"}}],"inLanguage":"en-GB"}]}},"rttpg_featured_image_url":{"full":["https:\/\/bonger.de\/wp-content\/uploads\/2021\/06\/MG_9966-scaled.jpg",2560,1707,false],"landscape":["https:\/\/bonger.de\/wp-content\/uploads\/2021\/06\/MG_9966-scaled.jpg",2560,1707,false],"portraits":["https:\/\/bonger.de\/wp-content\/uploads\/2021\/06\/MG_9966-scaled.jpg",2560,1707,false],"thumbnail":["https:\/\/bonger.de\/wp-content\/uploads\/2021\/06\/MG_9966-150x150.jpg",150,150,true],"medium":["https:\/\/bonger.de\/wp-content\/uploads\/2021\/06\/MG_9966-300x200.jpg",300,200,true],"large":["https:\/\/bonger.de\/wp-content\/uploads\/2021\/06\/MG_9966-1024x683.jpg",1024,683,true],"1536x1536":["https:\/\/bonger.de\/wp-content\/uploads\/2021\/06\/MG_9966-1536x1024.jpg",1536,1024,true],"2048x2048":["https:\/\/bonger.de\/wp-content\/uploads\/2021\/06\/MG_9966-2048x1365.jpg",2048,1365,true],"trp-custom-language-flag":["https:\/\/bonger.de\/wp-content\/uploads\/2021\/06\/MG_9966-16x12.jpg",16,12,true],"tc-grid-full":["https:\/\/bonger.de\/wp-content\/uploads\/2021\/06\/MG_9966-1110x444.jpg",1110,444,true],"tc-grid":["https:\/\/bonger.de\/wp-content\/uploads\/2021\/06\/MG_9966-570x350.jpg",570,350,true],"tc-thumb":["https:\/\/bonger.de\/wp-content\/uploads\/2021\/06\/MG_9966-270x250.jpg",270,250,true],"slider-full":["https:\/\/bonger.de\/wp-content\/uploads\/2021\/06\/MG_9966-3000x500.jpg",3000,500,true],"slider":["https:\/\/bonger.de\/wp-content\/uploads\/2021\/06\/MG_9966-1110x500.jpg",1110,500,true],"tc-sq-thumb":["https:\/\/bonger.de\/wp-content\/uploads\/2021\/06\/MG_9966-510x510.jpg",510,510,true],"tc-ws-thumb":["https:\/\/bonger.de\/wp-content\/uploads\/2021\/06\/MG_9966-1110x624.jpg",1110,624,true],"tc-ws-small-thumb":["https:\/\/bonger.de\/wp-content\/uploads\/2021\/06\/MG_9966-528x297.jpg",528,297,true],"tc-slider-small":["https:\/\/bonger.de\/wp-content\/uploads\/2021\/06\/MG_9966-517x235.jpg",517,235,true]},"rttpg_author":{"display_name":"daniel","author_link":"https:\/\/bonger.de\/en\/author\/daniel"},"rttpg_comment":0,"rttpg_category":null,"rttpg_excerpt":"Seit 2006 finden in gr\u00f6\u00dferen Abst\u00e4nden inszenierte Partys in Form von Rollenspieltheater mit viel Performanceprogramm in Berlin und anderswo statt. Zu diesen Veranstaltungen muss man sich wie zu einem Workshop anmelden. Teilweise sind die Veranstaltungen auch in Workshops oder Festivals eingebunden. Die Veranstaltungen werden rechtzeitig unter NEWS bekanntgegeben.","_links":{"self":[{"href":"https:\/\/bonger.de\/en\/wp-json\/wp\/v2\/pages\/40","targetHints":{"allow":["GET"]}}],"collection":[{"href":"https:\/\/bonger.de\/en\/wp-json\/wp\/v2\/pages"}],"about":[{"href":"https:\/\/bonger.de\/en\/wp-json\/wp\/v2\/types\/page"}],"author":[{"embeddable":true,"href":"https:\/\/bonger.de\/en\/wp-json\/wp\/v2\/users\/1"}],"replies":[{"embeddable":true,"href":"https:\/\/bonger.de\/en\/wp-json\/wp\/v2\/comments?post=40"}],"version-history":[{"count":3,"href":"https:\/\/bonger.de\/en\/wp-json\/wp\/v2\/pages\/40\/revisions"}],"predecessor-version":[{"id":1568,"href":"https:\/\/bonger.de\/en\/wp-json\/wp\/v2\/pages\/40\/revisions\/1568"}],"up":[{"embeddable":true,"href":"https:\/\/bonger.de\/en\/wp-json\/wp\/v2\/pages\/15"}],"wp:featuredmedia":[{"embeddable":true,"href":"https:\/\/bonger.de\/en\/wp-json\/wp\/v2\/media\/1095"}],"wp:attachment":[{"href":"https:\/\/bonger.de\/en\/wp-json\/wp\/v2\/media?parent=40"}],"curies":[{"name":"wp","href":"https:\/\/api.w.org\/{rel}","templated":true}]}}