{"id":568,"date":"2021-05-07T10:11:45","date_gmt":"2021-05-07T10:11:45","guid":{"rendered":"http:\/\/www.bonger.de\/?page_id=568"},"modified":"2025-01-17T14:25:49","modified_gmt":"2025-01-17T14:25:49","slug":"orakel","status":"publish","type":"page","link":"https:\/\/bonger.de\/en\/inszenierungen\/tanztheater\/orakel","title":{"rendered":"Das Orakel &#8211; Tanz der F\u00fcgungen"},"content":{"rendered":"<p><strong>THE ORACEL<\/strong> <strong>&#8211; TANZ DER F\u00dcGUNGEN<\/strong><\/p>\n\n\n\n<p>In connection with the installation <a data-type=\"page\" data-id=\"66\" href=\"https:\/\/bonger.de\/en\/das-orakel-von-ma%cc%88gdesprung\/\">THE ORACLE OF M\u00c4GDESPRUNG<\/a> sind inszenierte F\u00fchrungen, Performances und das Tanztheater DAS ORAKEL &#8211; TANZ DER F\u00dcGUNGEN geplant. <\/p>\n\n\n\n<p>DAS ORAKEL &#8211; TANZ DER F\u00dcGUNGEN wird eine inszenierte Reise nach Innen, ein Tanztheater entlang der 12 Stufen der Erkenntnis, abgestimmt auf die individuellen Fragen seiner G\u00e4ste.<\/p>\n\n\n\n<p>DAS ORAKEL &#8211; TANZ DER F\u00dcGUNGEN, ein multimediales Gesamtkunstwerk, welches die Kraft der pers\u00f6nlichen Visionen triggern kann. <\/p>\n\n\n\n<p>An der Produktion werden T\u00e4nzer, Schauspieler, Therapeuten und K\u00f6rperarbeiter teilnehmen. Premiere wird zur Er\u00f6ffnung des ORAKELs VON M\u00c4GDESPRUNG in M\u00e4gdesprung, Harz sein (vorraussichtlich 2030). Weitere Vorstellungen z.B. in M\u00fcnchen und Berlin sind geplant. Die Inszenierung wird fester Bestandteil der geplanten M\u00c4GDESPRUNGER SOMMERFESTSPIELE.<\/p>\n\n\n\n<p>Sie sind herzlich eingeladen an dem Tanztheater mitzuwirken. Die seit Pfingsten 2021 regelm\u00e4\u00dfig stattfindenen interdisziplin\u00e4ren <a data-type=\"page\" data-id=\"1084\" href=\"https:\/\/bonger.de\/en\/events\/workshops\/workcamps-maegdesprung\/\">WORKCAMPS <\/a>in M\u00e4gdesprung, Harz are dedicated to the installation and the vision <a data-type=\"page\" data-id=\"66\" href=\"https:\/\/bonger.de\/en\/das-orakel-von-ma%cc%88gdesprung\/\">STADT M\u00c4GDESPRUNG<\/a> der Inszenierung DAS ORAKEL &#8211; TANZ DER F\u00dcGUNGEN. <\/p>\n\n\n\n<p>Interessierte schreiben uns bitte eine Mail an: info@das-orakel.eu oder an info@kulturereignisse.de \/ Stichwort: Tanztheater DAS ORAKEL.<\/p>","protected":false},"excerpt":{"rendered":"<p>DAS ORAKEL &#8211; TANZ DER F\u00dcGUNGEN In Verbindung zur Installation DAS ORAKEL VON M\u00c4GDESPRUNG sind inszenierte F\u00fchrungen, Performances und das Tanztheater DAS ORAKEL &#8211; TANZ DER F\u00dcGUNGEN geplant. DAS ORAKEL &#8211; TANZ DER F\u00dcGUNGEN wird eine inszenierte Reise nach Innen, ein Tanztheater entlang der 12 Stufen der Erkenntnis, abgestimmt auf die individuellen Fragen seiner G\u00e4ste. [&hellip;]<\/p>\n","protected":false},"author":1,"featured_media":1001,"parent":58,"menu_order":0,"comment_status":"closed","ping_status":"closed","template":"topmenu-page.php","meta":{"_acf_changed":false,"pgc_sgb_lightbox_settings":"","footnotes":""},"class_list":["post-568","page","type-page","status-publish","has-post-thumbnail","czr-hentry"],"acf":[],"yoast_head":"<!-- This site is optimized with the Yoast SEO plugin v27.3 - https:\/\/yoast.com\/product\/yoast-seo-wordpress\/ -->\n<title>Das Orakel - Tanz der F\u00fcgungen -<\/title>\n<meta name=\"robots\" content=\"index, follow, max-snippet:-1, max-image-preview:large, max-video-preview:-1\" \/>\n<link rel=\"canonical\" href=\"https:\/\/bonger.de\/en\/inszenierungen\/tanztheater\/orakel\/\" \/>\n<meta property=\"og:locale\" content=\"en_GB\" \/>\n<meta property=\"og:type\" content=\"article\" \/>\n<meta property=\"og:title\" content=\"Das Orakel - Tanz der F\u00fcgungen -\" \/>\n<meta property=\"og:description\" content=\"DAS ORAKEL &#8211; TANZ DER F\u00dcGUNGEN In Verbindung zur Installation DAS ORAKEL VON M\u00c4GDESPRUNG sind inszenierte F\u00fchrungen, Performances und das Tanztheater DAS ORAKEL &#8211; TANZ DER F\u00dcGUNGEN geplant. DAS ORAKEL &#8211; TANZ DER F\u00dcGUNGEN wird eine inszenierte Reise nach Innen, ein Tanztheater entlang der 12 Stufen der Erkenntnis, abgestimmt auf die individuellen Fragen seiner G\u00e4ste. [&hellip;]\" \/>\n<meta property=\"og:url\" content=\"https:\/\/bonger.de\/en\/inszenierungen\/tanztheater\/orakel\/\" \/>\n<meta property=\"article:modified_time\" content=\"2025-01-17T14:25:49+00:00\" \/>\n<meta property=\"og:image\" content=\"https:\/\/bonger.de\/wp-content\/uploads\/2021\/05\/Orakel-Header-scaled.jpeg\" \/>\n\t<meta property=\"og:image:width\" content=\"2560\" \/>\n\t<meta property=\"og:image:height\" content=\"1749\" \/>\n\t<meta property=\"og:image:type\" content=\"image\/jpeg\" \/>\n<meta name=\"twitter:card\" content=\"summary_large_image\" \/>\n<meta name=\"twitter:label1\" content=\"Estimated reading time\" \/>\n\t<meta name=\"twitter:data1\" content=\"2 minutes\" \/>\n<script type=\"application\/ld+json\" class=\"yoast-schema-graph\">{\"@context\":\"https:\\\/\\\/schema.org\",\"@graph\":[{\"@type\":\"WebPage\",\"@id\":\"https:\\\/\\\/bonger.de\\\/inszenierungen\\\/tanztheater\\\/orakel\",\"url\":\"https:\\\/\\\/bonger.de\\\/inszenierungen\\\/tanztheater\\\/orakel\",\"name\":\"Das Orakel - Tanz der F\u00fcgungen -\",\"isPartOf\":{\"@id\":\"https:\\\/\\\/bonger.de\\\/#website\"},\"primaryImageOfPage\":{\"@id\":\"https:\\\/\\\/bonger.de\\\/inszenierungen\\\/tanztheater\\\/orakel#primaryimage\"},\"image\":{\"@id\":\"https:\\\/\\\/bonger.de\\\/inszenierungen\\\/tanztheater\\\/orakel#primaryimage\"},\"thumbnailUrl\":\"https:\\\/\\\/bonger.de\\\/wp-content\\\/uploads\\\/2021\\\/05\\\/Orakel-Header-scaled.jpeg\",\"datePublished\":\"2021-05-07T10:11:45+00:00\",\"dateModified\":\"2025-01-17T14:25:49+00:00\",\"breadcrumb\":{\"@id\":\"https:\\\/\\\/bonger.de\\\/inszenierungen\\\/tanztheater\\\/orakel#breadcrumb\"},\"inLanguage\":\"en-GB\",\"potentialAction\":[{\"@type\":\"ReadAction\",\"target\":[\"https:\\\/\\\/bonger.de\\\/inszenierungen\\\/tanztheater\\\/orakel\"]}]},{\"@type\":\"ImageObject\",\"inLanguage\":\"en-GB\",\"@id\":\"https:\\\/\\\/bonger.de\\\/inszenierungen\\\/tanztheater\\\/orakel#primaryimage\",\"url\":\"https:\\\/\\\/bonger.de\\\/wp-content\\\/uploads\\\/2021\\\/05\\\/Orakel-Header-scaled.jpeg\",\"contentUrl\":\"https:\\\/\\\/bonger.de\\\/wp-content\\\/uploads\\\/2021\\\/05\\\/Orakel-Header-scaled.jpeg\",\"width\":2560,\"height\":1749},{\"@type\":\"BreadcrumbList\",\"@id\":\"https:\\\/\\\/bonger.de\\\/inszenierungen\\\/tanztheater\\\/orakel#breadcrumb\",\"itemListElement\":[{\"@type\":\"ListItem\",\"position\":1,\"name\":\"Startseite\",\"item\":\"https:\\\/\\\/bonger.de\\\/\"},{\"@type\":\"ListItem\",\"position\":2,\"name\":\"Inszenierungen\",\"item\":\"https:\\\/\\\/bonger.de\\\/en\\\/inszenierungen\"},{\"@type\":\"ListItem\",\"position\":3,\"name\":\"Tanztheater\",\"item\":\"https:\\\/\\\/bonger.de\\\/en\\\/inszenierungen\\\/tanztheater\"},{\"@type\":\"ListItem\",\"position\":4,\"name\":\"Das Orakel &#8211; Tanz der F\u00fcgungen\"}]},{\"@type\":\"WebSite\",\"@id\":\"https:\\\/\\\/bonger.de\\\/#website\",\"url\":\"https:\\\/\\\/bonger.de\\\/\",\"name\":\"\",\"description\":\"\",\"potentialAction\":[{\"@type\":\"SearchAction\",\"target\":{\"@type\":\"EntryPoint\",\"urlTemplate\":\"https:\\\/\\\/bonger.de\\\/?s={search_term_string}\"},\"query-input\":{\"@type\":\"PropertyValueSpecification\",\"valueRequired\":true,\"valueName\":\"search_term_string\"}}],\"inLanguage\":\"en-GB\"}]}<\/script>\n<!-- \/ Yoast SEO plugin. -->","yoast_head_json":{"title":"Das Orakel - Tanz der F\u00fcgungen -","robots":{"index":"index","follow":"follow","max-snippet":"max-snippet:-1","max-image-preview":"max-image-preview:large","max-video-preview":"max-video-preview:-1"},"canonical":"https:\/\/bonger.de\/en\/inszenierungen\/tanztheater\/orakel\/","og_locale":"en_GB","og_type":"article","og_title":"Das Orakel - Tanz der F\u00fcgungen -","og_description":"DAS ORAKEL &#8211; TANZ DER F\u00dcGUNGEN In Verbindung zur Installation DAS ORAKEL VON M\u00c4GDESPRUNG sind inszenierte F\u00fchrungen, Performances und das Tanztheater DAS ORAKEL &#8211; TANZ DER F\u00dcGUNGEN geplant. DAS ORAKEL &#8211; TANZ DER F\u00dcGUNGEN wird eine inszenierte Reise nach Innen, ein Tanztheater entlang der 12 Stufen der Erkenntnis, abgestimmt auf die individuellen Fragen seiner G\u00e4ste. [&hellip;]","og_url":"https:\/\/bonger.de\/en\/inszenierungen\/tanztheater\/orakel\/","article_modified_time":"2025-01-17T14:25:49+00:00","og_image":[{"width":2560,"height":1749,"url":"https:\/\/bonger.de\/wp-content\/uploads\/2021\/05\/Orakel-Header-scaled.jpeg","type":"image\/jpeg"}],"twitter_card":"summary_large_image","twitter_misc":{"Estimated reading time":"2 minutes"},"schema":{"@context":"https:\/\/schema.org","@graph":[{"@type":"WebPage","@id":"https:\/\/bonger.de\/inszenierungen\/tanztheater\/orakel","url":"https:\/\/bonger.de\/inszenierungen\/tanztheater\/orakel","name":"Das Orakel - Tanz der F\u00fcgungen -","isPartOf":{"@id":"https:\/\/bonger.de\/#website"},"primaryImageOfPage":{"@id":"https:\/\/bonger.de\/inszenierungen\/tanztheater\/orakel#primaryimage"},"image":{"@id":"https:\/\/bonger.de\/inszenierungen\/tanztheater\/orakel#primaryimage"},"thumbnailUrl":"https:\/\/bonger.de\/wp-content\/uploads\/2021\/05\/Orakel-Header-scaled.jpeg","datePublished":"2021-05-07T10:11:45+00:00","dateModified":"2025-01-17T14:25:49+00:00","breadcrumb":{"@id":"https:\/\/bonger.de\/inszenierungen\/tanztheater\/orakel#breadcrumb"},"inLanguage":"en-GB","potentialAction":[{"@type":"ReadAction","target":["https:\/\/bonger.de\/inszenierungen\/tanztheater\/orakel"]}]},{"@type":"ImageObject","inLanguage":"en-GB","@id":"https:\/\/bonger.de\/inszenierungen\/tanztheater\/orakel#primaryimage","url":"https:\/\/bonger.de\/wp-content\/uploads\/2021\/05\/Orakel-Header-scaled.jpeg","contentUrl":"https:\/\/bonger.de\/wp-content\/uploads\/2021\/05\/Orakel-Header-scaled.jpeg","width":2560,"height":1749},{"@type":"BreadcrumbList","@id":"https:\/\/bonger.de\/inszenierungen\/tanztheater\/orakel#breadcrumb","itemListElement":[{"@type":"ListItem","position":1,"name":"Startseite","item":"https:\/\/bonger.de\/"},{"@type":"ListItem","position":2,"name":"Inszenierungen","item":"https:\/\/bonger.de\/en\/inszenierungen"},{"@type":"ListItem","position":3,"name":"Tanztheater","item":"https:\/\/bonger.de\/en\/inszenierungen\/tanztheater"},{"@type":"ListItem","position":4,"name":"Das Orakel &#8211; Tanz der F\u00fcgungen"}]},{"@type":"WebSite","@id":"https:\/\/bonger.de\/#website","url":"https:\/\/bonger.de\/","name":"","description":"","potentialAction":[{"@type":"SearchAction","target":{"@type":"EntryPoint","urlTemplate":"https:\/\/bonger.de\/?s={search_term_string}"},"query-input":{"@type":"PropertyValueSpecification","valueRequired":true,"valueName":"search_term_string"}}],"inLanguage":"en-GB"}]}},"rttpg_featured_image_url":{"full":["https:\/\/bonger.de\/wp-content\/uploads\/2021\/05\/Orakel-Header-scaled.jpeg",2560,1749,false],"landscape":["https:\/\/bonger.de\/wp-content\/uploads\/2021\/05\/Orakel-Header-scaled.jpeg",2560,1749,false],"portraits":["https:\/\/bonger.de\/wp-content\/uploads\/2021\/05\/Orakel-Header-scaled.jpeg",2560,1749,false],"thumbnail":["https:\/\/bonger.de\/wp-content\/uploads\/2021\/05\/Orakel-Header-150x150.jpeg",150,150,true],"medium":["https:\/\/bonger.de\/wp-content\/uploads\/2021\/05\/Orakel-Header-300x205.jpeg",300,205,true],"large":["https:\/\/bonger.de\/wp-content\/uploads\/2021\/05\/Orakel-Header-1024x699.jpeg",1024,699,true],"1536x1536":["https:\/\/bonger.de\/wp-content\/uploads\/2021\/05\/Orakel-Header-1536x1049.jpeg",1536,1049,true],"2048x2048":["https:\/\/bonger.de\/wp-content\/uploads\/2021\/05\/Orakel-Header-2048x1399.jpeg",2048,1399,true],"trp-custom-language-flag":["https:\/\/bonger.de\/wp-content\/uploads\/2021\/05\/Orakel-Header-scaled.jpeg",18,12,false],"tc-grid-full":["https:\/\/bonger.de\/wp-content\/uploads\/2021\/05\/Orakel-Header-1110x444.jpeg",1110,444,true],"tc-grid":["https:\/\/bonger.de\/wp-content\/uploads\/2021\/05\/Orakel-Header-570x350.jpeg",570,350,true],"tc-thumb":["https:\/\/bonger.de\/wp-content\/uploads\/2021\/05\/Orakel-Header-270x250.jpeg",270,250,true],"slider-full":["https:\/\/bonger.de\/wp-content\/uploads\/2021\/05\/Orakel-Header-7080x500.jpeg",7080,500,true],"slider":["https:\/\/bonger.de\/wp-content\/uploads\/2021\/05\/Orakel-Header-1110x500.jpeg",1110,500,true],"tc-sq-thumb":["https:\/\/bonger.de\/wp-content\/uploads\/2021\/05\/Orakel-Header-510x510.jpeg",510,510,true],"tc-ws-thumb":["https:\/\/bonger.de\/wp-content\/uploads\/2021\/05\/Orakel-Header-1110x624.jpeg",1110,624,true],"tc-ws-small-thumb":["https:\/\/bonger.de\/wp-content\/uploads\/2021\/05\/Orakel-Header-528x297.jpeg",528,297,true],"tc-slider-small":["https:\/\/bonger.de\/wp-content\/uploads\/2021\/05\/Orakel-Header-517x235.jpeg",517,235,true]},"rttpg_author":{"display_name":"daniel","author_link":"https:\/\/bonger.de\/en\/author\/daniel"},"rttpg_comment":0,"rttpg_category":null,"rttpg_excerpt":"DAS ORAKEL &#8211; TANZ DER F\u00dcGUNGEN In Verbindung zur Installation DAS ORAKEL VON M\u00c4GDESPRUNG sind inszenierte F\u00fchrungen, Performances und das Tanztheater DAS ORAKEL &#8211; TANZ DER F\u00dcGUNGEN geplant. DAS ORAKEL &#8211; TANZ DER F\u00dcGUNGEN wird eine inszenierte Reise nach Innen, ein Tanztheater entlang der 12 Stufen der Erkenntnis, abgestimmt auf die individuellen Fragen seiner G\u00e4ste.&hellip;","_links":{"self":[{"href":"https:\/\/bonger.de\/en\/wp-json\/wp\/v2\/pages\/568","targetHints":{"allow":["GET"]}}],"collection":[{"href":"https:\/\/bonger.de\/en\/wp-json\/wp\/v2\/pages"}],"about":[{"href":"https:\/\/bonger.de\/en\/wp-json\/wp\/v2\/types\/page"}],"author":[{"embeddable":true,"href":"https:\/\/bonger.de\/en\/wp-json\/wp\/v2\/users\/1"}],"replies":[{"embeddable":true,"href":"https:\/\/bonger.de\/en\/wp-json\/wp\/v2\/comments?post=568"}],"version-history":[{"count":11,"href":"https:\/\/bonger.de\/en\/wp-json\/wp\/v2\/pages\/568\/revisions"}],"predecessor-version":[{"id":2275,"href":"https:\/\/bonger.de\/en\/wp-json\/wp\/v2\/pages\/568\/revisions\/2275"}],"up":[{"embeddable":true,"href":"https:\/\/bonger.de\/en\/wp-json\/wp\/v2\/pages\/58"}],"wp:featuredmedia":[{"embeddable":true,"href":"https:\/\/bonger.de\/en\/wp-json\/wp\/v2\/media\/1001"}],"wp:attachment":[{"href":"https:\/\/bonger.de\/en\/wp-json\/wp\/v2\/media?parent=568"}],"curies":[{"name":"wp","href":"https:\/\/api.w.org\/{rel}","templated":true}]}}