{"id":64,"date":"2021-05-04T07:51:56","date_gmt":"2021-05-04T07:51:56","guid":{"rendered":"http:\/\/www.bonger.de\/?page_id=64"},"modified":"2021-06-15T15:12:34","modified_gmt":"2021-06-15T15:12:34","slug":"platz-der-ideen","status":"publish","type":"page","link":"https:\/\/bonger.de\/en\/kunst-im-stadtraum\/platz-der-ideen","title":{"rendered":"Place of ideas"},"content":{"rendered":"\n<p><strong>Der PLATZ DER IDEEN oder auch bekannt als DAS ORAKEL VON BERLIN<\/strong><\/p>\n\n\n\n<p><strong>beschreibt ein weltweit einmaliges, st\u00e4dtebauliches Kunstprojekt, welches als virtuelles Programm f\u00fcr die Handynutzung gebaut werden soll. <\/strong><br>Urspr\u00fcnglich war das Projekt als konkretes Bauprojekt auf dem Berliner Mehringplatz geplant. <\/p>\n\n\n\n<p>Der PLATZ DER IDEEN l\u00e4dt seine Besucher ein Fragen zu stellen und spielerisch, selbstbestimmt seine Antworten zu erarbeiten. Die Installation bezieht sich bewu\u00dft auf die umgebene Architektur wie auf Naturgegebenheiten. <\/p>\n\n\n\n<p>2020 wurde Voges eingeladen sein Konzept als Naturinstallation im Harz zu realisieren (siehe <a href=\"https:\/\/bonger.de\/kunst-im-stadtraum\/das-orakel-von-ma%cc%88gdesprung\" data-type=\"page\" data-id=\"66\">DAS ORAKEL VON M\u00c4GDESPRUNG<\/a>). <\/p>\n\n\n\n<p><\/p>\n\n\n\n<p>Mehr \u00fcber DAS ORAKEL VON BERLIN unter: <a href=\"http:\/\/www.PlatzderIdeen.de\">www.PlatzderIdeen.de<\/a>    <\/p>\n\n\n\n<p><\/p>\n\n\n\n<p class=\"has-large-font-size\"><strong>KOMMENTARE<\/strong><\/p>\n\n\n\n<pre class=\"wp-block-verse\">\"Ihr Vorschlag, dem Mehringplatz ein neues Gesicht von tiefergehender  Bedeutung zu geben, spricht mich sehr an und ich w\u00fcrde mich freuen, wenn  er zu einem positiven Ergebnis f\u00fchrte.\" <em>Bundespr\u00e4sident a. D. Richard von Weizs\u00e4cker<\/em><\/pre>\n\n\n\n<pre class=\"wp-block-verse\">\"Das Buch der Wandlungen\" (I-Ging) stellt die Frage nach dem Bleiben im Wandel und nach der Ordnung der Dinge inmitten einer verg\u00e4nglichen Welt.  Es geht in seinem Kern auf den Ursprung der chinesischen Kultur zur\u00fcck.  Seit \u00fcber 2500 Jahren \u00fcbt das I-Ging gro\u00dfen Einflu\u00df auf die Denkweise  der Chinesen, auf die chinesische Kultur, Kunst und Medizin. Ich hoffe,  da\u00df die Errichtung der Tafelfahnen des I Ging den Europ\u00e4ern beim  Kennenlernen der traditionellen chinesischen Kultur hilft und w\u00fcnsche in  diesem Sinne dem Projekt [...] viel Erfolg.\" Lu Qiutian, <em>- Botschafter der VR China<\/em><\/pre>\n\n\n\n<pre class=\"wp-block-verse\">\"Ich hoffe, da\u00df es Ihnen gelingt, auf diesem Wege \u00fcber die Grenzen von  Berlin hinaus ein Zeichen zu setzen f\u00fcr den Ideenreichtum, mit dem hier  in Kultur und Wirtschaft neue Wege beschritten werden.\" <em>Elmar Pieroth<\/em>, <em>- ehemaliger Senator f\u00fcr Wirtschaft und Betriebe Berlin<\/em><\/pre>\n\n\n\n<pre class=\"wp-block-verse\">\"Ich bin davon \u00fcberzeugt, da\u00df dieses Projekt f\u00fcr den Mehringplatz, aber  auch f\u00fcr die gesamte Friedrichstra\u00dfe einen kulturellen Ausgangspunkt  findet, der sowohl Touristen, wie aber auch Berliner begeistern wird.\" <em>Dr. Volker Hassemer, ehem. Senator f\u00fcr Stadtentwicklung, Unweltschutz<\/em> <em>- Partner f\u00fcr Berlin,<\/em> <em>Gesellschaft f\u00fcr Hauptstadtmarketing GmbH<\/em><\/pre>\n\n\n\n<pre class=\"wp-block-verse\">\u201eMit der Verbindung von europ\u00e4ischer und chinesischer Tradition er\u00f6ffnet  die von Ihnen geplante Platzgestaltung eine spannende Br\u00fccke zum  asiatischen Kulturraum.\u201c <em>Senatsverwaltung f\u00fcr Wissenschaft,<\/em> <em>Forschung und Kultur Berlin<\/em><\/pre>\n\n\n\n<pre class=\"wp-block-verse\">\u201eDas Orakel von Berlin wird eine dauerhafte Attraktion f\u00fcr viele Menschen werden!\u201c <em>Michael S. Cullen<\/em> <em>Mitinitiator der Reichstagsverh\u00fcllung<\/em> <em>von Jeane-Claude und Christo<\/em><\/pre>\n\n\n\n<pre class=\"wp-block-verse\">\u201eIn der Verbindung von Stadtarchitektur, Spiel und Weisheit gelingt  Ihnen ein beispielhaftes Kunstwerk. Wir w\u00fcrden uns sehr freuen, \u201eDas  Orakel von Berlin\u201c im Rahmen unseres Programms \u201eDas neue Berlin\u201c zu  pr\u00e4sentieren.\u201c <em>Prof. Dr. Eckardt<\/em>, <em>Beauftragter des Senats von Berlin<\/em> <em>f\u00fcr Ausstellungen und Veranstaltungen um das Jahr 2000<\/em><\/pre>\n\n\n\n<pre class=\"wp-block-verse\"> \u201eDas Projekt \u201eOrakel von Berlin\u201c ist eine h\u00f6chst interessante Idee.  Die Werbewirkung f\u00fcr Berlin und seine Vielf\u00e4ltigkeit ist nicht zu  untersch\u00e4tzen. Sie wirkt auch auf die Wirtschaftst\u00e4tigkeit. Die Idee von  Bonger Voges [\u2026] pa\u00dft zu der weltoffenen und avantgardistischen  Tradition Kreuzbergs.\u201c <em>Franz Schulz, \u2013 ehem. Bezirksb\u00fcrgermeister von Kreuzberg<\/em><\/pre>\n\n\n\n<pre class=\"wp-block-verse\">\u201eIhr Entwurf \u201eDas Orakel von Berlin\u201c ist faszinierend! \u201eDas Orakel  von Berlin\u201c wird aus dem Mehringplatz wieder einen der bedeutendsten  Berliner Pl\u00e4tze machen. Das hochkommunikative Konzept des  \u201eI-Ging-Spiels\u201c schafft f\u00fcr uns eine Verbindung von Reflektion, Lernen  und Spiel \u2013 vom \u00f6ffentlichen Raum zum geschlossenen Raum der  Gedenkbilblothek.\u201c <em>Dr. Claudia Lux<\/em> <em>\u2013 ehemalige Generaldirektorin der Zentral- und Landesbiblothek Berlin<\/em><\/pre>\n\n\n\n<p><\/p>\n\n\n\n<p><strong>Begegnung mit Konfuzius<\/strong> &#8211; K\u00fcnstler will den Mehringplatz zum \u201eweltweit ersten Stra\u00dfenorakel\u201c machen<\/p>\n\n\n\n<p>Irgendwann hat sich der Mehringplatz dem Konzeptk\u00fcnstler Bonger Voges als Orakel offenbart. Vor f\u00fcnf Jahren, als er in der N\u00e4he wohnte und den Platz t\u00e4glich \u00fcberqueren musste, tauchten in seinem Kopf Fragen auf: Warum sehe ich so aus, wie ich aussehe? Warum sieht dieser Platz so aus, wie er aussieht? Da kam Bonger Voges die Idee: Dieser Platz muss ein Ort der Kommunikation werden. &#8230;.  <\/p>\n\n\n\n<p>Bonger Voges hat sich die Benutzung des Stra\u00dfenorakels so vorgestellt: Man \u00fcberlege sich eine Frage, die man nicht mit Ja oder Nein beantworten kann und begebe sich zu einer Fahne, deren Farbe einem im Moment zusagt. Am Fu\u00df der Fahne steht dann die passende Weisheit aus dem I-Ging, dem Buch der Wandlungen. An den zwei Eing\u00e4ngen zu dem Platz soll jeweils eine zw\u00f6lf Meter hohe Figur der Bildhauerin Niki de Saint Phalle stehen: ein Sonnen- und ein Mondtor. &#8230;&#8230; <\/p>\n\n\n\n<p>Voges und seine Partnerin Kristijana Penava haben f\u00fcr ihr Projekt unter anderem den Feng-Shui Berater Lin Yun Thomas (USA) konsultiert und auch Chung Ying Cheng, den Pr\u00e4sidenten des Vereins f\u00fcr internationale I-Ging Forschung. Auch der chinesische Botschafter ist von dem Vorhaben begeistert. Mittlerweile k\u00fcmmert sich ein ganzer Verein mit dem Namen \u201eOrakel von Berlin\u201c um das Projekt. Eine Umgestaltung des Platzes h\u00e4lt nicht nur der K\u00fcnstler f\u00fcr \u00fcberf\u00e4llig. Auch SPD-Bausenator Peter Strieder ist daf\u00fcr. Ein Betonriegel mit Wohnungen verbarrikadiert die Sicht auf den Platz, die Hecken sind struppig. Recycling-Container blockieren die Friedrichstrasse. Wo heute noch ein Gestr\u00fcpp w\u00e4chst, sollen sp\u00e4ter die I-Ging Texttafeln in den Boden eingelassen werden. <\/p>\n\n\n\n<p>Voges: \u201eDer Mehringplatz ist ein introvertierter Platz, der danach schreit, wieder lebendig zu werden.\u201c Das findet im Prinzip auch das Landesdenkmalamt. Der Platz steht unter Denkmalschutz. Somit k\u00f6nnte sogar das Entfernen der Hecken problematisch werden. \u201ePrinzipiell k\u00f6nnen wir uns eine erg\u00e4nzende k\u00fcnstlerische Sicht vorstellen\u201c, sagt Denkmalsch\u00fctzer Klaus Lingenauber \u2013 wenn dadurch die desolate Situation auf dem Platz beseitigt werde. \u201eAber es stellen sich noch eine Menge Fragen.\u201c In den kommenden Wochen will sich die Beh\u00f6rde n\u00e4her mit den Entw\u00fcrfen besch\u00e4ftigen. Die Wohnungsbaugesellschaft WIR unterst\u00fctzt Voges` Plan. &#8230;.. Bonger Voges ist sich sicher, dass Scharen von Berlinern und Touristen sein Orakel um Rat fragen werden. &#8230;<br>Berliner Zeitung Mittwoch, 12. April 2000, Andreas Kopietz<\/p>\n\n\n\n<p><\/p>\n","protected":false},"excerpt":{"rendered":"<p>Der PLATZ DER IDEEN oder auch bekannt als DAS ORAKEL VON BERLIN beschreibt ein weltweit einmaliges, st\u00e4dtebauliches Kunstprojekt, welches als virtuelles Programm f\u00fcr die Handynutzung gebaut werden soll. Urspr\u00fcnglich war das Projekt als konkretes Bauprojekt auf dem Berliner Mehringplatz geplant. Der PLATZ DER IDEEN l\u00e4dt seine Besucher ein Fragen zu stellen und spielerisch, selbstbestimmt seine [&hellip;]<\/p>\n","protected":false},"author":1,"featured_media":1071,"parent":19,"menu_order":0,"comment_status":"closed","ping_status":"closed","template":"topmenu-page.php","meta":{"_acf_changed":false,"pgc_sgb_lightbox_settings":"","footnotes":""},"class_list":["post-64","page","type-page","status-publish","has-post-thumbnail","czr-hentry"],"acf":[],"yoast_head":"<!-- This site is optimized with the Yoast SEO plugin v27.3 - https:\/\/yoast.com\/product\/yoast-seo-wordpress\/ -->\n<title>PLATZ DER IDEEN -<\/title>\n<meta name=\"robots\" content=\"index, follow, max-snippet:-1, max-image-preview:large, max-video-preview:-1\" \/>\n<link rel=\"canonical\" href=\"https:\/\/bonger.de\/en\/kunst-im-stadtraum\/platz-der-ideen\" \/>\n<meta property=\"og:locale\" content=\"en_GB\" \/>\n<meta property=\"og:type\" content=\"article\" \/>\n<meta property=\"og:title\" content=\"PLATZ DER IDEEN -\" \/>\n<meta property=\"og:description\" content=\"Der PLATZ DER IDEEN oder auch bekannt als DAS ORAKEL VON BERLIN beschreibt ein weltweit einmaliges, st\u00e4dtebauliches Kunstprojekt, welches als virtuelles Programm f\u00fcr die Handynutzung gebaut werden soll. Urspr\u00fcnglich war das Projekt als konkretes Bauprojekt auf dem Berliner Mehringplatz geplant. Der PLATZ DER IDEEN l\u00e4dt seine Besucher ein Fragen zu stellen und spielerisch, selbstbestimmt seine [&hellip;]\" \/>\n<meta property=\"og:url\" content=\"https:\/\/bonger.de\/en\/kunst-im-stadtraum\/platz-der-ideen\" \/>\n<meta property=\"article:modified_time\" content=\"2021-06-15T15:12:34+00:00\" \/>\n<meta property=\"og:image\" content=\"https:\/\/bonger.de\/wp-content\/uploads\/2021\/06\/Mehring1-scaled-e1623769819972.jpg\" \/>\n\t<meta property=\"og:image:width\" content=\"2560\" \/>\n\t<meta property=\"og:image:height\" content=\"672\" \/>\n\t<meta property=\"og:image:type\" content=\"image\/jpeg\" \/>\n<meta name=\"twitter:card\" content=\"summary_large_image\" \/>\n<meta name=\"twitter:label1\" content=\"Estimated reading time\" \/>\n\t<meta name=\"twitter:data1\" content=\"5 minutes\" \/>\n<script type=\"application\/ld+json\" class=\"yoast-schema-graph\">{\"@context\":\"https:\\\/\\\/schema.org\",\"@graph\":[{\"@type\":\"WebPage\",\"@id\":\"https:\\\/\\\/bonger.de\\\/en\\\/kunst-im-stadtraum\\\/platz-der-ideen\",\"url\":\"https:\\\/\\\/bonger.de\\\/en\\\/kunst-im-stadtraum\\\/platz-der-ideen\",\"name\":\"PLATZ DER IDEEN -\",\"isPartOf\":{\"@id\":\"https:\\\/\\\/bonger.de\\\/#website\"},\"primaryImageOfPage\":{\"@id\":\"https:\\\/\\\/bonger.de\\\/en\\\/kunst-im-stadtraum\\\/platz-der-ideen#primaryimage\"},\"image\":{\"@id\":\"https:\\\/\\\/bonger.de\\\/en\\\/kunst-im-stadtraum\\\/platz-der-ideen#primaryimage\"},\"thumbnailUrl\":\"https:\\\/\\\/bonger.de\\\/wp-content\\\/uploads\\\/2021\\\/06\\\/Mehring1-scaled-e1623769819972.jpg\",\"datePublished\":\"2021-05-04T07:51:56+00:00\",\"dateModified\":\"2021-06-15T15:12:34+00:00\",\"breadcrumb\":{\"@id\":\"https:\\\/\\\/bonger.de\\\/en\\\/kunst-im-stadtraum\\\/platz-der-ideen#breadcrumb\"},\"inLanguage\":\"en-GB\",\"potentialAction\":[{\"@type\":\"ReadAction\",\"target\":[\"https:\\\/\\\/bonger.de\\\/en\\\/kunst-im-stadtraum\\\/platz-der-ideen\"]}]},{\"@type\":\"ImageObject\",\"inLanguage\":\"en-GB\",\"@id\":\"https:\\\/\\\/bonger.de\\\/en\\\/kunst-im-stadtraum\\\/platz-der-ideen#primaryimage\",\"url\":\"https:\\\/\\\/bonger.de\\\/wp-content\\\/uploads\\\/2021\\\/06\\\/Mehring1-scaled-e1623769819972.jpg\",\"contentUrl\":\"https:\\\/\\\/bonger.de\\\/wp-content\\\/uploads\\\/2021\\\/06\\\/Mehring1-scaled-e1623769819972.jpg\",\"width\":2560,\"height\":672},{\"@type\":\"BreadcrumbList\",\"@id\":\"https:\\\/\\\/bonger.de\\\/en\\\/kunst-im-stadtraum\\\/platz-der-ideen#breadcrumb\",\"itemListElement\":[{\"@type\":\"ListItem\",\"position\":1,\"name\":\"Startseite\",\"item\":\"https:\\\/\\\/bonger.de\\\/\"},{\"@type\":\"ListItem\",\"position\":2,\"name\":\"Kunst im Stadtraum\",\"item\":\"https:\\\/\\\/bonger.de\\\/en\\\/kunst-im-stadtraum\"},{\"@type\":\"ListItem\",\"position\":3,\"name\":\"PLATZ DER IDEEN\"}]},{\"@type\":\"WebSite\",\"@id\":\"https:\\\/\\\/bonger.de\\\/#website\",\"url\":\"https:\\\/\\\/bonger.de\\\/\",\"name\":\"\",\"description\":\"\",\"potentialAction\":[{\"@type\":\"SearchAction\",\"target\":{\"@type\":\"EntryPoint\",\"urlTemplate\":\"https:\\\/\\\/bonger.de\\\/?s={search_term_string}\"},\"query-input\":{\"@type\":\"PropertyValueSpecification\",\"valueRequired\":true,\"valueName\":\"search_term_string\"}}],\"inLanguage\":\"en-GB\"}]}<\/script>\n<!-- \/ Yoast SEO plugin. -->","yoast_head_json":{"title":"PLATZ DER IDEEN -","robots":{"index":"index","follow":"follow","max-snippet":"max-snippet:-1","max-image-preview":"max-image-preview:large","max-video-preview":"max-video-preview:-1"},"canonical":"https:\/\/bonger.de\/en\/kunst-im-stadtraum\/platz-der-ideen","og_locale":"en_GB","og_type":"article","og_title":"PLATZ DER IDEEN -","og_description":"Der PLATZ DER IDEEN oder auch bekannt als DAS ORAKEL VON BERLIN beschreibt ein weltweit einmaliges, st\u00e4dtebauliches Kunstprojekt, welches als virtuelles Programm f\u00fcr die Handynutzung gebaut werden soll. Urspr\u00fcnglich war das Projekt als konkretes Bauprojekt auf dem Berliner Mehringplatz geplant. Der PLATZ DER IDEEN l\u00e4dt seine Besucher ein Fragen zu stellen und spielerisch, selbstbestimmt seine [&hellip;]","og_url":"https:\/\/bonger.de\/en\/kunst-im-stadtraum\/platz-der-ideen","article_modified_time":"2021-06-15T15:12:34+00:00","og_image":[{"width":2560,"height":672,"url":"https:\/\/bonger.de\/wp-content\/uploads\/2021\/06\/Mehring1-scaled-e1623769819972.jpg","type":"image\/jpeg"}],"twitter_card":"summary_large_image","twitter_misc":{"Estimated reading time":"5 minutes"},"schema":{"@context":"https:\/\/schema.org","@graph":[{"@type":"WebPage","@id":"https:\/\/bonger.de\/en\/kunst-im-stadtraum\/platz-der-ideen","url":"https:\/\/bonger.de\/en\/kunst-im-stadtraum\/platz-der-ideen","name":"PLATZ DER IDEEN -","isPartOf":{"@id":"https:\/\/bonger.de\/#website"},"primaryImageOfPage":{"@id":"https:\/\/bonger.de\/en\/kunst-im-stadtraum\/platz-der-ideen#primaryimage"},"image":{"@id":"https:\/\/bonger.de\/en\/kunst-im-stadtraum\/platz-der-ideen#primaryimage"},"thumbnailUrl":"https:\/\/bonger.de\/wp-content\/uploads\/2021\/06\/Mehring1-scaled-e1623769819972.jpg","datePublished":"2021-05-04T07:51:56+00:00","dateModified":"2021-06-15T15:12:34+00:00","breadcrumb":{"@id":"https:\/\/bonger.de\/en\/kunst-im-stadtraum\/platz-der-ideen#breadcrumb"},"inLanguage":"en-GB","potentialAction":[{"@type":"ReadAction","target":["https:\/\/bonger.de\/en\/kunst-im-stadtraum\/platz-der-ideen"]}]},{"@type":"ImageObject","inLanguage":"en-GB","@id":"https:\/\/bonger.de\/en\/kunst-im-stadtraum\/platz-der-ideen#primaryimage","url":"https:\/\/bonger.de\/wp-content\/uploads\/2021\/06\/Mehring1-scaled-e1623769819972.jpg","contentUrl":"https:\/\/bonger.de\/wp-content\/uploads\/2021\/06\/Mehring1-scaled-e1623769819972.jpg","width":2560,"height":672},{"@type":"BreadcrumbList","@id":"https:\/\/bonger.de\/en\/kunst-im-stadtraum\/platz-der-ideen#breadcrumb","itemListElement":[{"@type":"ListItem","position":1,"name":"Startseite","item":"https:\/\/bonger.de\/"},{"@type":"ListItem","position":2,"name":"Kunst im Stadtraum","item":"https:\/\/bonger.de\/en\/kunst-im-stadtraum"},{"@type":"ListItem","position":3,"name":"PLATZ DER IDEEN"}]},{"@type":"WebSite","@id":"https:\/\/bonger.de\/#website","url":"https:\/\/bonger.de\/","name":"","description":"","potentialAction":[{"@type":"SearchAction","target":{"@type":"EntryPoint","urlTemplate":"https:\/\/bonger.de\/?s={search_term_string}"},"query-input":{"@type":"PropertyValueSpecification","valueRequired":true,"valueName":"search_term_string"}}],"inLanguage":"en-GB"}]}},"rttpg_featured_image_url":{"full":["https:\/\/bonger.de\/wp-content\/uploads\/2021\/06\/Mehring1-scaled-e1623769819972.jpg",2560,672,false],"landscape":["https:\/\/bonger.de\/wp-content\/uploads\/2021\/06\/Mehring1-scaled-e1623769819972.jpg",2560,672,false],"portraits":["https:\/\/bonger.de\/wp-content\/uploads\/2021\/06\/Mehring1-scaled-e1623769819972.jpg",2560,672,false],"thumbnail":["https:\/\/bonger.de\/wp-content\/uploads\/2021\/06\/Mehring1-scaled-e1623769819972-150x150.jpg",150,150,true],"medium":["https:\/\/bonger.de\/wp-content\/uploads\/2021\/06\/Mehring1-scaled-e1623769819972-300x79.jpg",300,79,true],"large":["https:\/\/bonger.de\/wp-content\/uploads\/2021\/06\/Mehring1-scaled-e1623769819972-1024x269.jpg",1024,269,true],"1536x1536":["https:\/\/bonger.de\/wp-content\/uploads\/2021\/06\/Mehring1-scaled-e1623769819972-1536x403.jpg",1536,403,true],"2048x2048":["https:\/\/bonger.de\/wp-content\/uploads\/2021\/06\/Mehring1-scaled-e1623769819972-2048x538.jpg",2048,538,true],"trp-custom-language-flag":["https:\/\/bonger.de\/wp-content\/uploads\/2021\/06\/Mehring1-scaled-e1623769819972-16x4.jpg",16,4,true],"tc-grid-full":["https:\/\/bonger.de\/wp-content\/uploads\/2021\/06\/Mehring1-scaled-e1623769819972-1110x444.jpg",1110,444,true],"tc-grid":["https:\/\/bonger.de\/wp-content\/uploads\/2021\/06\/Mehring1-scaled-e1623769819972-570x350.jpg",570,350,true],"tc-thumb":["https:\/\/bonger.de\/wp-content\/uploads\/2021\/06\/Mehring1-scaled-e1623769819972-270x250.jpg",270,250,true],"slider-full":["https:\/\/bonger.de\/wp-content\/uploads\/2021\/06\/Mehring1-scaled-e1623769819972-2560x500.jpg",2560,500,true],"slider":["https:\/\/bonger.de\/wp-content\/uploads\/2021\/06\/Mehring1-scaled-e1623769819972-1110x500.jpg",1110,500,true],"tc-sq-thumb":["https:\/\/bonger.de\/wp-content\/uploads\/2021\/06\/Mehring1-scaled-e1623769819972-510x510.jpg",510,510,true],"tc-ws-thumb":["https:\/\/bonger.de\/wp-content\/uploads\/2021\/06\/Mehring1-scaled-e1623769819972-1110x624.jpg",1110,624,true],"tc-ws-small-thumb":["https:\/\/bonger.de\/wp-content\/uploads\/2021\/06\/Mehring1-scaled-e1623769819972-528x297.jpg",528,297,true],"tc-slider-small":["https:\/\/bonger.de\/wp-content\/uploads\/2021\/06\/Mehring1-scaled-e1623769819972-517x235.jpg",517,235,true]},"rttpg_author":{"display_name":"daniel","author_link":"https:\/\/bonger.de\/en\/author\/daniel"},"rttpg_comment":0,"rttpg_category":null,"rttpg_excerpt":"Der PLATZ DER IDEEN oder auch bekannt als DAS ORAKEL VON BERLIN beschreibt ein weltweit einmaliges, st\u00e4dtebauliches Kunstprojekt, welches als virtuelles Programm f\u00fcr die Handynutzung gebaut werden soll. Urspr\u00fcnglich war das Projekt als konkretes Bauprojekt auf dem Berliner Mehringplatz geplant. Der PLATZ DER IDEEN l\u00e4dt seine Besucher ein Fragen zu stellen und spielerisch, selbstbestimmt seine&hellip;","_links":{"self":[{"href":"https:\/\/bonger.de\/en\/wp-json\/wp\/v2\/pages\/64","targetHints":{"allow":["GET"]}}],"collection":[{"href":"https:\/\/bonger.de\/en\/wp-json\/wp\/v2\/pages"}],"about":[{"href":"https:\/\/bonger.de\/en\/wp-json\/wp\/v2\/types\/page"}],"author":[{"embeddable":true,"href":"https:\/\/bonger.de\/en\/wp-json\/wp\/v2\/users\/1"}],"replies":[{"embeddable":true,"href":"https:\/\/bonger.de\/en\/wp-json\/wp\/v2\/comments?post=64"}],"version-history":[{"count":24,"href":"https:\/\/bonger.de\/en\/wp-json\/wp\/v2\/pages\/64\/revisions"}],"predecessor-version":[{"id":1675,"href":"https:\/\/bonger.de\/en\/wp-json\/wp\/v2\/pages\/64\/revisions\/1675"}],"up":[{"embeddable":true,"href":"https:\/\/bonger.de\/en\/wp-json\/wp\/v2\/pages\/19"}],"wp:featuredmedia":[{"embeddable":true,"href":"https:\/\/bonger.de\/en\/wp-json\/wp\/v2\/media\/1071"}],"wp:attachment":[{"href":"https:\/\/bonger.de\/en\/wp-json\/wp\/v2\/media?parent=64"}],"curies":[{"name":"wp","href":"https:\/\/api.w.org\/{rel}","templated":true}]}}