{"id":706,"date":"2021-05-08T13:57:26","date_gmt":"2021-05-08T13:57:26","guid":{"rendered":"http:\/\/www.bonger.de\/?page_id=706"},"modified":"2021-10-08T07:26:17","modified_gmt":"2021-10-08T07:26:17","slug":"fuehrung-fantasie","status":"publish","type":"page","link":"https:\/\/bonger.de\/en\/events\/workshops\/fuehrung-fantasie","title":{"rendered":"ORDINANCE FANTASY (F\u00dcHRUNG FANTASIE)"},"content":{"rendered":"<h2 class=\"wp-block-heading\"><strong>Imagination and closeness<\/strong><\/h2>\n\n\n\n<p>Stage your imagination. The mental cinema is big, the reality is often sobering.<\/p>\n\n\n\n<p>When it comes to putting it into practice, it often fails for a variety of reasons. We have too much respect for our own imagination ... shame ... fear ... do not want to stumble or appear inexperienced in front of the other. Maybe some things should remain a fantasy.<\/p>\n\n\n\n<p>The workshop offers you, you key to approach the head cinema safe and lifted.<\/p>\n\n\n\n<p>The workshop is suitable for couples, singles and groups.<\/p>","protected":false},"excerpt":{"rendered":"<p>Fantasie und N\u00e4he Inszeniere deine Fantasie. Das Kopfkino ist gro\u00df, die Realit\u00e4t oft ern\u00fcchternd. An der Umsetzung in die Realit\u00e4t scheitert es oft aus vielerlei Gr\u00fcnden. Wir haben zu gro\u00dfen Respekt vor der eigenen Fantasie \u2026 Scham \u2026 Angst \u2026 m\u00f6chten nicht stolpern oder unerfahren vor dem anderen erscheinen. Vielleicht sollte manches auch Fantasie bleiben. [&hellip;]<\/p>\n","protected":false},"author":1,"featured_media":1001,"parent":28,"menu_order":2,"comment_status":"closed","ping_status":"closed","template":"topmenu-page.php","meta":{"_acf_changed":false,"pgc_sgb_lightbox_settings":"","footnotes":""},"class_list":["post-706","page","type-page","status-publish","has-post-thumbnail","czr-hentry"],"acf":[],"yoast_head":"<!-- This site is optimized with the Yoast SEO plugin v27.3 - https:\/\/yoast.com\/product\/yoast-seo-wordpress\/ -->\n<title>F\u00fchrung Fantasie -<\/title>\n<meta name=\"robots\" content=\"index, follow, max-snippet:-1, max-image-preview:large, max-video-preview:-1\" \/>\n<link rel=\"canonical\" href=\"https:\/\/bonger.de\/en\/events\/workshops\/fuehrung-fantasie\/\" \/>\n<meta property=\"og:locale\" content=\"en_GB\" \/>\n<meta property=\"og:type\" content=\"article\" \/>\n<meta property=\"og:title\" content=\"F\u00fchrung Fantasie -\" \/>\n<meta property=\"og:description\" content=\"Fantasie und N\u00e4he Inszeniere deine Fantasie. Das Kopfkino ist gro\u00df, die Realit\u00e4t oft ern\u00fcchternd. An der Umsetzung in die Realit\u00e4t scheitert es oft aus vielerlei Gr\u00fcnden. Wir haben zu gro\u00dfen Respekt vor der eigenen Fantasie \u2026 Scham \u2026 Angst \u2026 m\u00f6chten nicht stolpern oder unerfahren vor dem anderen erscheinen. Vielleicht sollte manches auch Fantasie bleiben. [&hellip;]\" \/>\n<meta property=\"og:url\" content=\"https:\/\/bonger.de\/en\/events\/workshops\/fuehrung-fantasie\/\" \/>\n<meta property=\"article:modified_time\" content=\"2021-10-08T07:26:17+00:00\" \/>\n<meta property=\"og:image\" content=\"https:\/\/bonger.de\/wp-content\/uploads\/2021\/05\/Orakel-Header-scaled.jpeg\" \/>\n\t<meta property=\"og:image:width\" content=\"2560\" \/>\n\t<meta property=\"og:image:height\" content=\"1749\" \/>\n\t<meta property=\"og:image:type\" content=\"image\/jpeg\" \/>\n<meta name=\"twitter:card\" content=\"summary_large_image\" \/>\n<meta name=\"twitter:label1\" content=\"Estimated reading time\" \/>\n\t<meta name=\"twitter:data1\" content=\"1 minute\" \/>\n<script type=\"application\/ld+json\" class=\"yoast-schema-graph\">{\"@context\":\"https:\\\/\\\/schema.org\",\"@graph\":[{\"@type\":\"WebPage\",\"@id\":\"https:\\\/\\\/bonger.de\\\/events\\\/workshops\\\/fuehrung-fantasie\",\"url\":\"https:\\\/\\\/bonger.de\\\/events\\\/workshops\\\/fuehrung-fantasie\",\"name\":\"F\u00fchrung Fantasie -\",\"isPartOf\":{\"@id\":\"https:\\\/\\\/bonger.de\\\/#website\"},\"primaryImageOfPage\":{\"@id\":\"https:\\\/\\\/bonger.de\\\/events\\\/workshops\\\/fuehrung-fantasie#primaryimage\"},\"image\":{\"@id\":\"https:\\\/\\\/bonger.de\\\/events\\\/workshops\\\/fuehrung-fantasie#primaryimage\"},\"thumbnailUrl\":\"https:\\\/\\\/bonger.de\\\/wp-content\\\/uploads\\\/2021\\\/05\\\/Orakel-Header-scaled.jpeg\",\"datePublished\":\"2021-05-08T13:57:26+00:00\",\"dateModified\":\"2021-10-08T07:26:17+00:00\",\"breadcrumb\":{\"@id\":\"https:\\\/\\\/bonger.de\\\/events\\\/workshops\\\/fuehrung-fantasie#breadcrumb\"},\"inLanguage\":\"en-GB\",\"potentialAction\":[{\"@type\":\"ReadAction\",\"target\":[\"https:\\\/\\\/bonger.de\\\/events\\\/workshops\\\/fuehrung-fantasie\"]}]},{\"@type\":\"ImageObject\",\"inLanguage\":\"en-GB\",\"@id\":\"https:\\\/\\\/bonger.de\\\/events\\\/workshops\\\/fuehrung-fantasie#primaryimage\",\"url\":\"https:\\\/\\\/bonger.de\\\/wp-content\\\/uploads\\\/2021\\\/05\\\/Orakel-Header-scaled.jpeg\",\"contentUrl\":\"https:\\\/\\\/bonger.de\\\/wp-content\\\/uploads\\\/2021\\\/05\\\/Orakel-Header-scaled.jpeg\",\"width\":2560,\"height\":1749},{\"@type\":\"BreadcrumbList\",\"@id\":\"https:\\\/\\\/bonger.de\\\/events\\\/workshops\\\/fuehrung-fantasie#breadcrumb\",\"itemListElement\":[{\"@type\":\"ListItem\",\"position\":1,\"name\":\"Startseite\",\"item\":\"https:\\\/\\\/bonger.de\\\/\"},{\"@type\":\"ListItem\",\"position\":2,\"name\":\"Events\",\"item\":\"https:\\\/\\\/bonger.de\\\/events\"},{\"@type\":\"ListItem\",\"position\":3,\"name\":\"Workshops\",\"item\":\"https:\\\/\\\/bonger.de\\\/events\\\/workshops\"},{\"@type\":\"ListItem\",\"position\":4,\"name\":\"F\u00fchrung Fantasie\"}]},{\"@type\":\"WebSite\",\"@id\":\"https:\\\/\\\/bonger.de\\\/#website\",\"url\":\"https:\\\/\\\/bonger.de\\\/\",\"name\":\"\",\"description\":\"\",\"potentialAction\":[{\"@type\":\"SearchAction\",\"target\":{\"@type\":\"EntryPoint\",\"urlTemplate\":\"https:\\\/\\\/bonger.de\\\/?s={search_term_string}\"},\"query-input\":{\"@type\":\"PropertyValueSpecification\",\"valueRequired\":true,\"valueName\":\"search_term_string\"}}],\"inLanguage\":\"en-GB\"}]}<\/script>\n<!-- \/ Yoast SEO plugin. -->","yoast_head_json":{"title":"F\u00fchrung Fantasie -","robots":{"index":"index","follow":"follow","max-snippet":"max-snippet:-1","max-image-preview":"max-image-preview:large","max-video-preview":"max-video-preview:-1"},"canonical":"https:\/\/bonger.de\/en\/events\/workshops\/fuehrung-fantasie\/","og_locale":"en_GB","og_type":"article","og_title":"F\u00fchrung Fantasie -","og_description":"Fantasie und N\u00e4he Inszeniere deine Fantasie. Das Kopfkino ist gro\u00df, die Realit\u00e4t oft ern\u00fcchternd. An der Umsetzung in die Realit\u00e4t scheitert es oft aus vielerlei Gr\u00fcnden. Wir haben zu gro\u00dfen Respekt vor der eigenen Fantasie \u2026 Scham \u2026 Angst \u2026 m\u00f6chten nicht stolpern oder unerfahren vor dem anderen erscheinen. Vielleicht sollte manches auch Fantasie bleiben. [&hellip;]","og_url":"https:\/\/bonger.de\/en\/events\/workshops\/fuehrung-fantasie\/","article_modified_time":"2021-10-08T07:26:17+00:00","og_image":[{"width":2560,"height":1749,"url":"https:\/\/bonger.de\/wp-content\/uploads\/2021\/05\/Orakel-Header-scaled.jpeg","type":"image\/jpeg"}],"twitter_card":"summary_large_image","twitter_misc":{"Estimated reading time":"1 minute"},"schema":{"@context":"https:\/\/schema.org","@graph":[{"@type":"WebPage","@id":"https:\/\/bonger.de\/events\/workshops\/fuehrung-fantasie","url":"https:\/\/bonger.de\/events\/workshops\/fuehrung-fantasie","name":"F\u00fchrung Fantasie -","isPartOf":{"@id":"https:\/\/bonger.de\/#website"},"primaryImageOfPage":{"@id":"https:\/\/bonger.de\/events\/workshops\/fuehrung-fantasie#primaryimage"},"image":{"@id":"https:\/\/bonger.de\/events\/workshops\/fuehrung-fantasie#primaryimage"},"thumbnailUrl":"https:\/\/bonger.de\/wp-content\/uploads\/2021\/05\/Orakel-Header-scaled.jpeg","datePublished":"2021-05-08T13:57:26+00:00","dateModified":"2021-10-08T07:26:17+00:00","breadcrumb":{"@id":"https:\/\/bonger.de\/events\/workshops\/fuehrung-fantasie#breadcrumb"},"inLanguage":"en-GB","potentialAction":[{"@type":"ReadAction","target":["https:\/\/bonger.de\/events\/workshops\/fuehrung-fantasie"]}]},{"@type":"ImageObject","inLanguage":"en-GB","@id":"https:\/\/bonger.de\/events\/workshops\/fuehrung-fantasie#primaryimage","url":"https:\/\/bonger.de\/wp-content\/uploads\/2021\/05\/Orakel-Header-scaled.jpeg","contentUrl":"https:\/\/bonger.de\/wp-content\/uploads\/2021\/05\/Orakel-Header-scaled.jpeg","width":2560,"height":1749},{"@type":"BreadcrumbList","@id":"https:\/\/bonger.de\/events\/workshops\/fuehrung-fantasie#breadcrumb","itemListElement":[{"@type":"ListItem","position":1,"name":"Startseite","item":"https:\/\/bonger.de\/"},{"@type":"ListItem","position":2,"name":"Events","item":"https:\/\/bonger.de\/events"},{"@type":"ListItem","position":3,"name":"Workshops","item":"https:\/\/bonger.de\/events\/workshops"},{"@type":"ListItem","position":4,"name":"F\u00fchrung Fantasie"}]},{"@type":"WebSite","@id":"https:\/\/bonger.de\/#website","url":"https:\/\/bonger.de\/","name":"","description":"","potentialAction":[{"@type":"SearchAction","target":{"@type":"EntryPoint","urlTemplate":"https:\/\/bonger.de\/?s={search_term_string}"},"query-input":{"@type":"PropertyValueSpecification","valueRequired":true,"valueName":"search_term_string"}}],"inLanguage":"en-GB"}]}},"rttpg_featured_image_url":{"full":["https:\/\/bonger.de\/wp-content\/uploads\/2021\/05\/Orakel-Header-scaled.jpeg",2560,1749,false],"landscape":["https:\/\/bonger.de\/wp-content\/uploads\/2021\/05\/Orakel-Header-scaled.jpeg",2560,1749,false],"portraits":["https:\/\/bonger.de\/wp-content\/uploads\/2021\/05\/Orakel-Header-scaled.jpeg",2560,1749,false],"thumbnail":["https:\/\/bonger.de\/wp-content\/uploads\/2021\/05\/Orakel-Header-150x150.jpeg",150,150,true],"medium":["https:\/\/bonger.de\/wp-content\/uploads\/2021\/05\/Orakel-Header-300x205.jpeg",300,205,true],"large":["https:\/\/bonger.de\/wp-content\/uploads\/2021\/05\/Orakel-Header-1024x699.jpeg",1024,699,true],"1536x1536":["https:\/\/bonger.de\/wp-content\/uploads\/2021\/05\/Orakel-Header-1536x1049.jpeg",1536,1049,true],"2048x2048":["https:\/\/bonger.de\/wp-content\/uploads\/2021\/05\/Orakel-Header-2048x1399.jpeg",2048,1399,true],"trp-custom-language-flag":["https:\/\/bonger.de\/wp-content\/uploads\/2021\/05\/Orakel-Header-scaled.jpeg",18,12,false],"tc-grid-full":["https:\/\/bonger.de\/wp-content\/uploads\/2021\/05\/Orakel-Header-1110x444.jpeg",1110,444,true],"tc-grid":["https:\/\/bonger.de\/wp-content\/uploads\/2021\/05\/Orakel-Header-570x350.jpeg",570,350,true],"tc-thumb":["https:\/\/bonger.de\/wp-content\/uploads\/2021\/05\/Orakel-Header-270x250.jpeg",270,250,true],"slider-full":["https:\/\/bonger.de\/wp-content\/uploads\/2021\/05\/Orakel-Header-7080x500.jpeg",7080,500,true],"slider":["https:\/\/bonger.de\/wp-content\/uploads\/2021\/05\/Orakel-Header-1110x500.jpeg",1110,500,true],"tc-sq-thumb":["https:\/\/bonger.de\/wp-content\/uploads\/2021\/05\/Orakel-Header-510x510.jpeg",510,510,true],"tc-ws-thumb":["https:\/\/bonger.de\/wp-content\/uploads\/2021\/05\/Orakel-Header-1110x624.jpeg",1110,624,true],"tc-ws-small-thumb":["https:\/\/bonger.de\/wp-content\/uploads\/2021\/05\/Orakel-Header-528x297.jpeg",528,297,true],"tc-slider-small":["https:\/\/bonger.de\/wp-content\/uploads\/2021\/05\/Orakel-Header-517x235.jpeg",517,235,true]},"rttpg_author":{"display_name":"daniel","author_link":"https:\/\/bonger.de\/en\/author\/daniel"},"rttpg_comment":0,"rttpg_category":null,"rttpg_excerpt":"Fantasie und N\u00e4he Inszeniere deine Fantasie. Das Kopfkino ist gro\u00df, die Realit\u00e4t oft ern\u00fcchternd. An der Umsetzung in die Realit\u00e4t scheitert es oft aus vielerlei Gr\u00fcnden. Wir haben zu gro\u00dfen Respekt vor der eigenen Fantasie \u2026 Scham \u2026 Angst \u2026 m\u00f6chten nicht stolpern oder unerfahren vor dem anderen erscheinen. Vielleicht sollte manches auch Fantasie bleiben.&hellip;","_links":{"self":[{"href":"https:\/\/bonger.de\/en\/wp-json\/wp\/v2\/pages\/706","targetHints":{"allow":["GET"]}}],"collection":[{"href":"https:\/\/bonger.de\/en\/wp-json\/wp\/v2\/pages"}],"about":[{"href":"https:\/\/bonger.de\/en\/wp-json\/wp\/v2\/types\/page"}],"author":[{"embeddable":true,"href":"https:\/\/bonger.de\/en\/wp-json\/wp\/v2\/users\/1"}],"replies":[{"embeddable":true,"href":"https:\/\/bonger.de\/en\/wp-json\/wp\/v2\/comments?post=706"}],"version-history":[{"count":8,"href":"https:\/\/bonger.de\/en\/wp-json\/wp\/v2\/pages\/706\/revisions"}],"predecessor-version":[{"id":1886,"href":"https:\/\/bonger.de\/en\/wp-json\/wp\/v2\/pages\/706\/revisions\/1886"}],"up":[{"embeddable":true,"href":"https:\/\/bonger.de\/en\/wp-json\/wp\/v2\/pages\/28"}],"wp:featuredmedia":[{"embeddable":true,"href":"https:\/\/bonger.de\/en\/wp-json\/wp\/v2\/media\/1001"}],"wp:attachment":[{"href":"https:\/\/bonger.de\/en\/wp-json\/wp\/v2\/media?parent=706"}],"curies":[{"name":"wp","href":"https:\/\/api.w.org\/{rel}","templated":true}]}}