{"id":709,"date":"2021-05-08T13:58:46","date_gmt":"2021-05-08T13:58:46","guid":{"rendered":"http:\/\/www.bonger.de\/?page_id=709"},"modified":"2022-01-25T13:20:21","modified_gmt":"2022-01-25T13:20:21","slug":"vortraege","status":"publish","type":"page","link":"https:\/\/bonger.de\/en\/events\/vortraege","title":{"rendered":"Lectures"},"content":{"rendered":"<p><strong>THE ART OF ORDINANCE (DIE KUNST DER F\u00dcGUNG)<\/strong><\/p>\n\n\n\n<p>Lecture on the subject of intuition. Using the example of art projects <a href=\"https:\/\/bonger.de\/en\/kunst-im-stadtraum\/platz-der-ideen\/\" data-type=\"page\" data-id=\"64\">THE ORACLE OF BERLIN<\/a>, <a href=\"https:\/\/bonger.de\/en\/das-orakel-von-ma%cc%88gdesprung\/\" data-type=\"page\" data-id=\"66\">THE ORACLE OF M\u00c4GDESPRUNG<\/a> and the staging <a href=\"https:\/\/bonger.de\/en\/inszenierungen\/tanztheater\/orakel\/\" data-type=\"page\" data-id=\"568\">THE ORACEL<\/a> the principles of learning the ART OF FOCUS are discussed. The key words are: the inner oracle, trance, sinkronicity, chance, fate.<\/p>\n\n\n\n<p>The lecture is also an introduction to the workshop <a data-type=\"page\" data-id=\"1397\" href=\"https:\/\/bonger.de\/en\/events\/workshops\/die-kunst-der-fuegung\/\">THE ART OF ORDINANCE (DIE KUNST DER F\u00dcGUNG)<\/a>. <br>Ein Abschluss dieses Workshops, Trainings ist Voraussetzung Guide, F\u00fchrerIn durch die Installation DAS ORAKEL VON M\u00c4GDESPRUNG zu sein.  <\/p>\n\n\n\n<p>&#8212;&#8212;&#8212;&#8212;&#8212;&#8212;&#8212;&#8212;&#8212;&#8212;&#8212;&#8212;&#8212;&#8212;&#8212;&#8212;&#8212;&#8211; <\/p>\n\n\n\n<p><strong>THE DIVINE IN LANGUAGE<\/strong><\/p>\n\n\n\n<p>Lecture on the deep meaning of language. We repeat daily, mostly unconsciously, \u201cmantras\u201d which have a decisive influence on our lives. Our awareness of our \"word\" is crucial for our self-esteem, our self-confidence. The lecture opens up new perspectives on \"understanding\". In the lecture we also go into practical exercises, which I call \"snake language\" or the \"snake of breath\". <\/p>\n\n\n\n<p>Der Vortrag ist auch eine Einf\u00fchrung zu dem Workshop &#8222;SCHLANGENSPRACHE&#8220; in welchem die praktischen \u00dcbungen und das Wissen um die individuelle Sprache vertieft werden. Stichw\u00f6rter: HEILIGE IDENTIT\u00c4T, Schlangensprache, Die Schlange des Atems, Glaube und Sprache, Selbstbewusstsein, Archetypen. <\/p>\n\n\n\n<p><em><strong>God and identity &#8211; <\/strong>the devine tongue, archetypes<strong>, <\/strong>discovering the sacret secrets of mantras<\/em><\/p>\n\n\n\n<p>&#8212;&#8212;&#8212;&#8212;&#8212;&#8212;&#8212;&#8212;&#8212;&#8212;&#8212;&#8212;&#8212;&#8212;&#8212;&#8212;&#8212;&#8212;-<\/p>\n\n\n\n<p><strong>RITUALS OF THE SENSES<\/strong><\/p>\n\n\n\n<p>In this lecture we go into the importance of rituals in our life. We shed light on rituals from different cultures and their history. <\/p>\n\n\n\n<p>&#8212;&#8212;&#8212;&#8212;&#8212;&#8212;&#8212;&#8212;&#8212;&#8212;&#8212;&#8212;&#8212;&#8212;&#8212;&#8212;&#8212;-<\/p>\n\n\n\n<p><strong>LOVE AND DOMINANCE <\/strong><\/p>\n\n\n\n<p>Relationships in power imbalances<\/p>\n\n\n\n<p>Positiv Streiten ist eine fast verlorene Kultur. Ein Pl\u00e4doyer f\u00fcr streitbare Beziehungen.   <\/p>\n\n\n\n<p>&#8212;&#8212;&#8212;&#8212;&#8212;&#8212;&#8212;&#8212;&#8212;&#8212;&#8212;&#8212;&#8211;<\/p>\n\n\n\n<p><strong>THE BIG DIFFERENCE<\/strong><\/p>\n\n\n\n<p>M\u00e4nnliche und weibliche Kommunikationsstrategien<\/p>\n\n\n\n<p>M\u00e4nner und Frauen ticken anders. Warum scheinen M\u00e4nner und Frauen unterschiedliche Kommunikationsstrategien zu haben und was n\u00fctzen sie uns. Vortrag in Zusammenarbeit mit verschiedenen Dozenten. <\/p>\n\n\n\n<p>&#8212;&#8212;&#8212;&#8212;&#8212;&#8212;&#8212;&#8212;&#8212;&#8212;&#8212;&#8212;&#8212;&#8212;&#8211;<\/p>\n\n\n\n<p><strong>PAIN, SUFFERING and INTENSIVE EXPERIENCE<\/strong><\/p>\n\n\n\n<p>Buddha Says \"LIFE IS PAIN\"<\/p>\n\n\n\n<p>Lecture on the transformation of \"pain\". \"Good pain\", \"bad pain\". \u201cGood pain\u201d leads us to transformation, to learning and to entering new spaces. Why are we still so intensely concerned with avoiding pain? In the lecture we also go into practical exercises of positive pain experience. <\/p>\n\n\n\n<p><strong>&#8212;&#8212;&#8212;&#8212;&#8212;&#8212;&#8212;&#8212;&#8212;&#8212;&#8212;&#8212;&#8211;<\/strong><br><br><strong>COMMENTS<\/strong>:<\/p>\n\n\n\n<p>\u201e<em>His themes as a choreographer and teacher are allways very archaic and to the point.\u201c<\/em><\/p>\n\n\n\n<p>&#8220; &#8222;Wahrheit ist der Wille, Herr zu werden \u00fcber das Vielerlei der Sensationen&#8220; schrieb Friedrich Nietzsche. Bonger Voges verk\u00f6rpert diesen Willen und macht wahrhaft sensationelles Theater&#8230;&#8220;                           Pierot Kunstmagazin Deutschland<\/p>\n\n\n\n<p>&#8222;&#8230; Er sch\u00f6pft seine Ideen aus den &#8222;Schattenseiten des Lebens&#8220; &#8211; obwohl er von sich behauptet er sei eine Frohnatur. &#8230; Voges &#8230; sucht Klarheit durchs Extrem.&#8220; STERN Magazin, Hamburg<br><br>&#8222;&#8230;unmerklich hat Bonger Voges sein Publikum in den Vorhof von Philosophie, Religion, Mythologie und Trance entf\u00fchrt.&#8220; Abendzeitung M\u00fcnchen<\/p>\n\n\n\n<p>&#8222;Bonger Voges Tanz &#8211; Bildertheater scheint bestens geeignet, den Menschen h\u00f6rend und sehend zu machen.&#8220; journal Duisburg<br><br>&#8222;Tanz in die Zukunft&#8230; Mit Sicherheit tut Bonger Voges etwas f\u00fcr ein &#8222;neues Bewu\u00dftsein&#8220;. Aber was er daf\u00fcr tut und wie er es tut &#8211; das pa\u00dft in keine Schublade.&#8220; Esotera Magazin Deutschland<br><br>&#8222;&#8230; Kein Zweifel: Bonger Voges` Gruppe &#8230;.. pa\u00dft in keine Kategorie, &#8230;&#8220; Vogue Deutschland<\/p>\n\n\n\n<p><\/p>\n\n\n\n<p><strong>ENGLISH VERSION<\/strong><br><br>&#8222;&#8230;to strip off civilisations limits&#8230;LEARN from the Past. LIVE for the present, SPARE A THOUGHT for the future&#8230;&#8220; I-D, London<\/p>\n\n\n\n<p>\u201c\u201dTruth is the will, to become the master over the multible of sensations\u201d, Friedrich Nietzsche wrote. Bonger Voges impersonates this will and does truly sensational theatre&#8230;\u201d Pierot Art Magazine,<\/p>\n\n\n\n<p>\u201cDance into the future&#8230; Certainly Bonger Voges does something for a `new consciousness`. But what he does for it and how he does it \u2013 that doesn\u2019t fit into any ordinary moulds\u201d. Esotera Magazin, Germany<\/p>\n\n\n\n<p>&#8222;&#8220;Truth is the will, to become the master over the multible of sensations&#8220;, Friedrich Nietzsche wrote. Bonger Voges impersonates this will and does truly sensational theatre&#8230;&#8220; Pierot Art Magazine<\/p>\n\n\n\n<p>&#8220; Bonger Voges dance \u2013 theatre of images seems to be ideally suited, to make people hear and give sight&#8220;. journal Duisburg<\/p>\n\n\n\n<p>&#8222;&#8230; He provides his ideas from the &#8220; shadow sides of live&#8220; \u2013 allthough he claims of himself to be a cheerful nature. &#8230; Voges &#8230;. searches for clarity through the extrem&#8220;. STERN Magazin, Hamburg&#8220; &#8230; imperceptibly Bonger Voges abducts his audience in the forecourt of philosophy, religion, mythology and trance.&#8220; Abendzeitung M\u00fcnchen<\/p>\n\n\n\n<p><em>&#8222;&#8230; <\/em>No doubt: Bonger Voges&#8216; group &#8230;. doesn t fit in any category,&#8230;&#8220; Vogue Germany<\/p>\n\n\n\n<p>Voges&#8216; &#8220; Munich dance theatre &#8230;. considered to be one of the best&#8230;&#8220; Der Spiegel<br><br><\/p>","protected":false},"excerpt":{"rendered":"<p>DIE KUNST DER F\u00dcGUNG Vortrag zum Thema Intuition. Am Beispiel der Kunstprojekte DAS ORAKEL VON BERLIN, DAS ORAKEL VON M\u00c4GDESPRUNG und der Inszenierung DAS ORAKEL werden Gesetzm\u00e4\u00dfigkeiten zum Erlernen der KUNST DER F\u00dcGUNG er\u00f6rtert. Stichworte sind: das innere Orakel, Trance, Sinkronizit\u00e4t, Zufall, F\u00fcgung. Der Vortrag ist auch Einf\u00fchrung f\u00fcr den Workshop DIE KUNST DER F\u00dcGUNG. [&hellip;]<\/p>\n","protected":false},"author":1,"featured_media":1396,"parent":15,"menu_order":2,"comment_status":"closed","ping_status":"closed","template":"","meta":{"_acf_changed":false,"pgc_sgb_lightbox_settings":"","footnotes":""},"class_list":["post-709","page","type-page","status-publish","has-post-thumbnail","czr-hentry"],"acf":[],"yoast_head":"<!-- This site is optimized with the Yoast SEO plugin v27.3 - https:\/\/yoast.com\/product\/yoast-seo-wordpress\/ -->\n<title>Vortr\u00e4ge -<\/title>\n<meta name=\"robots\" content=\"index, follow, max-snippet:-1, max-image-preview:large, max-video-preview:-1\" \/>\n<link rel=\"canonical\" href=\"https:\/\/bonger.de\/en\/events\/vortraege\/\" \/>\n<meta property=\"og:locale\" content=\"en_GB\" \/>\n<meta property=\"og:type\" content=\"article\" \/>\n<meta property=\"og:title\" content=\"Vortr\u00e4ge -\" \/>\n<meta property=\"og:description\" content=\"DIE KUNST DER F\u00dcGUNG Vortrag zum Thema Intuition. Am Beispiel der Kunstprojekte DAS ORAKEL VON BERLIN, DAS ORAKEL VON M\u00c4GDESPRUNG und der Inszenierung DAS ORAKEL werden Gesetzm\u00e4\u00dfigkeiten zum Erlernen der KUNST DER F\u00dcGUNG er\u00f6rtert. Stichworte sind: das innere Orakel, Trance, Sinkronizit\u00e4t, Zufall, F\u00fcgung. Der Vortrag ist auch Einf\u00fchrung f\u00fcr den Workshop DIE KUNST DER F\u00dcGUNG. [&hellip;]\" \/>\n<meta property=\"og:url\" content=\"https:\/\/bonger.de\/en\/events\/vortraege\/\" \/>\n<meta property=\"article:modified_time\" content=\"2022-01-25T13:20:21+00:00\" \/>\n<meta property=\"og:image\" content=\"https:\/\/bonger.de\/wp-content\/uploads\/2021\/06\/MG_9918-1-scaled-e1623400025856.jpg\" \/>\n\t<meta property=\"og:image:width\" content=\"1702\" \/>\n\t<meta property=\"og:image:height\" content=\"787\" \/>\n\t<meta property=\"og:image:type\" content=\"image\/jpeg\" \/>\n<meta name=\"twitter:card\" content=\"summary_large_image\" \/>\n<meta name=\"twitter:label1\" content=\"Estimated reading time\" \/>\n\t<meta name=\"twitter:data1\" content=\"4 minutes\" \/>\n<script type=\"application\/ld+json\" class=\"yoast-schema-graph\">{\"@context\":\"https:\\\/\\\/schema.org\",\"@graph\":[{\"@type\":\"WebPage\",\"@id\":\"https:\\\/\\\/bonger.de\\\/events\\\/vortraege\",\"url\":\"https:\\\/\\\/bonger.de\\\/events\\\/vortraege\",\"name\":\"Vortr\u00e4ge -\",\"isPartOf\":{\"@id\":\"https:\\\/\\\/bonger.de\\\/#website\"},\"primaryImageOfPage\":{\"@id\":\"https:\\\/\\\/bonger.de\\\/events\\\/vortraege#primaryimage\"},\"image\":{\"@id\":\"https:\\\/\\\/bonger.de\\\/events\\\/vortraege#primaryimage\"},\"thumbnailUrl\":\"https:\\\/\\\/bonger.de\\\/wp-content\\\/uploads\\\/2021\\\/06\\\/MG_9918-1-scaled-e1623400025856.jpg\",\"datePublished\":\"2021-05-08T13:58:46+00:00\",\"dateModified\":\"2022-01-25T13:20:21+00:00\",\"breadcrumb\":{\"@id\":\"https:\\\/\\\/bonger.de\\\/events\\\/vortraege#breadcrumb\"},\"inLanguage\":\"en-GB\",\"potentialAction\":[{\"@type\":\"ReadAction\",\"target\":[\"https:\\\/\\\/bonger.de\\\/events\\\/vortraege\"]}]},{\"@type\":\"ImageObject\",\"inLanguage\":\"en-GB\",\"@id\":\"https:\\\/\\\/bonger.de\\\/events\\\/vortraege#primaryimage\",\"url\":\"https:\\\/\\\/bonger.de\\\/wp-content\\\/uploads\\\/2021\\\/06\\\/MG_9918-1-scaled-e1623400025856.jpg\",\"contentUrl\":\"https:\\\/\\\/bonger.de\\\/wp-content\\\/uploads\\\/2021\\\/06\\\/MG_9918-1-scaled-e1623400025856.jpg\",\"width\":1702,\"height\":787},{\"@type\":\"BreadcrumbList\",\"@id\":\"https:\\\/\\\/bonger.de\\\/events\\\/vortraege#breadcrumb\",\"itemListElement\":[{\"@type\":\"ListItem\",\"position\":1,\"name\":\"Startseite\",\"item\":\"https:\\\/\\\/bonger.de\\\/\"},{\"@type\":\"ListItem\",\"position\":2,\"name\":\"Events\",\"item\":\"https:\\\/\\\/bonger.de\\\/events\"},{\"@type\":\"ListItem\",\"position\":3,\"name\":\"Vortr\u00e4ge\"}]},{\"@type\":\"WebSite\",\"@id\":\"https:\\\/\\\/bonger.de\\\/#website\",\"url\":\"https:\\\/\\\/bonger.de\\\/\",\"name\":\"\",\"description\":\"\",\"potentialAction\":[{\"@type\":\"SearchAction\",\"target\":{\"@type\":\"EntryPoint\",\"urlTemplate\":\"https:\\\/\\\/bonger.de\\\/?s={search_term_string}\"},\"query-input\":{\"@type\":\"PropertyValueSpecification\",\"valueRequired\":true,\"valueName\":\"search_term_string\"}}],\"inLanguage\":\"en-GB\"}]}<\/script>\n<!-- \/ Yoast SEO plugin. -->","yoast_head_json":{"title":"Vortr\u00e4ge -","robots":{"index":"index","follow":"follow","max-snippet":"max-snippet:-1","max-image-preview":"max-image-preview:large","max-video-preview":"max-video-preview:-1"},"canonical":"https:\/\/bonger.de\/en\/events\/vortraege\/","og_locale":"en_GB","og_type":"article","og_title":"Vortr\u00e4ge -","og_description":"DIE KUNST DER F\u00dcGUNG Vortrag zum Thema Intuition. Am Beispiel der Kunstprojekte DAS ORAKEL VON BERLIN, DAS ORAKEL VON M\u00c4GDESPRUNG und der Inszenierung DAS ORAKEL werden Gesetzm\u00e4\u00dfigkeiten zum Erlernen der KUNST DER F\u00dcGUNG er\u00f6rtert. Stichworte sind: das innere Orakel, Trance, Sinkronizit\u00e4t, Zufall, F\u00fcgung. Der Vortrag ist auch Einf\u00fchrung f\u00fcr den Workshop DIE KUNST DER F\u00dcGUNG. [&hellip;]","og_url":"https:\/\/bonger.de\/en\/events\/vortraege\/","article_modified_time":"2022-01-25T13:20:21+00:00","og_image":[{"width":1702,"height":787,"url":"https:\/\/bonger.de\/wp-content\/uploads\/2021\/06\/MG_9918-1-scaled-e1623400025856.jpg","type":"image\/jpeg"}],"twitter_card":"summary_large_image","twitter_misc":{"Estimated reading time":"4 minutes"},"schema":{"@context":"https:\/\/schema.org","@graph":[{"@type":"WebPage","@id":"https:\/\/bonger.de\/events\/vortraege","url":"https:\/\/bonger.de\/events\/vortraege","name":"Vortr\u00e4ge -","isPartOf":{"@id":"https:\/\/bonger.de\/#website"},"primaryImageOfPage":{"@id":"https:\/\/bonger.de\/events\/vortraege#primaryimage"},"image":{"@id":"https:\/\/bonger.de\/events\/vortraege#primaryimage"},"thumbnailUrl":"https:\/\/bonger.de\/wp-content\/uploads\/2021\/06\/MG_9918-1-scaled-e1623400025856.jpg","datePublished":"2021-05-08T13:58:46+00:00","dateModified":"2022-01-25T13:20:21+00:00","breadcrumb":{"@id":"https:\/\/bonger.de\/events\/vortraege#breadcrumb"},"inLanguage":"en-GB","potentialAction":[{"@type":"ReadAction","target":["https:\/\/bonger.de\/events\/vortraege"]}]},{"@type":"ImageObject","inLanguage":"en-GB","@id":"https:\/\/bonger.de\/events\/vortraege#primaryimage","url":"https:\/\/bonger.de\/wp-content\/uploads\/2021\/06\/MG_9918-1-scaled-e1623400025856.jpg","contentUrl":"https:\/\/bonger.de\/wp-content\/uploads\/2021\/06\/MG_9918-1-scaled-e1623400025856.jpg","width":1702,"height":787},{"@type":"BreadcrumbList","@id":"https:\/\/bonger.de\/events\/vortraege#breadcrumb","itemListElement":[{"@type":"ListItem","position":1,"name":"Startseite","item":"https:\/\/bonger.de\/"},{"@type":"ListItem","position":2,"name":"Events","item":"https:\/\/bonger.de\/events"},{"@type":"ListItem","position":3,"name":"Vortr\u00e4ge"}]},{"@type":"WebSite","@id":"https:\/\/bonger.de\/#website","url":"https:\/\/bonger.de\/","name":"","description":"","potentialAction":[{"@type":"SearchAction","target":{"@type":"EntryPoint","urlTemplate":"https:\/\/bonger.de\/?s={search_term_string}"},"query-input":{"@type":"PropertyValueSpecification","valueRequired":true,"valueName":"search_term_string"}}],"inLanguage":"en-GB"}]}},"rttpg_featured_image_url":{"full":["https:\/\/bonger.de\/wp-content\/uploads\/2021\/06\/MG_9918-1-scaled-e1623400025856.jpg",1702,787,false],"landscape":["https:\/\/bonger.de\/wp-content\/uploads\/2021\/06\/MG_9918-1-scaled-e1623400025856.jpg",1702,787,false],"portraits":["https:\/\/bonger.de\/wp-content\/uploads\/2021\/06\/MG_9918-1-scaled-e1623400025856.jpg",1702,787,false],"thumbnail":["https:\/\/bonger.de\/wp-content\/uploads\/2021\/06\/MG_9918-1-scaled-e1623400025856-150x150.jpg",150,150,true],"medium":["https:\/\/bonger.de\/wp-content\/uploads\/2021\/06\/MG_9918-1-scaled-e1623400025856-300x139.jpg",300,139,true],"large":["https:\/\/bonger.de\/wp-content\/uploads\/2021\/06\/MG_9918-1-scaled-e1623400025856-1024x473.jpg",1024,473,true],"1536x1536":["https:\/\/bonger.de\/wp-content\/uploads\/2021\/06\/MG_9918-1-scaled-e1623400025856-1536x710.jpg",1536,710,true],"2048x2048":["https:\/\/bonger.de\/wp-content\/uploads\/2021\/06\/MG_9918-1-1365x2048.jpg",1365,2048,true],"trp-custom-language-flag":["https:\/\/bonger.de\/wp-content\/uploads\/2021\/06\/MG_9918-1-scaled-e1623400025856-16x7.jpg",16,7,true],"tc-grid-full":["https:\/\/bonger.de\/wp-content\/uploads\/2021\/06\/MG_9918-1-scaled-e1623400025856-1110x444.jpg",1110,444,true],"tc-grid":["https:\/\/bonger.de\/wp-content\/uploads\/2021\/06\/MG_9918-1-scaled-e1623400025856-570x350.jpg",570,350,true],"tc-thumb":["https:\/\/bonger.de\/wp-content\/uploads\/2021\/06\/MG_9918-1-scaled-e1623400025856-270x250.jpg",270,250,true],"slider-full":["https:\/\/bonger.de\/wp-content\/uploads\/2021\/06\/MG_9918-1-scaled-e1623400025856-1702x500.jpg",1702,500,true],"slider":["https:\/\/bonger.de\/wp-content\/uploads\/2021\/06\/MG_9918-1-scaled-e1623400025856-1110x500.jpg",1110,500,true],"tc-sq-thumb":["https:\/\/bonger.de\/wp-content\/uploads\/2021\/06\/MG_9918-1-scaled-e1623400025856-510x510.jpg",510,510,true],"tc-ws-thumb":["https:\/\/bonger.de\/wp-content\/uploads\/2021\/06\/MG_9918-1-scaled-e1623400025856-1110x624.jpg",1110,624,true],"tc-ws-small-thumb":["https:\/\/bonger.de\/wp-content\/uploads\/2021\/06\/MG_9918-1-scaled-e1623400025856-528x297.jpg",528,297,true],"tc-slider-small":["https:\/\/bonger.de\/wp-content\/uploads\/2021\/06\/MG_9918-1-scaled-e1623400025856-517x235.jpg",517,235,true]},"rttpg_author":{"display_name":"daniel","author_link":"https:\/\/bonger.de\/en\/author\/daniel"},"rttpg_comment":0,"rttpg_category":null,"rttpg_excerpt":"DIE KUNST DER F\u00dcGUNG Vortrag zum Thema Intuition. Am Beispiel der Kunstprojekte DAS ORAKEL VON BERLIN, DAS ORAKEL VON M\u00c4GDESPRUNG und der Inszenierung DAS ORAKEL werden Gesetzm\u00e4\u00dfigkeiten zum Erlernen der KUNST DER F\u00dcGUNG er\u00f6rtert. Stichworte sind: das innere Orakel, Trance, Sinkronizit\u00e4t, Zufall, F\u00fcgung. Der Vortrag ist auch Einf\u00fchrung f\u00fcr den Workshop DIE KUNST DER F\u00dcGUNG.&hellip;","_links":{"self":[{"href":"https:\/\/bonger.de\/en\/wp-json\/wp\/v2\/pages\/709","targetHints":{"allow":["GET"]}}],"collection":[{"href":"https:\/\/bonger.de\/en\/wp-json\/wp\/v2\/pages"}],"about":[{"href":"https:\/\/bonger.de\/en\/wp-json\/wp\/v2\/types\/page"}],"author":[{"embeddable":true,"href":"https:\/\/bonger.de\/en\/wp-json\/wp\/v2\/users\/1"}],"replies":[{"embeddable":true,"href":"https:\/\/bonger.de\/en\/wp-json\/wp\/v2\/comments?post=709"}],"version-history":[{"count":11,"href":"https:\/\/bonger.de\/en\/wp-json\/wp\/v2\/pages\/709\/revisions"}],"predecessor-version":[{"id":2107,"href":"https:\/\/bonger.de\/en\/wp-json\/wp\/v2\/pages\/709\/revisions\/2107"}],"up":[{"embeddable":true,"href":"https:\/\/bonger.de\/en\/wp-json\/wp\/v2\/pages\/15"}],"wp:featuredmedia":[{"embeddable":true,"href":"https:\/\/bonger.de\/en\/wp-json\/wp\/v2\/media\/1396"}],"wp:attachment":[{"href":"https:\/\/bonger.de\/en\/wp-json\/wp\/v2\/media?parent=709"}],"curies":[{"name":"wp","href":"https:\/\/api.w.org\/{rel}","templated":true}]}}