{"id":72,"date":"2021-05-04T07:53:05","date_gmt":"2021-05-04T07:53:05","guid":{"rendered":"http:\/\/www.bonger.de\/?page_id=72"},"modified":"2025-05-05T12:10:37","modified_gmt":"2025-05-05T12:10:37","slug":"vitae","status":"publish","type":"page","link":"https:\/\/bonger.de\/en\/bonger\/vitae","title":{"rendered":"Vitae"},"content":{"rendered":"<p class=\"has-normal-font-size\"><strong>Bonger Voges&nbsp;&#8211; Konzeptk\u00fcnstler, Choreograph, Coach<\/strong><br>geboren in Einbeck, Niedersachsen, lebt in Berlin, M\u00fcnchen und M\u00e4gdesprung, Harz<\/p>\n\n\n\n<p>AKTUELL arbeitet Voges u.a. an der Realiesierung des Kunstkonzeptes DAS ORAKEL VON M\u00c4GDESPRUNG im Harz (www.das-orakel.eu) und der Entwicklung des Kunstdorfes M\u00e4gdesprung. In Berlin kuratiert er Ausstellungen zum Thema &#8222;Werte und Kulturen Europas&#8220; (mehr dazu s.u. und auf den entsprechenden Webseiten). <\/p>\n\n\n\n<p><\/p>\n\n\n\n<p class=\"has-normal-font-size\">1984 begann Voges in M\u00fcnchen als Kulturmanager, Choreograph, Partyinszenierer und Lehrer in Bewegungstheater<\/p>\n\n\n\n<p class=\"has-normal-font-size\">Seine Produktionen finden internationale Anerkennung. Voges Kunstaktionen provozieren und sind gleichsam sehr geerdet. Sie bilden auf ihre ganz eigene Weise immer ein Gesamtkunstwerk. Voges Stadtinstallation <a href=\"http:\/\/www.pfaddervisionaere.de\">PFAD DER VISION\u00c4RE &#8211; ZEICHEN F\u00dcR EUROPA<\/a> wurde am 14. Mai 2022 in der Fu\u00dfg\u00e4ngerzone der Berliner Friedrichstra\u00dfe er\u00f6ffnet. Seit 2021 arbeitet Voges an einer Landschaftsinstallation <a href=\"https:\/\/bonger.de\/en\/kunst-im-stadtraum\/das-orakel-von-ma%cc%88gdesprung\/\">THE ORACLE OF M\u00c4GDESPRUNG <\/a>im Harz sowie an einer neuen Inszenierung <a href=\"https:\/\/bonger.de\/en\/inszenierungen\/tanztheater\/orakel\/\">DAS ORAKEL &#8211; TANZ DER F\u00dcGUNG<\/a>. November 2022 wurde Voges zum Vorstandsvorsitzender des KUNSTWELT KULTUREREIGNISSE e.V. M\u00e4gdesprung, Harz gew\u00e4hlt.<\/p>\n\n\n\n<p class=\"has-normal-font-size\"><\/p>\n\n\n\n<p><strong>Studium<\/strong>: Bonger Voges studierte klassischen, akademischen Tanz sowie moderne Tanztechniken in den USA, Holland und Deutschland. Sein Leben begleiten Fortbildungen im Bereich K\u00f6rperarbeit, Coaching, Bewegungstheater, Chi Gong, Placement, Yoga, Meditation, funktionelle Entspannung, Massagetechniken, TRE Trauma Release Exercises.<\/p>\n\n\n\n<p><strong>Voges Tanztheaterinszenierungen<\/strong>, f\u00fcr welche er eine eigene Bewegungsform, den &#8222;Skulpturellen Tanz&#8220; entwickelte, fanden internationale Beachtung. Er gastierte mit seinen Inszenierungen auf diversen Festivals, u.a.: \u2018Documenta 8.\u2019, Kassel (Sonderprogramm); \u2018Festival international de la danse\u2019, Centre Pompidou, Paris; \u2018Steirischer Herbst\u2019, Graz, \u00d6sterreich; \u2018Internationales Theatertreffen Laibach\u2019, Slowenien; \u2018Sommertheater Kampnagel\u2019, Hamburg; \u2018IBA Internationale Bauausstellung Rhein-Ruhr\u2019, Duisburg.<br>Die Verfilmung seiner Tanztheaterproduktion \u2018M\u00c4NNERT\u00c4NZE\u2019 wurde mit dem Pr\u00e4dikat \u2018besonders wertvoll\u2019 ausgezeichnet.                                           Seit 2005 veranstaltet Voges Rollenspieltheater in Berlin. <\/p>\n\n\n\n<p><strong>Produzent und Leiter verschiedener<\/strong> <strong>Festivals<\/strong>:<\/p>\n\n\n\n<ul class=\"wp-block-list\">\n<li>3x &#8222;<a href=\"http:\/\/www.europafestival-berlin.de\">EUROPAFESTIVAL-BERLIN<\/a>&#8220; 2006, 2007, 2008 entlang der Berliner Friedrichstra\u00dfe mit &#8222;Europ\u00e4isches Dorf&#8220;, &#8222;Kinder- und Jugendpark&#8220;, Europaempfang&#8220;, &#8222;Europaparade&#8220; entlang der Berliner Friedrichstra\u00dfe. Schirmherr Klaus Wowereit, Regierender B\u00fcrgermeister von Berlin <\/li>\n\n\n\n<li>\u2018Fetisch und Kult\u2019, (Tempel M\u00fcnchen) 1994<\/li>\n\n\n\n<li>\u2018Festival der Sinne\u2019, M\u00fcnchen 1992<\/li>\n\n\n\n<li>\u2018Duisburger Akzente 91\u2019 (Koproduzent)<\/li>\n\n\n\n<li>Mitglied des Leitungsteams von \u2018Trans Paris Reves\u2019, Paris 90<\/li>\n\n\n\n<li>Partner von \u2018Die Macht der Nacht\u2019 in D\u00fcsseldorf <\/li>\n\n\n\n<li>2x Mitveranstalter des Theaterfestivals \u2018Die Macht der Nacht\u2019, Olympiapark M\u00fcnchen<\/li>\n\n\n\n<li>Produzent \u2018III. Tanz-Tage M\u00fcnchen\u2019, \u2018II. Tanz-Tage M\u00fcnchen\u2019 (2x AZ-Stern der Woche) und \u2018I. Tanz-Tage M\u00fcnchen\u2019<\/li>\n<\/ul>\n\n\n\n<p class=\"has-normal-font-size\"><strong>Kurator verschiedener<\/strong> <strong>Exhibitions<\/strong>:<\/p>\n\n\n\n<ul class=\"wp-block-list\">\n<li>September 2025 FRAGEN AN EUROPA, Freiluftausstellung und Medienkonzept in der Fu\u00dfg\u00e4ngerzone der Berliner Friedrichstra\u00dfe (zusammen mit Candy Hartmann und Kristiyana Penava). Gef\u00f6rdert durch die Senatsverwaltung von Berlin. <\/li>\n\n\n\n<li>Mai\/ Juni 2024 FRAUEN EUROPAS | EUROPAS FRAUEN, Freiluftausstellung in der Fu\u00dfg\u00e4ngerzone der Berliner Friedrichstra\u00dfe (zusammen mit Candy Hartmann und Kristiyana Penava). Gef\u00f6rdert durch die Senatsverwaltung von Berlin. <\/li>\n\n\n\n<li>&#8218;VOM RONDELL ZUM BELLE ALLIANCE ZUM MEHRINGPLATZ&#8216; 2011-2018 (Galerie Friedrichstra\u00dfe 4, Berlin)<\/li>\n\n\n\n<li>\"Das Orakel von Berlin \u2013 Visonen beginnen mit Fragen\" and the exhibition 'History of the Mehringplatz of the Kreuzberg Art Office 2000 - 2010 (Galerie Friedrichstrasse 246, Berlin)<\/li>\n\n\n\n<li>\u2018<a href=\"https:\/\/bonger.de\/en\/events\/ausstellungen\/strichkunst\/\">Strichkunst<\/a> &#8211; Oranienburger Stra\u00dfe 03\u2019, Kunsthalle Oranienburger Stra\u00dfe, Berlin (ein Raum &#8211; ein Gem\u00e4lde &#8211; 3 Dimensionen)<\/li>\n\n\n\n<li><a href=\"http:\/\/www.kunstwinter-berlin\">ARTWINTER BERLIN<\/a> 02\/03 in der Friedrichstra\u00dfe 119 (Drei Monate Ausstellungen, Kunstaktionen, Partys zum Thema Stadtraum Friedrichstra\u00dfe. Schirmherr Kultursenator Thomas Flierl<\/li>\n\n\n\n<li>\u2018Das Orakel von Berlin &#8211; Tor zur Friedrichstrasse\u2019 im Rahmen der \u2018Schaustelle &#8211; Berlin offene Stadt 1999\u2019; <\/li>\n\n\n\n<li>\u2018<a href=\"http:\/\/H.R.Giger\">H.R. Giger\u2019<\/a> u.a. beim <a href=\"https:\/\/bonger.de\/en\/events\/festivals\/festival-der-sinne\/\">&#8222;Festival der Sinne&#8220;<\/a>, M\u00fcnchen 1992<\/li>\n<\/ul>\n\n\n\n<p class=\"has-normal-font-size\">Seit 1995 besch\u00e4ftigt sich Voges mit der <strong>Gestaltung von \u00f6ffentlichen R\u00e4umen<\/strong>. Daf\u00fcr gr\u00fcndete er zusammen mit der RA Kristijana Penava und anderen 1999 den <a href=\"http:\/\/www.kunstwelt-berlin.de\">KUNSTWELT e.V. BERLIN<\/a>, dem er bis 2018 vorsa\u00df. In diesem Zusammenhang engagierte er sich zusammen mit Penava f\u00fcr die Belange des Kiezes Mehringplatz am Halleschen Tor in Berlin. Der Verein wurde neben dem Mieterbeirat, Ansprechpartner und Vermittler f\u00fcr viele Belange der Anwohner und Gewerbetreibenden am Mehringplatz und legte den Grundstein f\u00fcr das <a href=\"http:\/\/www.qm-mehringplatz.info\">QUARTIERSMANAGEMENT AM MEHRINGPLATZ,<\/a> unter der Tr\u00e4gerschaft des KUNSTWELT e.V. BERLIN unter der Leitung von Frau Penava. Im Rahmen des QUARTIERSMANAGEMENTS wirkte Voges von 2013 bis 2018 in verschiedenen Gremien, wie des Quartiersrates und des Sanierungsbeirates S\u00fcdliche Friedrichstadt mit. 2014 wurde auf seine Initiative das Mural &#8222;Friedrichstra\u00dfe&#8220; des s\u00fcdamerikanischen K\u00fcnstlers Mao Mariano Goni in der Fu\u00dfg\u00e4ngerzone der Friedrichstra\u00dfe eingeweiht.<\/p>\n\n\n\n<p class=\"has-normal-font-size\">Von 2008 bis 2017 organisierte der Verein tempor\u00e4re Ausstellungen des PFAD DER VISION\u00c4RE in der Fu\u00dfg\u00e4ngerzone der Berliner Friedrichstra\u00dfe. Schirmherren: Frau Irina Bukowa, Generaldirektorin der UNESCO und Jean-Claude Junker, ehemaliger Pr\u00e4sident der Europ\u00e4ischen Kommission. <\/p>\n\n\n\n<p class=\"has-normal-font-size\">Mai 2022 er\u00f6ffnete die dauerhafte Version des europ\u00e4ischen Stadtkunstprojektes <a href=\"http:\/\/www.pfaddervisionaere.de\">Path of Visionaries<\/a> am gleichen Ort in Berlin. Der PFAD DER VISION\u00c4RE &#8211; ZEICHEN F\u00dcR EUROPA. Die damalige Regierenden B\u00fcrgermeisterin von Berlin Franzika Giffay \u00fcbernahm ebenfalls die Schirmherrschaft. Seitdem kuratiert und organisert Voges, rund um das Theme EU, zusammen mit Kritiyana Penava und Candy Hartmann verschiedene Ausstellungen vor Ort.  <\/p>\n\n\n\n<p class=\"has-normal-font-size\">Seit Mai 2021 arbeitet Voges mit vielen Mitstreitern an der Realisierung des von ihm entworfenen Landschaftskunstprojektes <a href=\"https:\/\/bonger.de\/en\/kunst-im-stadtraum\/das-orakel-von-ma%cc%88gdesprung\/\">THE ORACLE OF M\u00c4GDESPRUNG<\/a>. Unter seiner Leitung findet seitdem jede vierte Woche des Monats ein Workcamp mit Interessierten in M\u00e4gdesprung statt (www.das-orakel.eu). Er beteiligt sich an der Entwicklung M\u00e4gdesprungs zu einem einzigartigen Kulturdorf im Harz. 2026 ist in M\u00e4gdesprung eine gro\u00dfe Austellung zur Geschichte und den Planungen f\u00fcr M\u00e4gdesprung geplant.<\/p>\n\n\n\n<p><\/p>\n\n\n\n<figure class=\"wp-block-table\"><table><tbody><tr><td><\/td><td class=\"has-text-align-left\" data-align=\"left\"><\/td><\/tr><tr><td><\/td><td class=\"has-text-align-left\" data-align=\"left\"><\/td><\/tr><tr><td><\/td><td class=\"has-text-align-left\" data-align=\"left\"><\/td><\/tr><tr><td><\/td><td class=\"has-text-align-left\" data-align=\"left\"><\/td><\/tr><\/tbody><\/table><\/figure>\n\n\n\n<figure class=\"wp-block-table\"><table><tbody><tr><td class=\"has-text-align-left\" data-align=\"left\"><\/td><\/tr><\/tbody><\/table><\/figure>\n\n\n\n<figure class=\"wp-block-table\"><table><tbody><tr><td class=\"has-text-align-left\" data-align=\"left\"><br><br><\/td><\/tr><\/tbody><\/table><\/figure>\n\n\n\n<figure class=\"wp-block-table\"><table><tbody><tr><td class=\"has-text-align-left\" data-align=\"left\"><\/td><\/tr><\/tbody><\/table><\/figure>\n\n\n\n<figure class=\"wp-block-table\"><table><tbody><tr><td class=\"has-text-align-left\" data-align=\"left\"><\/td><\/tr><\/tbody><\/table><\/figure>","protected":false},"excerpt":{"rendered":"<p>Bonger Voges&nbsp;&#8211; Konzeptk\u00fcnstler, Choreograph, Coachgeboren in Einbeck, Niedersachsen, lebt in Berlin, M\u00fcnchen und M\u00e4gdesprung, Harz AKTUELL arbeitet Voges u.a. an der Realiesierung des Kunstkonzeptes DAS ORAKEL VON M\u00c4GDESPRUNG im Harz (www.das-orakel.eu) und der Entwicklung des Kunstdorfes M\u00e4gdesprung. In Berlin kuratiert er Ausstellungen zum Thema &#8222;Werte und Kulturen Europas&#8220; (mehr dazu s.u. und auf den entsprechenden [&hellip;]<\/p>\n","protected":false},"author":1,"featured_media":0,"parent":21,"menu_order":0,"comment_status":"closed","ping_status":"closed","template":"","meta":{"_acf_changed":false,"pgc_sgb_lightbox_settings":"","footnotes":""},"class_list":["post-72","page","type-page","status-publish","czr-hentry"],"acf":[],"yoast_head":"<!-- This site is optimized with the Yoast SEO plugin v27.3 - https:\/\/yoast.com\/product\/yoast-seo-wordpress\/ -->\n<title>Vitae -<\/title>\n<meta name=\"robots\" content=\"index, follow, max-snippet:-1, max-image-preview:large, max-video-preview:-1\" \/>\n<link rel=\"canonical\" href=\"https:\/\/bonger.de\/en\/bonger\/vitae\" \/>\n<meta property=\"og:locale\" content=\"en_GB\" \/>\n<meta property=\"og:type\" content=\"article\" \/>\n<meta property=\"og:title\" content=\"Vitae -\" \/>\n<meta property=\"og:description\" content=\"Bonger Voges&nbsp;&#8211; Konzeptk\u00fcnstler, Choreograph, Coachgeboren in Einbeck, Niedersachsen, lebt in Berlin, M\u00fcnchen und M\u00e4gdesprung, Harz AKTUELL arbeitet Voges u.a. an der Realiesierung des Kunstkonzeptes DAS ORAKEL VON M\u00c4GDESPRUNG im Harz (www.das-orakel.eu) und der Entwicklung des Kunstdorfes M\u00e4gdesprung. In Berlin kuratiert er Ausstellungen zum Thema &#8222;Werte und Kulturen Europas&#8220; (mehr dazu s.u. und auf den entsprechenden [&hellip;]\" \/>\n<meta property=\"og:url\" content=\"https:\/\/bonger.de\/en\/bonger\/vitae\" \/>\n<meta property=\"article:modified_time\" content=\"2025-05-05T12:10:37+00:00\" \/>\n<meta name=\"twitter:card\" content=\"summary_large_image\" \/>\n<meta name=\"twitter:label1\" content=\"Estimated reading time\" \/>\n\t<meta name=\"twitter:data1\" content=\"5 minutes\" \/>\n<script type=\"application\/ld+json\" class=\"yoast-schema-graph\">{\"@context\":\"https:\\\/\\\/schema.org\",\"@graph\":[{\"@type\":\"WebPage\",\"@id\":\"https:\\\/\\\/bonger.de\\\/en\\\/bonger\\\/vitae\",\"url\":\"https:\\\/\\\/bonger.de\\\/en\\\/bonger\\\/vitae\",\"name\":\"Vitae -\",\"isPartOf\":{\"@id\":\"https:\\\/\\\/bonger.de\\\/#website\"},\"datePublished\":\"2021-05-04T07:53:05+00:00\",\"dateModified\":\"2025-05-05T12:10:37+00:00\",\"breadcrumb\":{\"@id\":\"https:\\\/\\\/bonger.de\\\/en\\\/bonger\\\/vitae#breadcrumb\"},\"inLanguage\":\"en-GB\",\"potentialAction\":[{\"@type\":\"ReadAction\",\"target\":[\"https:\\\/\\\/bonger.de\\\/en\\\/bonger\\\/vitae\"]}]},{\"@type\":\"BreadcrumbList\",\"@id\":\"https:\\\/\\\/bonger.de\\\/en\\\/bonger\\\/vitae#breadcrumb\",\"itemListElement\":[{\"@type\":\"ListItem\",\"position\":1,\"name\":\"Startseite\",\"item\":\"https:\\\/\\\/bonger.de\\\/\"},{\"@type\":\"ListItem\",\"position\":2,\"name\":\"Bonger\",\"item\":\"https:\\\/\\\/bonger.de\\\/bonger\"},{\"@type\":\"ListItem\",\"position\":3,\"name\":\"Vitae\"}]},{\"@type\":\"WebSite\",\"@id\":\"https:\\\/\\\/bonger.de\\\/#website\",\"url\":\"https:\\\/\\\/bonger.de\\\/\",\"name\":\"\",\"description\":\"\",\"potentialAction\":[{\"@type\":\"SearchAction\",\"target\":{\"@type\":\"EntryPoint\",\"urlTemplate\":\"https:\\\/\\\/bonger.de\\\/?s={search_term_string}\"},\"query-input\":{\"@type\":\"PropertyValueSpecification\",\"valueRequired\":true,\"valueName\":\"search_term_string\"}}],\"inLanguage\":\"en-GB\"}]}<\/script>\n<!-- \/ Yoast SEO plugin. -->","yoast_head_json":{"title":"Vitae -","robots":{"index":"index","follow":"follow","max-snippet":"max-snippet:-1","max-image-preview":"max-image-preview:large","max-video-preview":"max-video-preview:-1"},"canonical":"https:\/\/bonger.de\/en\/bonger\/vitae","og_locale":"en_GB","og_type":"article","og_title":"Vitae -","og_description":"Bonger Voges&nbsp;&#8211; Konzeptk\u00fcnstler, Choreograph, Coachgeboren in Einbeck, Niedersachsen, lebt in Berlin, M\u00fcnchen und M\u00e4gdesprung, Harz AKTUELL arbeitet Voges u.a. an der Realiesierung des Kunstkonzeptes DAS ORAKEL VON M\u00c4GDESPRUNG im Harz (www.das-orakel.eu) und der Entwicklung des Kunstdorfes M\u00e4gdesprung. In Berlin kuratiert er Ausstellungen zum Thema &#8222;Werte und Kulturen Europas&#8220; (mehr dazu s.u. und auf den entsprechenden [&hellip;]","og_url":"https:\/\/bonger.de\/en\/bonger\/vitae","article_modified_time":"2025-05-05T12:10:37+00:00","twitter_card":"summary_large_image","twitter_misc":{"Estimated reading time":"5 minutes"},"schema":{"@context":"https:\/\/schema.org","@graph":[{"@type":"WebPage","@id":"https:\/\/bonger.de\/en\/bonger\/vitae","url":"https:\/\/bonger.de\/en\/bonger\/vitae","name":"Vitae -","isPartOf":{"@id":"https:\/\/bonger.de\/#website"},"datePublished":"2021-05-04T07:53:05+00:00","dateModified":"2025-05-05T12:10:37+00:00","breadcrumb":{"@id":"https:\/\/bonger.de\/en\/bonger\/vitae#breadcrumb"},"inLanguage":"en-GB","potentialAction":[{"@type":"ReadAction","target":["https:\/\/bonger.de\/en\/bonger\/vitae"]}]},{"@type":"BreadcrumbList","@id":"https:\/\/bonger.de\/en\/bonger\/vitae#breadcrumb","itemListElement":[{"@type":"ListItem","position":1,"name":"Startseite","item":"https:\/\/bonger.de\/"},{"@type":"ListItem","position":2,"name":"Bonger","item":"https:\/\/bonger.de\/bonger"},{"@type":"ListItem","position":3,"name":"Vitae"}]},{"@type":"WebSite","@id":"https:\/\/bonger.de\/#website","url":"https:\/\/bonger.de\/","name":"","description":"","potentialAction":[{"@type":"SearchAction","target":{"@type":"EntryPoint","urlTemplate":"https:\/\/bonger.de\/?s={search_term_string}"},"query-input":{"@type":"PropertyValueSpecification","valueRequired":true,"valueName":"search_term_string"}}],"inLanguage":"en-GB"}]}},"rttpg_featured_image_url":null,"rttpg_author":{"display_name":"daniel","author_link":"https:\/\/bonger.de\/en\/author\/daniel"},"rttpg_comment":0,"rttpg_category":null,"rttpg_excerpt":"Bonger Voges&nbsp;&#8211; Konzeptk\u00fcnstler, Choreograph, Coachgeboren in Einbeck, Niedersachsen, lebt in Berlin, M\u00fcnchen und M\u00e4gdesprung, Harz AKTUELL arbeitet Voges u.a. an der Realiesierung des Kunstkonzeptes DAS ORAKEL VON M\u00c4GDESPRUNG im Harz (www.das-orakel.eu) und der Entwicklung des Kunstdorfes M\u00e4gdesprung. In Berlin kuratiert er Ausstellungen zum Thema &#8222;Werte und Kulturen Europas&#8220; (mehr dazu s.u. und auf den entsprechenden&hellip;","_links":{"self":[{"href":"https:\/\/bonger.de\/en\/wp-json\/wp\/v2\/pages\/72","targetHints":{"allow":["GET"]}}],"collection":[{"href":"https:\/\/bonger.de\/en\/wp-json\/wp\/v2\/pages"}],"about":[{"href":"https:\/\/bonger.de\/en\/wp-json\/wp\/v2\/types\/page"}],"author":[{"embeddable":true,"href":"https:\/\/bonger.de\/en\/wp-json\/wp\/v2\/users\/1"}],"replies":[{"embeddable":true,"href":"https:\/\/bonger.de\/en\/wp-json\/wp\/v2\/comments?post=72"}],"version-history":[{"count":36,"href":"https:\/\/bonger.de\/en\/wp-json\/wp\/v2\/pages\/72\/revisions"}],"predecessor-version":[{"id":2278,"href":"https:\/\/bonger.de\/en\/wp-json\/wp\/v2\/pages\/72\/revisions\/2278"}],"up":[{"embeddable":true,"href":"https:\/\/bonger.de\/en\/wp-json\/wp\/v2\/pages\/21"}],"wp:attachment":[{"href":"https:\/\/bonger.de\/en\/wp-json\/wp\/v2\/media?parent=72"}],"curies":[{"name":"wp","href":"https:\/\/api.w.org\/{rel}","templated":true}]}}