{"id":89,"date":"2021-05-04T08:00:47","date_gmt":"2021-05-04T08:00:47","guid":{"rendered":"http:\/\/www.bonger.de\/?page_id=89"},"modified":"2021-10-08T07:28:33","modified_gmt":"2021-10-08T07:28:33","slug":"die-wilde-jagd","status":"publish","type":"page","link":"https:\/\/bonger.de\/en\/events\/workshops\/die-wilde-jagd","title":{"rendered":"THE WILD HUNT (DIE WILDE JAGT)"},"content":{"rendered":"<h2 class=\"wp-block-heading\"><strong>powerfully beguiling<\/strong><\/h2>\n\n\n\n<p><strong>Play fight \/ playful scuffle \/ rough body play <\/strong><\/p>\n\n\n\n<p>Powerful movement of male and female energies.<br>The art of overpowering.<br>We work with techniques that allow \"danger-free\" scuffling with each other.<br>In this work, regardless of gender, incredible energies are released.<br>You feel more confident, present and integrate a powerful sense of life from yourself. <br>Your communication with others becomes more powerful and expressive. <br>You learn to redefine your boundaries and break down resistance.<\/p>\n\n\n\n<p>THE WILD HUNT takes place in several levels and is divided into beginner, advanced and professional. <br>THE WILD HUNT can release many blockages. An individual consultation takes place before participation.<br>THE WILD HUNT is suitable for body-conscious amateurs as well as for dancers, actors and therapists.<\/p>\n\n\n\n<blockquote class=\"wp-block-quote is-layout-flow wp-block-quote-is-layout-flow\"><p>\"THE WILD HUNT is the absolute highlight. Nothing can compare to it and nothing can beat it!\"<br>\"As a fan of your successful combination of style and play, of sophistication and primeval drives, and consequently a frequent guest, I look forward to the next dimension.\"<\/p><cite>Tim and Gaby<\/cite><\/blockquote>","protected":false},"excerpt":{"rendered":"<p>gewaltig bet\u00f6rend play fight \/ spielerisches Raufen \/ rough body play Kraftvolles Bewegen m\u00e4nnlicher und weiblicher Energien.Die Kunst der \u00dcberw\u00e4ltigung.Wir arbeiten mit Techniken, welche das \u201egefahrlose\u201c miteinander Raufen zulassen.Bei dieser Arbeit werden, unabh\u00e4ngig vom Geschlecht, unglaubliche Energien freigesetzt.Du f\u00fchlst dich selbstbewusster, pr\u00e4sent und integrierst ein kraftvolles Lebensgef\u00fchl von dir selbst. Deine Kommunikation zu anderen wird [&hellip;]<\/p>\n","protected":false},"author":1,"featured_media":1000,"parent":28,"menu_order":5,"comment_status":"closed","ping_status":"closed","template":"topmenu-page.php","meta":{"_acf_changed":false,"pgc_sgb_lightbox_settings":"","footnotes":""},"class_list":["post-89","page","type-page","status-publish","has-post-thumbnail","czr-hentry"],"acf":[],"yoast_head":"<!-- This site is optimized with the Yoast SEO plugin v27.3 - https:\/\/yoast.com\/product\/yoast-seo-wordpress\/ -->\n<title>Die wilde Jagd -<\/title>\n<meta name=\"robots\" content=\"index, follow, max-snippet:-1, max-image-preview:large, max-video-preview:-1\" \/>\n<link rel=\"canonical\" href=\"https:\/\/bonger.de\/en\/events\/workshops\/die-wilde-jagd\/\" \/>\n<meta property=\"og:locale\" content=\"en_GB\" \/>\n<meta property=\"og:type\" content=\"article\" \/>\n<meta property=\"og:title\" content=\"Die wilde Jagd -\" \/>\n<meta property=\"og:description\" content=\"gewaltig bet\u00f6rend play fight \/ spielerisches Raufen \/ rough body play Kraftvolles Bewegen m\u00e4nnlicher und weiblicher Energien.Die Kunst der \u00dcberw\u00e4ltigung.Wir arbeiten mit Techniken, welche das \u201egefahrlose\u201c miteinander Raufen zulassen.Bei dieser Arbeit werden, unabh\u00e4ngig vom Geschlecht, unglaubliche Energien freigesetzt.Du f\u00fchlst dich selbstbewusster, pr\u00e4sent und integrierst ein kraftvolles Lebensgef\u00fchl von dir selbst. Deine Kommunikation zu anderen wird [&hellip;]\" \/>\n<meta property=\"og:url\" content=\"https:\/\/bonger.de\/en\/events\/workshops\/die-wilde-jagd\/\" \/>\n<meta property=\"article:modified_time\" content=\"2021-10-08T07:28:33+00:00\" \/>\n<meta property=\"og:image\" content=\"https:\/\/bonger.de\/wp-content\/uploads\/2021\/05\/MRpola24-2-scaled.jpg\" \/>\n\t<meta property=\"og:image:width\" content=\"2560\" \/>\n\t<meta property=\"og:image:height\" content=\"1969\" \/>\n\t<meta property=\"og:image:type\" content=\"image\/jpeg\" \/>\n<meta name=\"twitter:card\" content=\"summary_large_image\" \/>\n<meta name=\"twitter:label1\" content=\"Estimated reading time\" \/>\n\t<meta name=\"twitter:data1\" content=\"1 minute\" \/>\n<script type=\"application\/ld+json\" class=\"yoast-schema-graph\">{\"@context\":\"https:\\\/\\\/schema.org\",\"@graph\":[{\"@type\":\"WebPage\",\"@id\":\"https:\\\/\\\/bonger.de\\\/events\\\/workshops\\\/die-wilde-jagd\",\"url\":\"https:\\\/\\\/bonger.de\\\/events\\\/workshops\\\/die-wilde-jagd\",\"name\":\"Die wilde Jagd -\",\"isPartOf\":{\"@id\":\"https:\\\/\\\/bonger.de\\\/#website\"},\"primaryImageOfPage\":{\"@id\":\"https:\\\/\\\/bonger.de\\\/events\\\/workshops\\\/die-wilde-jagd#primaryimage\"},\"image\":{\"@id\":\"https:\\\/\\\/bonger.de\\\/events\\\/workshops\\\/die-wilde-jagd#primaryimage\"},\"thumbnailUrl\":\"https:\\\/\\\/bonger.de\\\/wp-content\\\/uploads\\\/2021\\\/05\\\/MRpola24-2-scaled.jpg\",\"datePublished\":\"2021-05-04T08:00:47+00:00\",\"dateModified\":\"2021-10-08T07:28:33+00:00\",\"breadcrumb\":{\"@id\":\"https:\\\/\\\/bonger.de\\\/events\\\/workshops\\\/die-wilde-jagd#breadcrumb\"},\"inLanguage\":\"en-GB\",\"potentialAction\":[{\"@type\":\"ReadAction\",\"target\":[\"https:\\\/\\\/bonger.de\\\/events\\\/workshops\\\/die-wilde-jagd\"]}]},{\"@type\":\"ImageObject\",\"inLanguage\":\"en-GB\",\"@id\":\"https:\\\/\\\/bonger.de\\\/events\\\/workshops\\\/die-wilde-jagd#primaryimage\",\"url\":\"https:\\\/\\\/bonger.de\\\/wp-content\\\/uploads\\\/2021\\\/05\\\/MRpola24-2-scaled.jpg\",\"contentUrl\":\"https:\\\/\\\/bonger.de\\\/wp-content\\\/uploads\\\/2021\\\/05\\\/MRpola24-2-scaled.jpg\",\"width\":2560,\"height\":1969,\"caption\":\"Die Wilde Jagd\"},{\"@type\":\"BreadcrumbList\",\"@id\":\"https:\\\/\\\/bonger.de\\\/events\\\/workshops\\\/die-wilde-jagd#breadcrumb\",\"itemListElement\":[{\"@type\":\"ListItem\",\"position\":1,\"name\":\"Startseite\",\"item\":\"https:\\\/\\\/bonger.de\\\/\"},{\"@type\":\"ListItem\",\"position\":2,\"name\":\"Events\",\"item\":\"https:\\\/\\\/bonger.de\\\/events\"},{\"@type\":\"ListItem\",\"position\":3,\"name\":\"Workshops\",\"item\":\"https:\\\/\\\/bonger.de\\\/events\\\/workshops\"},{\"@type\":\"ListItem\",\"position\":4,\"name\":\"Die wilde Jagd\"}]},{\"@type\":\"WebSite\",\"@id\":\"https:\\\/\\\/bonger.de\\\/#website\",\"url\":\"https:\\\/\\\/bonger.de\\\/\",\"name\":\"\",\"description\":\"\",\"potentialAction\":[{\"@type\":\"SearchAction\",\"target\":{\"@type\":\"EntryPoint\",\"urlTemplate\":\"https:\\\/\\\/bonger.de\\\/?s={search_term_string}\"},\"query-input\":{\"@type\":\"PropertyValueSpecification\",\"valueRequired\":true,\"valueName\":\"search_term_string\"}}],\"inLanguage\":\"en-GB\"}]}<\/script>\n<!-- \/ Yoast SEO plugin. -->","yoast_head_json":{"title":"Die wilde Jagd -","robots":{"index":"index","follow":"follow","max-snippet":"max-snippet:-1","max-image-preview":"max-image-preview:large","max-video-preview":"max-video-preview:-1"},"canonical":"https:\/\/bonger.de\/en\/events\/workshops\/die-wilde-jagd\/","og_locale":"en_GB","og_type":"article","og_title":"Die wilde Jagd -","og_description":"gewaltig bet\u00f6rend play fight \/ spielerisches Raufen \/ rough body play Kraftvolles Bewegen m\u00e4nnlicher und weiblicher Energien.Die Kunst der \u00dcberw\u00e4ltigung.Wir arbeiten mit Techniken, welche das \u201egefahrlose\u201c miteinander Raufen zulassen.Bei dieser Arbeit werden, unabh\u00e4ngig vom Geschlecht, unglaubliche Energien freigesetzt.Du f\u00fchlst dich selbstbewusster, pr\u00e4sent und integrierst ein kraftvolles Lebensgef\u00fchl von dir selbst. Deine Kommunikation zu anderen wird [&hellip;]","og_url":"https:\/\/bonger.de\/en\/events\/workshops\/die-wilde-jagd\/","article_modified_time":"2021-10-08T07:28:33+00:00","og_image":[{"width":2560,"height":1969,"url":"https:\/\/bonger.de\/wp-content\/uploads\/2021\/05\/MRpola24-2-scaled.jpg","type":"image\/jpeg"}],"twitter_card":"summary_large_image","twitter_misc":{"Estimated reading time":"1 minute"},"schema":{"@context":"https:\/\/schema.org","@graph":[{"@type":"WebPage","@id":"https:\/\/bonger.de\/events\/workshops\/die-wilde-jagd","url":"https:\/\/bonger.de\/events\/workshops\/die-wilde-jagd","name":"Die wilde Jagd -","isPartOf":{"@id":"https:\/\/bonger.de\/#website"},"primaryImageOfPage":{"@id":"https:\/\/bonger.de\/events\/workshops\/die-wilde-jagd#primaryimage"},"image":{"@id":"https:\/\/bonger.de\/events\/workshops\/die-wilde-jagd#primaryimage"},"thumbnailUrl":"https:\/\/bonger.de\/wp-content\/uploads\/2021\/05\/MRpola24-2-scaled.jpg","datePublished":"2021-05-04T08:00:47+00:00","dateModified":"2021-10-08T07:28:33+00:00","breadcrumb":{"@id":"https:\/\/bonger.de\/events\/workshops\/die-wilde-jagd#breadcrumb"},"inLanguage":"en-GB","potentialAction":[{"@type":"ReadAction","target":["https:\/\/bonger.de\/events\/workshops\/die-wilde-jagd"]}]},{"@type":"ImageObject","inLanguage":"en-GB","@id":"https:\/\/bonger.de\/events\/workshops\/die-wilde-jagd#primaryimage","url":"https:\/\/bonger.de\/wp-content\/uploads\/2021\/05\/MRpola24-2-scaled.jpg","contentUrl":"https:\/\/bonger.de\/wp-content\/uploads\/2021\/05\/MRpola24-2-scaled.jpg","width":2560,"height":1969,"caption":"Die Wilde Jagd"},{"@type":"BreadcrumbList","@id":"https:\/\/bonger.de\/events\/workshops\/die-wilde-jagd#breadcrumb","itemListElement":[{"@type":"ListItem","position":1,"name":"Startseite","item":"https:\/\/bonger.de\/"},{"@type":"ListItem","position":2,"name":"Events","item":"https:\/\/bonger.de\/events"},{"@type":"ListItem","position":3,"name":"Workshops","item":"https:\/\/bonger.de\/events\/workshops"},{"@type":"ListItem","position":4,"name":"Die wilde Jagd"}]},{"@type":"WebSite","@id":"https:\/\/bonger.de\/#website","url":"https:\/\/bonger.de\/","name":"","description":"","potentialAction":[{"@type":"SearchAction","target":{"@type":"EntryPoint","urlTemplate":"https:\/\/bonger.de\/?s={search_term_string}"},"query-input":{"@type":"PropertyValueSpecification","valueRequired":true,"valueName":"search_term_string"}}],"inLanguage":"en-GB"}]}},"rttpg_featured_image_url":{"full":["https:\/\/bonger.de\/wp-content\/uploads\/2021\/05\/MRpola24-2-scaled.jpg",2560,1969,false],"landscape":["https:\/\/bonger.de\/wp-content\/uploads\/2021\/05\/MRpola24-2-scaled.jpg",2560,1969,false],"portraits":["https:\/\/bonger.de\/wp-content\/uploads\/2021\/05\/MRpola24-2-scaled.jpg",2560,1969,false],"thumbnail":["https:\/\/bonger.de\/wp-content\/uploads\/2021\/05\/MRpola24-2-150x150.jpg",150,150,true],"medium":["https:\/\/bonger.de\/wp-content\/uploads\/2021\/05\/MRpola24-2-300x231.jpg",300,231,true],"large":["https:\/\/bonger.de\/wp-content\/uploads\/2021\/05\/MRpola24-2-1024x788.jpg",1024,788,true],"1536x1536":["https:\/\/bonger.de\/wp-content\/uploads\/2021\/05\/MRpola24-2-1536x1182.jpg",1536,1182,true],"2048x2048":["https:\/\/bonger.de\/wp-content\/uploads\/2021\/05\/MRpola24-2-2048x1575.jpg",2048,1575,true],"trp-custom-language-flag":["https:\/\/bonger.de\/wp-content\/uploads\/2021\/05\/MRpola24-2-scaled.jpg",16,12,false],"tc-grid-full":["https:\/\/bonger.de\/wp-content\/uploads\/2021\/05\/MRpola24-2-1110x444.jpg",1110,444,true],"tc-grid":["https:\/\/bonger.de\/wp-content\/uploads\/2021\/05\/MRpola24-2-570x350.jpg",570,350,true],"tc-thumb":["https:\/\/bonger.de\/wp-content\/uploads\/2021\/05\/MRpola24-2-270x250.jpg",270,250,true],"slider-full":["https:\/\/bonger.de\/wp-content\/uploads\/2021\/05\/MRpola24-2-4524x500.jpg",4524,500,true],"slider":["https:\/\/bonger.de\/wp-content\/uploads\/2021\/05\/MRpola24-2-1110x500.jpg",1110,500,true],"tc-sq-thumb":["https:\/\/bonger.de\/wp-content\/uploads\/2021\/05\/MRpola24-2-510x510.jpg",510,510,true],"tc-ws-thumb":["https:\/\/bonger.de\/wp-content\/uploads\/2021\/05\/MRpola24-2-1110x624.jpg",1110,624,true],"tc-ws-small-thumb":["https:\/\/bonger.de\/wp-content\/uploads\/2021\/05\/MRpola24-2-528x297.jpg",528,297,true],"tc-slider-small":["https:\/\/bonger.de\/wp-content\/uploads\/2021\/05\/MRpola24-2-517x235.jpg",517,235,true]},"rttpg_author":{"display_name":"daniel","author_link":"https:\/\/bonger.de\/en\/author\/daniel"},"rttpg_comment":0,"rttpg_category":null,"rttpg_excerpt":"gewaltig bet\u00f6rend play fight \/ spielerisches Raufen \/ rough body play Kraftvolles Bewegen m\u00e4nnlicher und weiblicher Energien.Die Kunst der \u00dcberw\u00e4ltigung.Wir arbeiten mit Techniken, welche das \u201egefahrlose\u201c miteinander Raufen zulassen.Bei dieser Arbeit werden, unabh\u00e4ngig vom Geschlecht, unglaubliche Energien freigesetzt.Du f\u00fchlst dich selbstbewusster, pr\u00e4sent und integrierst ein kraftvolles Lebensgef\u00fchl von dir selbst. Deine Kommunikation zu anderen wird&hellip;","_links":{"self":[{"href":"https:\/\/bonger.de\/en\/wp-json\/wp\/v2\/pages\/89","targetHints":{"allow":["GET"]}}],"collection":[{"href":"https:\/\/bonger.de\/en\/wp-json\/wp\/v2\/pages"}],"about":[{"href":"https:\/\/bonger.de\/en\/wp-json\/wp\/v2\/types\/page"}],"author":[{"embeddable":true,"href":"https:\/\/bonger.de\/en\/wp-json\/wp\/v2\/users\/1"}],"replies":[{"embeddable":true,"href":"https:\/\/bonger.de\/en\/wp-json\/wp\/v2\/comments?post=89"}],"version-history":[{"count":8,"href":"https:\/\/bonger.de\/en\/wp-json\/wp\/v2\/pages\/89\/revisions"}],"predecessor-version":[{"id":1892,"href":"https:\/\/bonger.de\/en\/wp-json\/wp\/v2\/pages\/89\/revisions\/1892"}],"up":[{"embeddable":true,"href":"https:\/\/bonger.de\/en\/wp-json\/wp\/v2\/pages\/28"}],"wp:featuredmedia":[{"embeddable":true,"href":"https:\/\/bonger.de\/en\/wp-json\/wp\/v2\/media\/1000"}],"wp:attachment":[{"href":"https:\/\/bonger.de\/en\/wp-json\/wp\/v2\/media?parent=89"}],"curies":[{"name":"wp","href":"https:\/\/api.w.org\/{rel}","templated":true}]}}