{"id":91,"date":"2021-05-04T08:01:18","date_gmt":"2021-05-04T08:01:18","guid":{"rendered":"http:\/\/www.bonger.de\/?page_id=91"},"modified":"2021-10-08T07:28:03","modified_gmt":"2021-10-08T07:28:03","slug":"bewegungstheater","status":"publish","type":"page","link":"https:\/\/bonger.de\/en\/events\/workshops\/bewegungstheater","title":{"rendered":"Movement theater"},"content":{"rendered":"<h2 class=\"wp-block-heading\"><strong>Movement as expression<\/strong><\/h2>\n\n\n\n<p>Space and movement, human and object, stage presence, identities, choreography, creating a piece are anchor points of the workshop. <\/p>\n\n\n\n<p>In most cases, the workshops lead to concrete performances and art projects. <br>We develop individual keys to fill space and heart. <br>The principles of choreography, \"moving architecture\" are taught. <br>For my work of the natural movement of man and object, I coined the term \"sculptural dance\" early on. <br>This work forms the basis of my dance theater productions.<\/p>\n\n\n\n<p>The workshop is suitable for body-conscious laity people as well as for dancers and actors.<\/p>","protected":false},"excerpt":{"rendered":"<p>Bewegung als Ausdruck Raum und Bewegung, Mensch und Objekt, B\u00fchnenpr\u00e4senz, Identit\u00e4ten, Choreografie, ein St\u00fcck entwerfen sind Ankerpunkte des Workshops. Meist f\u00fchren die Workshops zu konkreten Performances und Kunstprojekten. Wir entwickeln individuelle Schl\u00fcssel, Raum und Herz zu f\u00fcllen. Die Grunds\u00e4tze von Choreografie, &#8222;bewegter Architektur&#8220; werden vermittelt. F\u00fcr meine Arbeit der nat\u00fcrlichen Bewegung vom Mensch und Objekt [&hellip;]<\/p>\n","protected":false},"author":1,"featured_media":984,"parent":28,"menu_order":4,"comment_status":"closed","ping_status":"closed","template":"topmenu-page.php","meta":{"_acf_changed":false,"pgc_sgb_lightbox_settings":"","footnotes":""},"class_list":["post-91","page","type-page","status-publish","has-post-thumbnail","czr-hentry"],"acf":[],"yoast_head":"<!-- This site is optimized with the Yoast SEO plugin v27.3 - https:\/\/yoast.com\/product\/yoast-seo-wordpress\/ -->\n<title>Bewegungstheater -<\/title>\n<meta name=\"robots\" content=\"index, follow, max-snippet:-1, max-image-preview:large, max-video-preview:-1\" \/>\n<link rel=\"canonical\" href=\"https:\/\/bonger.de\/en\/events\/workshops\/bewegungstheater\" \/>\n<meta property=\"og:locale\" content=\"en_GB\" \/>\n<meta property=\"og:type\" content=\"article\" \/>\n<meta property=\"og:title\" content=\"Bewegungstheater -\" \/>\n<meta property=\"og:description\" content=\"Bewegung als Ausdruck Raum und Bewegung, Mensch und Objekt, B\u00fchnenpr\u00e4senz, Identit\u00e4ten, Choreografie, ein St\u00fcck entwerfen sind Ankerpunkte des Workshops. Meist f\u00fchren die Workshops zu konkreten Performances und Kunstprojekten. Wir entwickeln individuelle Schl\u00fcssel, Raum und Herz zu f\u00fcllen. Die Grunds\u00e4tze von Choreografie, &#8222;bewegter Architektur&#8220; werden vermittelt. F\u00fcr meine Arbeit der nat\u00fcrlichen Bewegung vom Mensch und Objekt [&hellip;]\" \/>\n<meta property=\"og:url\" content=\"https:\/\/bonger.de\/en\/events\/workshops\/bewegungstheater\" \/>\n<meta property=\"article:modified_time\" content=\"2021-10-08T07:28:03+00:00\" \/>\n<meta property=\"og:image\" content=\"https:\/\/bonger.de\/wp-content\/uploads\/2021\/05\/Wiener10-scaled.jpg\" \/>\n\t<meta property=\"og:image:width\" content=\"1856\" \/>\n\t<meta property=\"og:image:height\" content=\"2560\" \/>\n\t<meta property=\"og:image:type\" content=\"image\/jpeg\" \/>\n<meta name=\"twitter:card\" content=\"summary_large_image\" \/>\n<meta name=\"twitter:label1\" content=\"Estimated reading time\" \/>\n\t<meta name=\"twitter:data1\" content=\"1 minute\" \/>\n<script type=\"application\/ld+json\" class=\"yoast-schema-graph\">{\"@context\":\"https:\\\/\\\/schema.org\",\"@graph\":[{\"@type\":\"WebPage\",\"@id\":\"https:\\\/\\\/bonger.de\\\/en\\\/events\\\/workshops\\\/bewegungstheater\",\"url\":\"https:\\\/\\\/bonger.de\\\/en\\\/events\\\/workshops\\\/bewegungstheater\",\"name\":\"Bewegungstheater -\",\"isPartOf\":{\"@id\":\"https:\\\/\\\/bonger.de\\\/#website\"},\"primaryImageOfPage\":{\"@id\":\"https:\\\/\\\/bonger.de\\\/en\\\/events\\\/workshops\\\/bewegungstheater#primaryimage\"},\"image\":{\"@id\":\"https:\\\/\\\/bonger.de\\\/en\\\/events\\\/workshops\\\/bewegungstheater#primaryimage\"},\"thumbnailUrl\":\"https:\\\/\\\/bonger.de\\\/wp-content\\\/uploads\\\/2021\\\/05\\\/Wiener10-scaled.jpg\",\"datePublished\":\"2021-05-04T08:01:18+00:00\",\"dateModified\":\"2021-10-08T07:28:03+00:00\",\"breadcrumb\":{\"@id\":\"https:\\\/\\\/bonger.de\\\/en\\\/events\\\/workshops\\\/bewegungstheater#breadcrumb\"},\"inLanguage\":\"en-GB\",\"potentialAction\":[{\"@type\":\"ReadAction\",\"target\":[\"https:\\\/\\\/bonger.de\\\/en\\\/events\\\/workshops\\\/bewegungstheater\"]}]},{\"@type\":\"ImageObject\",\"inLanguage\":\"en-GB\",\"@id\":\"https:\\\/\\\/bonger.de\\\/en\\\/events\\\/workshops\\\/bewegungstheater#primaryimage\",\"url\":\"https:\\\/\\\/bonger.de\\\/wp-content\\\/uploads\\\/2021\\\/05\\\/Wiener10-scaled.jpg\",\"contentUrl\":\"https:\\\/\\\/bonger.de\\\/wp-content\\\/uploads\\\/2021\\\/05\\\/Wiener10-scaled.jpg\",\"width\":1856,\"height\":2560,\"caption\":\"WIENER Magazin M\u00e4rz87\"},{\"@type\":\"BreadcrumbList\",\"@id\":\"https:\\\/\\\/bonger.de\\\/en\\\/events\\\/workshops\\\/bewegungstheater#breadcrumb\",\"itemListElement\":[{\"@type\":\"ListItem\",\"position\":1,\"name\":\"Startseite\",\"item\":\"https:\\\/\\\/bonger.de\\\/\"},{\"@type\":\"ListItem\",\"position\":2,\"name\":\"Events\",\"item\":\"https:\\\/\\\/bonger.de\\\/events\"},{\"@type\":\"ListItem\",\"position\":3,\"name\":\"Workshops\",\"item\":\"https:\\\/\\\/bonger.de\\\/events\\\/workshops\"},{\"@type\":\"ListItem\",\"position\":4,\"name\":\"Bewegungstheater\"}]},{\"@type\":\"WebSite\",\"@id\":\"https:\\\/\\\/bonger.de\\\/#website\",\"url\":\"https:\\\/\\\/bonger.de\\\/\",\"name\":\"\",\"description\":\"\",\"potentialAction\":[{\"@type\":\"SearchAction\",\"target\":{\"@type\":\"EntryPoint\",\"urlTemplate\":\"https:\\\/\\\/bonger.de\\\/?s={search_term_string}\"},\"query-input\":{\"@type\":\"PropertyValueSpecification\",\"valueRequired\":true,\"valueName\":\"search_term_string\"}}],\"inLanguage\":\"en-GB\"}]}<\/script>\n<!-- \/ Yoast SEO plugin. -->","yoast_head_json":{"title":"Bewegungstheater -","robots":{"index":"index","follow":"follow","max-snippet":"max-snippet:-1","max-image-preview":"max-image-preview:large","max-video-preview":"max-video-preview:-1"},"canonical":"https:\/\/bonger.de\/en\/events\/workshops\/bewegungstheater","og_locale":"en_GB","og_type":"article","og_title":"Bewegungstheater -","og_description":"Bewegung als Ausdruck Raum und Bewegung, Mensch und Objekt, B\u00fchnenpr\u00e4senz, Identit\u00e4ten, Choreografie, ein St\u00fcck entwerfen sind Ankerpunkte des Workshops. Meist f\u00fchren die Workshops zu konkreten Performances und Kunstprojekten. Wir entwickeln individuelle Schl\u00fcssel, Raum und Herz zu f\u00fcllen. Die Grunds\u00e4tze von Choreografie, &#8222;bewegter Architektur&#8220; werden vermittelt. F\u00fcr meine Arbeit der nat\u00fcrlichen Bewegung vom Mensch und Objekt [&hellip;]","og_url":"https:\/\/bonger.de\/en\/events\/workshops\/bewegungstheater","article_modified_time":"2021-10-08T07:28:03+00:00","og_image":[{"width":1856,"height":2560,"url":"https:\/\/bonger.de\/wp-content\/uploads\/2021\/05\/Wiener10-scaled.jpg","type":"image\/jpeg"}],"twitter_card":"summary_large_image","twitter_misc":{"Estimated reading time":"1 minute"},"schema":{"@context":"https:\/\/schema.org","@graph":[{"@type":"WebPage","@id":"https:\/\/bonger.de\/en\/events\/workshops\/bewegungstheater","url":"https:\/\/bonger.de\/en\/events\/workshops\/bewegungstheater","name":"Bewegungstheater -","isPartOf":{"@id":"https:\/\/bonger.de\/#website"},"primaryImageOfPage":{"@id":"https:\/\/bonger.de\/en\/events\/workshops\/bewegungstheater#primaryimage"},"image":{"@id":"https:\/\/bonger.de\/en\/events\/workshops\/bewegungstheater#primaryimage"},"thumbnailUrl":"https:\/\/bonger.de\/wp-content\/uploads\/2021\/05\/Wiener10-scaled.jpg","datePublished":"2021-05-04T08:01:18+00:00","dateModified":"2021-10-08T07:28:03+00:00","breadcrumb":{"@id":"https:\/\/bonger.de\/en\/events\/workshops\/bewegungstheater#breadcrumb"},"inLanguage":"en-GB","potentialAction":[{"@type":"ReadAction","target":["https:\/\/bonger.de\/en\/events\/workshops\/bewegungstheater"]}]},{"@type":"ImageObject","inLanguage":"en-GB","@id":"https:\/\/bonger.de\/en\/events\/workshops\/bewegungstheater#primaryimage","url":"https:\/\/bonger.de\/wp-content\/uploads\/2021\/05\/Wiener10-scaled.jpg","contentUrl":"https:\/\/bonger.de\/wp-content\/uploads\/2021\/05\/Wiener10-scaled.jpg","width":1856,"height":2560,"caption":"WIENER Magazin M\u00e4rz87"},{"@type":"BreadcrumbList","@id":"https:\/\/bonger.de\/en\/events\/workshops\/bewegungstheater#breadcrumb","itemListElement":[{"@type":"ListItem","position":1,"name":"Startseite","item":"https:\/\/bonger.de\/"},{"@type":"ListItem","position":2,"name":"Events","item":"https:\/\/bonger.de\/events"},{"@type":"ListItem","position":3,"name":"Workshops","item":"https:\/\/bonger.de\/events\/workshops"},{"@type":"ListItem","position":4,"name":"Bewegungstheater"}]},{"@type":"WebSite","@id":"https:\/\/bonger.de\/#website","url":"https:\/\/bonger.de\/","name":"","description":"","potentialAction":[{"@type":"SearchAction","target":{"@type":"EntryPoint","urlTemplate":"https:\/\/bonger.de\/?s={search_term_string}"},"query-input":{"@type":"PropertyValueSpecification","valueRequired":true,"valueName":"search_term_string"}}],"inLanguage":"en-GB"}]}},"rttpg_featured_image_url":{"full":["https:\/\/bonger.de\/wp-content\/uploads\/2021\/05\/Wiener10-scaled.jpg",1856,2560,false],"landscape":["https:\/\/bonger.de\/wp-content\/uploads\/2021\/05\/Wiener10-scaled.jpg",1856,2560,false],"portraits":["https:\/\/bonger.de\/wp-content\/uploads\/2021\/05\/Wiener10-scaled.jpg",1856,2560,false],"thumbnail":["https:\/\/bonger.de\/wp-content\/uploads\/2021\/05\/Wiener10-150x150.jpg",150,150,true],"medium":["https:\/\/bonger.de\/wp-content\/uploads\/2021\/05\/Wiener10-218x300.jpg",218,300,true],"large":["https:\/\/bonger.de\/wp-content\/uploads\/2021\/05\/Wiener10-743x1024.jpg",743,1024,true],"1536x1536":["https:\/\/bonger.de\/wp-content\/uploads\/2021\/05\/Wiener10-1114x1536.jpg",1114,1536,true],"2048x2048":["https:\/\/bonger.de\/wp-content\/uploads\/2021\/05\/Wiener10-1485x2048.jpg",1485,2048,true],"trp-custom-language-flag":["https:\/\/bonger.de\/wp-content\/uploads\/2021\/05\/Wiener10-scaled.jpg",9,12,false],"tc-grid-full":["https:\/\/bonger.de\/wp-content\/uploads\/2021\/05\/Wiener10-1110x444.jpg",1110,444,true],"tc-grid":["https:\/\/bonger.de\/wp-content\/uploads\/2021\/05\/Wiener10-570x350.jpg",570,350,true],"tc-thumb":["https:\/\/bonger.de\/wp-content\/uploads\/2021\/05\/Wiener10-270x250.jpg",270,250,true],"slider-full":["https:\/\/bonger.de\/wp-content\/uploads\/2021\/05\/Wiener10-2000x500.jpg",2000,500,true],"slider":["https:\/\/bonger.de\/wp-content\/uploads\/2021\/05\/Wiener10-1110x500.jpg",1110,500,true],"tc-sq-thumb":["https:\/\/bonger.de\/wp-content\/uploads\/2021\/05\/Wiener10-510x510.jpg",510,510,true],"tc-ws-thumb":["https:\/\/bonger.de\/wp-content\/uploads\/2021\/05\/Wiener10-1110x624.jpg",1110,624,true],"tc-ws-small-thumb":["https:\/\/bonger.de\/wp-content\/uploads\/2021\/05\/Wiener10-528x297.jpg",528,297,true],"tc-slider-small":["https:\/\/bonger.de\/wp-content\/uploads\/2021\/05\/Wiener10-517x235.jpg",517,235,true]},"rttpg_author":{"display_name":"daniel","author_link":"https:\/\/bonger.de\/en\/author\/daniel"},"rttpg_comment":0,"rttpg_category":null,"rttpg_excerpt":"Bewegung als Ausdruck Raum und Bewegung, Mensch und Objekt, B\u00fchnenpr\u00e4senz, Identit\u00e4ten, Choreografie, ein St\u00fcck entwerfen sind Ankerpunkte des Workshops. Meist f\u00fchren die Workshops zu konkreten Performances und Kunstprojekten. Wir entwickeln individuelle Schl\u00fcssel, Raum und Herz zu f\u00fcllen. Die Grunds\u00e4tze von Choreografie, &#8222;bewegter Architektur&#8220; werden vermittelt. F\u00fcr meine Arbeit der nat\u00fcrlichen Bewegung vom Mensch und Objekt&hellip;","_links":{"self":[{"href":"https:\/\/bonger.de\/en\/wp-json\/wp\/v2\/pages\/91","targetHints":{"allow":["GET"]}}],"collection":[{"href":"https:\/\/bonger.de\/en\/wp-json\/wp\/v2\/pages"}],"about":[{"href":"https:\/\/bonger.de\/en\/wp-json\/wp\/v2\/types\/page"}],"author":[{"embeddable":true,"href":"https:\/\/bonger.de\/en\/wp-json\/wp\/v2\/users\/1"}],"replies":[{"embeddable":true,"href":"https:\/\/bonger.de\/en\/wp-json\/wp\/v2\/comments?post=91"}],"version-history":[{"count":11,"href":"https:\/\/bonger.de\/en\/wp-json\/wp\/v2\/pages\/91\/revisions"}],"predecessor-version":[{"id":1890,"href":"https:\/\/bonger.de\/en\/wp-json\/wp\/v2\/pages\/91\/revisions\/1890"}],"up":[{"embeddable":true,"href":"https:\/\/bonger.de\/en\/wp-json\/wp\/v2\/pages\/28"}],"wp:featuredmedia":[{"embeddable":true,"href":"https:\/\/bonger.de\/en\/wp-json\/wp\/v2\/media\/984"}],"wp:attachment":[{"href":"https:\/\/bonger.de\/en\/wp-json\/wp\/v2\/media?parent=91"}],"curies":[{"name":"wp","href":"https:\/\/api.w.org\/{rel}","templated":true}]}}